{"id":11895,"date":"2024-11-12T09:15:42","date_gmt":"2024-11-12T08:15:42","guid":{"rendered":"https:\/\/metmark.hu\/?page_id=11895"},"modified":"2024-11-12T09:52:44","modified_gmt":"2024-11-12T08:52:44","slug":"ujdonsag-3d-design-lemezek","status":"publish","type":"page","link":"https:\/\/metmark.hu\/en\/ujdonsag-3d-design-lemezek\/","title":{"rendered":"\u00c1lomsz\u00e9p lemezek, vil\u00e1gsz\u00ednvonal\u00fa megold\u00e1sok &#8211; \u00fajdons\u00e1g a Metmark k\u00edn\u00e1lat\u00e1ban!"},"content":{"rendered":"<div class=\"fusion-fullwidth fullwidth-box fusion-builder-row-1 fusion-flex-container nonhundred-percent-fullwidth non-hundred-percent-height-scrolling\" style=\"background-color: rgba(255,255,255,0);background-position: center center;background-repeat: no-repeat;border-width: 0px 0px 0px 0px;border-color:#eae9e9;border-style:solid;\" ><div class=\"fusion-builder-row fusion-row fusion-flex-align-items-flex-start\" style=\"max-width:1216.8px;margin-left: calc(-4% \/ 2 );margin-right: calc(-4% \/ 2 );\"><div class=\"fusion-layout-column fusion_builder_column fusion-builder-column-0 fusion_builder_column_1_1 1_1 fusion-flex-column\"><div class=\"fusion-column-wrapper fusion-flex-justify-content-flex-start fusion-content-layout-column\" style=\"background-position:left top;background-repeat:no-repeat;-webkit-background-size:cover;-moz-background-size:cover;-o-background-size:cover;background-size:cover;padding: 0px 0px 0px 0px;\"><div class=\"fusion-text fusion-text-1\"><h1><strong>\u00c1lomsz\u00e9p lemezek, <\/strong><strong>vil\u00e1gsz\u00ednvonal\u00fa megold\u00e1sok<\/strong><\/h1>\n<p><strong>Bemutatjuk az Emboss Panels\u00a03D design lemezeket. Leny\u0171g\u00f6z\u0151 elegancia, amely kis \u00e9s nagy fel\u00fcleteken is \u00e9rv\u00e9nyes\u00fcl.<\/strong><\/p>\n<p>\u00daj term\u00e9kkel b\u0151v\u00fclt a Metmark Kft. sz\u00e9les k\u00edn\u00e1lata. A leg\u00fajabb \u00e9p\u00edt\u00e9szeti trendek kiszolg\u00e1l\u00e1s\u00e1hoz imm\u00e1r el\u00e9rhet\u0151ek palett\u00e1nkon a l\u00e1tv\u00e1nyos 3D nyomat\u00fa design f\u00e9mlemezek, melyek sz\u00e1mos egyedi konfigur\u00e1ci\u00f3ban rendelhet\u0151ek. A v\u00e1ltozatos nyomatmint\u00e1kon t\u00fal az alapanyagok, az el\u00e9rhet\u0151 sz\u00ednek vagy fel\u00fcletek sz\u00e9les sk\u00e1l\u00e1ja, \u00e9s az esetleges lyukaszt\u00e1sok is egyedileg v\u00e1laszthat\u00f3k. Ennek k\u00f6sz\u00f6nhet\u0151en testreszabhat\u00f3 megold\u00e1sokat k\u00edn\u00e1lunk minden felhaszn\u00e1l\u00e1si m\u00f3dhoz.<\/p>\n<p>Az \u00faj lemezek kit\u0171n\u0151en alkalmasak olyan dekor\u00e1ci\u00f3k l\u00e9trehoz\u00e1s\u00e1hoz, amelyek az exkluzivit\u00e1s \u00e9s a kifinomult \u00edzl\u00e9s megjelen\u00e9s\u00e9t t\u00fckr\u00f6zik vissza. Remek\u00fcl \u00e9rv\u00e9nyes\u00fclnek olyan eleg\u00e1ns k\u00f6rnyezetekben, mint p\u00e9ld\u00e1ul a hotelek, \u00e9ttermek, k\u00e1v\u00e9z\u00f3k, irodah\u00e1zak vagy \u00fczletek. Kis \u00e9s nagy fel\u00fcletek bor\u00edt\u00e1s\u00e1ra egyar\u00e1nt alkalmasak, \u00edgy p\u00e9ld\u00e1ul j\u00f3l szell\u0151z\u0151 homlokzatburkolatok kialak\u00edt\u00e1s\u00e1hoz is el\u0151szeretettel haszn\u00e1lj\u00e1k.<\/p>\n<p>A lemezek a legn\u00e9pszer\u0171bb alapanyagok (alum\u00ednium, ac\u00e9l, rozsdamentes ac\u00e9l) mellett v\u00f6r\u00f6s- \u00e9s s\u00e1rgar\u00e9z opci\u00f3kkal is rendelhet\u0151k. A teli lemezb\u0151l k\u00e9sz\u00fclt kivitel mellett biztos\u00edtjuk a perfor\u00e1lt, valamint bizonyos mint\u00e1k eset\u00e9n az expand\u00e1lt lehet\u0151s\u00e9get is.<\/p>\n<p>N\u00e9zze meg az el\u00e9rhet\u0151 mint\u00e1kat \u00e9s sz\u00edneket, \u00e9s inspir\u00e1l\u00f3djon a v\u00e1ltozatos felhaszn\u00e1l\u00e1si m\u00f3dokb\u00f3l ide kattintva:<\/p>\n<\/div><div ><style type=\"text\/css\">.fusion-button.button-1 {border-radius:5px;}<\/style><a class=\"fusion-button button-flat fusion-button-default-size button-default button-1 fusion-button-default-span fusion-button-default-type\" target=\"_self\" href=\"https:\/\/metmark.hu\/en\/3d-design-lemezek\/\"><span class=\"fusion-button-text\">Tov\u00e1bb a 3D design lemezekre<\/span><\/a><\/div><div class=\"fusion-image-carousel fusion-image-carousel-fixed fusion-carousel-border\"><div class=\"fusion-carousel\" data-autoplay=\"yes\" data-columns=\"6\" data-itemmargin=\"10\" data-itemwidth=\"180\" data-touchscroll=\"no\" data-imagesize=\"fixed\"><div class=\"fusion-carousel-positioner\"><ul class=\"fusion-carousel-holder\"><li class=\"fusion-carousel-item\"><div class=\"fusion-carousel-item-wrapper\"><div class=\"fusion-image-wrapper hover-type-none\"><img decoding=\"async\" width=\"320\" height=\"202\" src=\"https:\/\/metmark.hu\/wp-content\/uploads\/2024\/10\/emboss_5bb4c9e121c0a-320x202.jpg\" class=\"attachment-blog-medium size-blog-medium\" alt=\"\" \/><\/div><\/div><\/li><li class=\"fusion-carousel-item\"><div class=\"fusion-carousel-item-wrapper\"><div class=\"fusion-image-wrapper hover-type-none\"><img decoding=\"async\" width=\"320\" height=\"202\" src=\"https:\/\/metmark.hu\/wp-content\/uploads\/2024\/10\/emboss_62c2ee870b5e1-320x202.jpg\" class=\"attachment-blog-medium size-blog-medium\" alt=\"\" \/><\/div><\/div><\/li><li class=\"fusion-carousel-item\"><div class=\"fusion-carousel-item-wrapper\"><div class=\"fusion-image-wrapper hover-type-none\"><img decoding=\"async\" width=\"320\" height=\"202\" src=\"https:\/\/metmark.hu\/wp-content\/uploads\/2024\/10\/emboss_649d64d41014a-320x202.jpg\" class=\"attachment-blog-medium size-blog-medium\" alt=\"\" \/><\/div><\/div><\/li><li class=\"fusion-carousel-item\"><div class=\"fusion-carousel-item-wrapper\"><div class=\"fusion-image-wrapper hover-type-none\"><img decoding=\"async\" width=\"320\" height=\"202\" src=\"https:\/\/metmark.hu\/wp-content\/uploads\/2024\/10\/emboss_66227cacd4d70-1-320x202.jpg\" class=\"attachment-blog-medium size-blog-medium\" alt=\"\" \/><\/div><\/div><\/li><li class=\"fusion-carousel-item\"><div class=\"fusion-carousel-item-wrapper\"><div class=\"fusion-image-wrapper hover-type-none\"><img decoding=\"async\" width=\"320\" height=\"202\" src=\"https:\/\/metmark.hu\/wp-content\/uploads\/2024\/10\/emboss_5e25673e0fad7-1-320x202.jpg\" class=\"attachment-blog-medium size-blog-medium\" alt=\"\" \/><\/div><\/div><\/li><li class=\"fusion-carousel-item\"><div class=\"fusion-carousel-item-wrapper\"><div class=\"fusion-image-wrapper hover-type-none\"><img decoding=\"async\" width=\"320\" height=\"202\" src=\"https:\/\/metmark.hu\/wp-content\/uploads\/2024\/10\/emboss_6495bc30892a2-320x202.jpg\" class=\"attachment-blog-medium size-blog-medium\" alt=\"\" \/><\/div><\/div><\/li><li class=\"fusion-carousel-item\"><div class=\"fusion-carousel-item-wrapper\"><div class=\"fusion-image-wrapper hover-type-none\"><img decoding=\"async\" width=\"320\" height=\"202\" src=\"https:\/\/metmark.hu\/wp-content\/uploads\/2024\/10\/emboss_61712f0fce911-320x202.jpg\" class=\"attachment-blog-medium size-blog-medium\" alt=\"\" \/><\/div><\/div><\/li><li class=\"fusion-carousel-item\"><div class=\"fusion-carousel-item-wrapper\"><div class=\"fusion-image-wrapper hover-type-none\"><img decoding=\"async\" width=\"320\" height=\"202\" src=\"https:\/\/metmark.hu\/wp-content\/uploads\/2024\/10\/emboss_63ff815a05abd-320x202.jpg\" class=\"attachment-blog-medium size-blog-medium\" alt=\"\" \/><\/div><\/div><\/li><li class=\"fusion-carousel-item\"><div class=\"fusion-carousel-item-wrapper\"><div class=\"fusion-image-wrapper hover-type-none\"><img decoding=\"async\" width=\"320\" height=\"202\" src=\"https:\/\/metmark.hu\/wp-content\/uploads\/2024\/10\/emboss_5da46a415a786-320x202.jpeg\" class=\"attachment-blog-medium size-blog-medium\" alt=\"\" \/><\/div><\/div><\/li><\/ul><div class=\"fusion-carousel-nav\"><span class=\"fusion-nav-prev\"><\/span><span class=\"fusion-nav-next\"><\/span><\/div><\/div><\/div><\/div><\/div><style type=\"text\/css\">.fusion-body .fusion-builder-column-0{width:100% !important;margin-top : 0px;margin-bottom : 0px;}.fusion-builder-column-0 > .fusion-column-wrapper {padding-top : 0px !important;padding-right : 0px !important;margin-right : 1.92%;padding-bottom : 0px !important;padding-left : 0px !important;margin-left : 1.92%;}@media only screen and (max-width:1024px) {.fusion-body .fusion-builder-column-0{width:100% !important;}.fusion-builder-column-0 > .fusion-column-wrapper {margin-right : 1.92%;margin-left : 1.92%;}}@media only screen and (max-width:640px) {.fusion-body .fusion-builder-column-0{width:100% !important;}.fusion-builder-column-0 > .fusion-column-wrapper {margin-right : 1.92%;margin-left : 1.92%;}}<\/style><\/div><\/div><style type=\"text\/css\">.fusion-body .fusion-flex-container.fusion-builder-row-1{ padding-top : 0px;margin-top : 0px;padding-right : 0px;padding-bottom : 0px;margin-bottom : 0px;padding-left : 0px;}<\/style><\/div>","protected":false},"excerpt":{"rendered":"","protected":false},"author":2,"featured_media":11817,"parent":0,"menu_order":0,"comment_status":"closed","ping_status":"closed","template":"","meta":{"footnotes":""},"class_list":["post-11895","page","type-page","status-publish","has-post-thumbnail","hentry"],"_links":{"self":[{"href":"https:\/\/metmark.hu\/en\/wp-json\/wp\/v2\/pages\/11895","targetHints":{"allow":["GET"]}}],"collection":[{"href":"https:\/\/metmark.hu\/en\/wp-json\/wp\/v2\/pages"}],"about":[{"href":"https:\/\/metmark.hu\/en\/wp-json\/wp\/v2\/types\/page"}],"author":[{"embeddable":true,"href":"https:\/\/metmark.hu\/en\/wp-json\/wp\/v2\/users\/2"}],"replies":[{"embeddable":true,"href":"https:\/\/metmark.hu\/en\/wp-json\/wp\/v2\/comments?post=11895"}],"version-history":[{"count":0,"href":"https:\/\/metmark.hu\/en\/wp-json\/wp\/v2\/pages\/11895\/revisions"}],"wp:featuredmedia":[{"embeddable":true,"href":"https:\/\/metmark.hu\/en\/wp-json\/wp\/v2\/media\/11817"}],"wp:attachment":[{"href":"https:\/\/metmark.hu\/en\/wp-json\/wp\/v2\/media?parent=11895"}],"curies":[{"name":"wp","href":"https:\/\/api.w.org\/{rel}","templated":true}]}}