{"id":11671,"date":"2024-09-03T10:57:25","date_gmt":"2024-09-03T08:57:25","guid":{"rendered":"https:\/\/metmark.hu\/?page_id=11671"},"modified":"2024-11-12T15:05:44","modified_gmt":"2024-11-12T14:05:44","slug":"tarolo","status":"publish","type":"page","link":"https:\/\/metmark.hu\/en\/tarolo\/","title":{"rendered":"Storage building"},"content":{"rendered":"<p><div class=\"fusion-fullwidth fullwidth-box fusion-builder-row-1 nonhundred-percent-fullwidth non-hundred-percent-height-scrolling\" style=\"background-color: rgba(255,255,255,0);background-position: center center;background-repeat: no-repeat;padding-top:0px;padding-right:0px;padding-bottom:0px;padding-left:0px;margin-bottom: 0px;margin-top: 0px;border-width: 0px 0px 0px 0px;border-color:#eae9e9;border-style:solid;\" ><div class=\"fusion-builder-row fusion-row\"><div class=\"fusion-layout-column fusion_builder_column fusion-builder-column-0 fusion_builder_column_2_5 2_5 fusion-two-fifth fusion-column-first\" style=\"width:40%;width:calc(40% - ( ( 4% ) * 0.4 ) );margin-right: 4%;margin-top:0px;margin-bottom:0px;\"><div class=\"fusion-column-wrapper fusion-flex-column-wrapper-legacy\" style=\"background-position:left top;background-repeat:no-repeat;-webkit-background-size:cover;-moz-background-size:cover;-o-background-size:cover;background-size:cover;padding: 0px 0px 0px 0px;\"><div class=\"fusion-clearfix\"><\/div><\/div><\/div><div class=\"fusion-layout-column fusion_builder_column fusion-builder-column-1 fusion_builder_column_3_5 3_5 fusion-three-fifth fusion-column-last\" style=\"width:60%;width:calc(60% - ( ( 4% ) * 0.6 ) );margin-top:0px;margin-bottom:0px;\"><div class=\"fusion-column-wrapper fusion-flex-column-wrapper-legacy\" style=\"background-position:left top;background-repeat:no-repeat;-webkit-background-size:cover;-moz-background-size:cover;-o-background-size:cover;background-size:cover;padding: 0px 0px 0px 0px;\"><style type=\"text\/css\"><\/style><div class=\"fusion-title title fusion-title-1 fusion-sep-none fusion-title-text fusion-title-size-one\" style=\"margin-top:0px;margin-right:0px;margin-bottom:10px;margin-left:0px;\"><h1 class=\"title-heading-left\" style=\"margin:0;\"><h1 style=\"text-align: left;\"><strong>Storage building<\/strong><\/h1><\/h1><\/div><div class=\"fusion-sep-clear\"><\/div><div class=\"fusion-separator fusion-full-width-sep\" style=\"margin-left: auto;margin-right: auto;width:100%;\"><div class=\"fusion-separator-border sep-single\" style=\"border-color:#eae8e8;border-top-width:2px;\"><\/div><\/div><div class=\"fusion-sep-clear\"><\/div><div class=\"fusion-clearfix\"><\/div><\/div><\/div><\/div><\/div><div class=\"fusion-fullwidth fullwidth-box fusion-builder-row-2 fusion-flex-container nonhundred-percent-fullwidth non-hundred-percent-height-scrolling\" style=\"background-color: rgba(255,255,255,0);background-position: center center;background-repeat: no-repeat;border-width: 0px 0px 0px 0px;border-color:#eae9e9;border-style:solid;\" ><div class=\"fusion-builder-row fusion-row fusion-flex-align-items-flex-start\" style=\"max-width:1216.8px;margin-left: calc(-4% \/ 2 );margin-right: calc(-4% \/ 2 );\"><div class=\"fusion-layout-column fusion_builder_column fusion-builder-column-2 fusion_builder_column_2_5 2_5 fusion-flex-column\"><div class=\"fusion-column-wrapper fusion-flex-justify-content-flex-start fusion-content-layout-column\" style=\"background-position:left top;background-repeat:no-repeat;-webkit-background-size:cover;-moz-background-size:cover;-o-background-size:cover;background-size:cover;padding: 0px 0px 0px 0px;\"><div ><div class=\"imageframe-liftup\"><span class=\"fusion-imageframe imageframe-none imageframe-1\" style=\"border:5px solid #f5f5f5;\"><a href=\"http:\/\/metmark.hu\/wp-content\/uploads\/2024\/04\/20231031_082055-1024x768.jpg\" class=\"fusion-lightbox\" data-rel=\"iLightbox[653909de74cb7087d9a]\" data-title=\"20231031_082055\" title=\"20231031_082055\"><img decoding=\"async\" width=\"1024\" height=\"768\" src=\"http:\/\/metmark.hu\/wp-content\/uploads\/2024\/04\/20231031_082055-1024x768.jpg\" class=\"img-responsive wp-image-11325\" srcset=\"https:\/\/metmark.hu\/wp-content\/uploads\/2024\/04\/20231031_082055-200x150.jpg 200w, https:\/\/metmark.hu\/wp-content\/uploads\/2024\/04\/20231031_082055-400x300.jpg 400w, https:\/\/metmark.hu\/wp-content\/uploads\/2024\/04\/20231031_082055-600x450.jpg 600w, https:\/\/metmark.hu\/wp-content\/uploads\/2024\/04\/20231031_082055-800x600.jpg 800w, https:\/\/metmark.hu\/wp-content\/uploads\/2024\/04\/20231031_082055.jpg 1200w\" sizes=\"(max-width: 1024px) 100vw, (max-width: 640px) 100vw, 600px\" \/><\/a><\/span><\/div><\/div><div class=\"fusion-separator fusion-full-width-sep\" style=\"align-self: center;margin-left: auto;margin-right: auto;width:100%;\"><div class=\"fusion-separator-border sep-single\" style=\"border-color:#eae8e8;border-top-width:2px;\"><\/div><\/div><div class=\"fusion-text fusion-text-1\"><p><b>Kapcsol\u00f3d\u00f3 szolg\u00e1ltat\u00e1sok:<\/b><\/p>\n<ul>\n<li><span style=\"background-color: rgba(255, 255, 255, 0); color: var(--body_typography-color); font-family: var(--body_typography-font-family); font-size: var(--body_typography-font-size); font-style: var(--body_typography-font-style,normal); font-weight: var(--body_typography-font-weight); letter-spacing: var(--body_typography-letter-spacing);\">egyedi tervez\u00e9s\u0171 kivitel<\/span><\/li>\n<li><span style=\"background-color: rgba(255, 255, 255, 0); color: var(--body_typography-color); font-family: var(--body_typography-font-family); font-size: var(--body_typography-font-size); font-style: var(--body_typography-font-style,normal); font-weight: var(--body_typography-font-weight); letter-spacing: var(--body_typography-letter-spacing);\">porsz\u00f3r\u00e1s b\u00e1rmilyen RAL-sz\u00ednre<\/span><\/li>\n<li>sz\u00ednazonos fogad\u00f3szerkezet biztos\u00edt\u00e1sa<\/li>\n<li><span style=\"background-color: rgba(255, 255, 255, 0); color: var(--body_typography-color); font-family: var(--body_typography-font-family); font-size: var(--body_typography-font-size); font-style: var(--body_typography-font-style,normal); font-weight: var(--body_typography-font-weight); letter-spacing: var(--body_typography-letter-spacing);\">kapcsol\u00f3d\u00f3 lakatosmunk\u00e1k<\/span><\/li>\n<li><span style=\"background-color: rgba(255, 255, 255, 0); color: var(--body_typography-color); font-family: var(--body_typography-font-family); font-size: var(--body_typography-font-size); font-style: var(--body_typography-font-style,normal); font-weight: var(--body_typography-font-weight); letter-spacing: var(--body_typography-letter-spacing);\">kisz\u00e1ll\u00edt\u00e1s az eg\u00e9sz orsz\u00e1gban<\/span><\/li>\n<li>projektmenedzsment \u00e9s m\u0171szaki tan\u00e1csad\u00e1s<\/li>\n<\/ul>\n<\/div><\/div><style type=\"text\/css\">.fusion-body .fusion-builder-column-2{width:40% !important;margin-top : 0px;margin-bottom : 0px;}.fusion-builder-column-2 > .fusion-column-wrapper {padding-top : 0px !important;padding-right : 0px !important;margin-right : 4.8%;padding-bottom : 0px !important;padding-left : 0px !important;margin-left : 4.8%;}@media only screen and (max-width:1024px) {.fusion-body .fusion-builder-column-2{width:100% !important;order : 0;}.fusion-builder-column-2 > .fusion-column-wrapper {margin-right : 1.92%;margin-left : 1.92%;}}@media only screen and (max-width:640px) {.fusion-body .fusion-builder-column-2{width:100% !important;order : 0;}.fusion-builder-column-2 > .fusion-column-wrapper {margin-right : 1.92%;margin-left : 1.92%;}}<\/style><\/div><div class=\"fusion-layout-column fusion_builder_column fusion-builder-column-3 fusion_builder_column_3_5 3_5 fusion-flex-column\"><div class=\"fusion-column-wrapper fusion-flex-justify-content-flex-start fusion-content-layout-column\" style=\"background-position:left top;background-repeat:no-repeat;-webkit-background-size:cover;-moz-background-size:cover;-o-background-size:cover;background-size:cover;padding: 0px 0px 0px 0px;\"><div class=\"fusion-text fusion-text-2\" style=\"text-align:justify;\"><p>K\u00f6zter\u00fcleteken, lak\u00f3parkokn\u00e1l vagy irodah\u00e1zakn\u00e1l gyakran sz\u00fcks\u00e9g van k\u00fclt\u00e9ri t\u00e1rol\u00f3helys\u00e9gek kialak\u00edt\u00e1s\u00e1ra. Legyen sz\u00f3 ker\u00e9kp\u00e1r- vagy kukat\u00e1rol\u00f3kr\u00f3l, ezekn\u00e9l fontos az eszt\u00e9tikus, k\u00f6rnyezetbe illeszked\u0151 megjelen\u00e9s. <\/p>\n<p>Az expand\u00e1lt \u00e9s perfor\u00e1lt lemezek t\u00f6k\u00e9letes megold\u00e1st jelentenek az ilyen t\u00e1rol\u00f3k burkol\u00e1s\u00e1hoz. <span style=\"background-color: rgba(255, 255, 255, 0); color: var(--body_typography-color); font-family: var(--body_typography-font-family); font-size: var(--body_typography-font-size); font-style: var(--body_typography-font-style,normal); font-weight: var(--body_typography-font-weight); letter-spacing: var(--body_typography-letter-spacing);\">Egyedi ig\u00e9nyeknek megfelel\u0151en lehet k\u00fcl\u00f6nf\u00e9le m\u00e9retekben, sz\u00e1mtalan mint\u00e1j\u00fa \u00e9s nyitotts\u00e1g\u00fa lemez k\u00f6z\u00fcl kiv\u00e1lasztani az adott helysz\u00ednre t\u00f6k\u00e9letes megold\u00e1st. Ezen fel\u00fcl pedig biztos\u00edtjuk a lemezek fel\u00fcletkezel\u00e9s\u00e9t, egyedi RAL-sz\u00ednekre porsz\u00f3r\u00e1s\u00e1t is.<\/span><\/p>\n<p>Lehet\u0151s\u00e9g van egy- vagy t\u00f6bb oldalon nyitott, illetve teljesen z\u00e1rt kivitel\u0171 t\u00e1rol\u00f3k l\u00e9trehoz\u00e1s\u00e1ra egyar\u00e1nt. Amennyiben a fogad\u00f3szerkezet nem \u00e1ll rendelkez\u00e9sre, akkor m\u0171szaki kivitelez\u0151 csapatunk a szabad kapacit\u00e1s f\u00fcggv\u00e9ny\u00e9ben v\u00e1llalja annak a kialak\u00edt\u00e1s\u00e1t is.<span style=\"background-color: rgba(255, 255, 255, 0); color: var(--body_typography-color); font-family: var(--body_typography-font-family); font-size: var(--body_typography-font-size); font-style: var(--body_typography-font-style,normal); font-weight: var(--body_typography-font-weight); letter-spacing: var(--body_typography-letter-spacing);\"><br \/><\/span><\/p>\n<\/div><div class=\"fusion-separator fusion-full-width-sep\" style=\"align-self: center;margin-left: auto;margin-right: auto;width:100%;\"><div class=\"fusion-separator-border sep-single\" style=\"border-color:#eae8e8;border-top-width:2px;\"><\/div><\/div><div class=\"fusion-text fusion-text-3\"><p><b>Links:<\/b><\/p>\n<\/div><div ><style type=\"text\/css\">.fusion-button.button-1 .fusion-button-text, .fusion-button.button-1 i {color:#1c1c1c;}.fusion-button.button-1 .fusion-button-icon-divider{border-color:#1c1c1c;}.fusion-button.button-1:hover .fusion-button-text, .fusion-button.button-1:hover i,.fusion-button.button-1:focus .fusion-button-text, .fusion-button.button-1:focus i,.fusion-button.button-1:active .fusion-button-text, .fusion-button.button-1:active{color:#6b6b6b;}.fusion-button.button-1:hover .fusion-button-icon-divider, .fusion-button.button-1:hover .fusion-button-icon-divider, .fusion-button.button-1:active .fusion-button-icon-divider{border-color:#6b6b6b;}.fusion-button.button-1:hover, .fusion-button.button-1:focus, .fusion-button.button-1:active{border-color:#ffffff;border-width:5px;}.fusion-button.button-1 {border-color:#ffffff;border-width:5px;border-radius:0px;}.fusion-button.button-1{background: rgba(196,196,196,0.71);\n\t\t\t\t\t\t\tbackground-image: -webkit-gradient( linear, left bottom, left top, from( #ffffff ), to( rgba(196,196,196,0.71) ) );\n\t\t\t\t\t\t\tbackground-image: -webkit-linear-gradient( bottom, #ffffff, rgba(196,196,196,0.71) );\n\t\t\t\t\t\t\tbackground-image:   -moz-linear-gradient( bottom, #ffffff, rgba(196,196,196,0.71) );\n\t\t\t\t\t\t\tbackground-image:     -o-linear-gradient( bottom, #ffffff, rgba(196,196,196,0.71) );\n\t\t\t\t\t\t\tbackground-image: linear-gradient( to top, #ffffff, rgba(196,196,196,0.71) );}.fusion-button.button-1:hover,.button-1:focus,.fusion-button.button-1:active{background: #dddddd;\n\t\t\t\t\t\t\tbackground-image: -webkit-gradient( linear, left bottom, left top, from( rgba(255,252,247,0.82) ), to( #dddddd ) );\n\t\t\t\t\t\t\tbackground-image: -webkit-linear-gradient( bottom, rgba(255,252,247,0.82), #dddddd );\n\t\t\t\t\t\t\tbackground-image:   -moz-linear-gradient( bottom, rgba(255,252,247,0.82), #dddddd );\n\t\t\t\t\t\t\tbackground-image:     -o-linear-gradient( bottom, rgba(255,252,247,0.82), #dddddd );\n\t\t\t\t\t\t\tbackground-image: linear-gradient( to top, rgba(255,252,247,0.82), #dddddd );}.fusion-button.button-1 .fusion-button-text {text-transform:none;}<\/style><a class=\"fusion-button button-flat fusion-button-default-size button-custom button-1 fusion-button-default-span\" target=\"_blank\" rel=\"noopener noreferrer\" href=\"https:\/\/expandaltlemez.hu\/\"><span class=\"fusion-button-text\">Expanded metal sheets<\/span><\/a><\/div><div class=\"fusion-text fusion-text-4\"><\/div><div ><style type=\"text\/css\">.fusion-button.button-2 .fusion-button-text, .fusion-button.button-2 i {color:#1c1c1c;}.fusion-button.button-2 .fusion-button-icon-divider{border-color:#1c1c1c;}.fusion-button.button-2:hover .fusion-button-text, .fusion-button.button-2:hover i,.fusion-button.button-2:focus .fusion-button-text, .fusion-button.button-2:focus i,.fusion-button.button-2:active .fusion-button-text, .fusion-button.button-2:active{color:#6b6b6b;}.fusion-button.button-2:hover .fusion-button-icon-divider, .fusion-button.button-2:hover .fusion-button-icon-divider, .fusion-button.button-2:active .fusion-button-icon-divider{border-color:#6b6b6b;}.fusion-button.button-2:hover, .fusion-button.button-2:focus, .fusion-button.button-2:active{border-color:#ffffff;border-width:5px;}.fusion-button.button-2 {border-color:#ffffff;border-width:5px;border-radius:0px;}.fusion-button.button-2{background: rgba(196,196,196,0.71);\n\t\t\t\t\t\t\tbackground-image: -webkit-gradient( linear, left bottom, left top, from( #ffffff ), to( rgba(196,196,196,0.71) ) );\n\t\t\t\t\t\t\tbackground-image: -webkit-linear-gradient( bottom, #ffffff, rgba(196,196,196,0.71) );\n\t\t\t\t\t\t\tbackground-image:   -moz-linear-gradient( bottom, #ffffff, rgba(196,196,196,0.71) );\n\t\t\t\t\t\t\tbackground-image:     -o-linear-gradient( bottom, #ffffff, rgba(196,196,196,0.71) );\n\t\t\t\t\t\t\tbackground-image: linear-gradient( to top, #ffffff, rgba(196,196,196,0.71) );}.fusion-button.button-2:hover,.button-2:focus,.fusion-button.button-2:active{background: #dddddd;\n\t\t\t\t\t\t\tbackground-image: -webkit-gradient( linear, left bottom, left top, from( rgba(255,252,247,0.82) ), to( #dddddd ) );\n\t\t\t\t\t\t\tbackground-image: -webkit-linear-gradient( bottom, rgba(255,252,247,0.82), #dddddd );\n\t\t\t\t\t\t\tbackground-image:   -moz-linear-gradient( bottom, rgba(255,252,247,0.82), #dddddd );\n\t\t\t\t\t\t\tbackground-image:     -o-linear-gradient( bottom, rgba(255,252,247,0.82), #dddddd );\n\t\t\t\t\t\t\tbackground-image: linear-gradient( to top, rgba(255,252,247,0.82), #dddddd );}.fusion-button.button-2 .fusion-button-text {text-transform:none;}<\/style><a class=\"fusion-button button-flat fusion-button-default-size button-custom button-2 fusion-button-default-span\" target=\"_blank\" rel=\"noopener noreferrer\" href=\"https:\/\/perforaltlemezek.hu\/\"><span class=\"fusion-button-text\">Perforated metal sheets<\/span><\/a><\/div><div class=\"fusion-text fusion-text-5\"><\/div><div class=\"fusion-text fusion-text-6\"><\/div><div class=\"fusion-text fusion-text-7\"><\/div><div class=\"fusion-text fusion-text-8\"><\/div><div class=\"fusion-separator fusion-full-width-sep\" style=\"align-self: center;margin-left: auto;margin-right: auto;width:100%;\"><div class=\"fusion-separator-border sep-single\" style=\"border-color:#eae8e8;border-top-width:2px;\"><\/div><\/div><\/div><style type=\"text\/css\">.fusion-body .fusion-builder-column-3{width:60% !important;margin-top : 0px;margin-bottom : 0px;}.fusion-builder-column-3 > .fusion-column-wrapper {padding-top : 0px !important;padding-right : 0px !important;margin-right : 3.2%;padding-bottom : 0px !important;padding-left : 0px !important;margin-left : 3.2%;}@media only screen and (max-width:1024px) {.fusion-body .fusion-builder-column-3{width:100% !important;order : 0;}.fusion-builder-column-3 > .fusion-column-wrapper {margin-right : 1.92%;margin-left : 1.92%;}}@media only screen and (max-width:640px) {.fusion-body .fusion-builder-column-3{width:100% !important;order : 0;}.fusion-builder-column-3 > .fusion-column-wrapper {margin-right : 1.92%;margin-left : 1.92%;}}<\/style><\/div><\/div><style type=\"text\/css\">.fusion-body .fusion-flex-container.fusion-builder-row-2{ padding-top : 0px;margin-top : 0px;padding-right : 0px;padding-bottom : 0px;margin-bottom : 0px;padding-left : 0px;}<\/style><\/div><div class=\"fusion-fullwidth fullwidth-box fusion-builder-row-3 nonhundred-percent-fullwidth non-hundred-percent-height-scrolling\" style=\"background-color: rgba(255,255,255,0);background-position: center center;background-repeat: no-repeat;padding-top:0px;padding-right:0px;padding-bottom:0px;padding-left:0px;margin-bottom: 0px;margin-top: 0px;border-width: 0px 0px 0px 0px;border-color:#eae9e9;border-style:solid;\" ><div class=\"fusion-builder-row fusion-row\"><div class=\"fusion-layout-column fusion_builder_column fusion-builder-column-4 fusion_builder_column_2_5 2_5 fusion-two-fifth fusion-column-first\" style=\"width:40%;width:calc(40% - ( ( 4% ) * 0.4 ) );margin-right: 4%;margin-top:0px;margin-bottom:0px;\"><div class=\"fusion-column-wrapper fusion-flex-column-wrapper-legacy\" style=\"background-position:left top;background-repeat:no-repeat;-webkit-background-size:cover;-moz-background-size:cover;-o-background-size:cover;background-size:cover;padding: 0px 0px 0px 0px;\"><div class=\"fusion-clearfix\"><\/div><\/div><\/div><div class=\"fusion-layout-column fusion_builder_column fusion-builder-column-5 fusion_builder_column_3_5 3_5 fusion-three-fifth fusion-column-last\" style=\"width:60%;width:calc(60% - ( ( 4% ) * 0.6 ) );margin-top:0px;margin-bottom:0px;\"><div class=\"fusion-column-wrapper fusion-flex-column-wrapper-legacy\" style=\"background-position:left top;background-repeat:no-repeat;-webkit-background-size:cover;-moz-background-size:cover;-o-background-size:cover;background-size:cover;padding: 0px 0px 0px 0px;\"><style type=\"text\/css\"><\/style><div class=\"fusion-title title fusion-title-2 fusion-sep-none fusion-title-text fusion-title-size-one\" style=\"margin-top:0px;margin-right:0px;margin-bottom:10px;margin-left:0px;\"><h1 class=\"title-heading-left\" style=\"margin:0;\"><h3 style=\"text-align: left;\">Megold\u00e1sok \u00e9s kivitelez\u00e9si lehet\u0151s\u00e9gek<\/h3><\/h1><\/div><div class=\"fusion-sep-clear\"><\/div><div class=\"fusion-separator fusion-full-width-sep\" style=\"margin-left: auto;margin-right: auto;width:100%;\"><div class=\"fusion-separator-border sep-single\" style=\"border-color:#eae8e8;border-top-width:2px;\"><\/div><\/div><div class=\"fusion-sep-clear\"><\/div><div class=\"fusion-clearfix\"><\/div><\/div><\/div><\/div><\/div><div class=\"fusion-fullwidth fullwidth-box fusion-builder-row-4 fusion-flex-container nonhundred-percent-fullwidth non-hundred-percent-height-scrolling\" style=\"background-color: rgba(255,255,255,0);background-position: center center;background-repeat: no-repeat;border-width: 0px 0px 0px 0px;border-color:#eae9e9;border-style:solid;\" ><div class=\"fusion-builder-row fusion-row fusion-flex-align-items-flex-start\" style=\"max-width:1216.8px;margin-left: calc(-4% \/ 2 );margin-right: calc(-4% \/ 2 );\"><div class=\"fusion-layout-column fusion_builder_column fusion-builder-column-6 fusion_builder_column_2_5 2_5 fusion-flex-column\"><div class=\"fusion-column-wrapper fusion-flex-justify-content-flex-start fusion-content-layout-column\" style=\"background-position:left top;background-repeat:no-repeat;-webkit-background-size:cover;-moz-background-size:cover;-o-background-size:cover;background-size:cover;padding: 0px 0px 0px 0px;\"><div ><span class=\"fusion-imageframe imageframe-none imageframe-2 hover-type-none\"><a href=\"http:\/\/metmark.hu\/wp-content\/uploads\/2023\/01\/jysk04-1024x768.jpg\" class=\"fusion-lightbox\" data-rel=\"iLightbox[b5b2bed68e4d40e0522]\" data-title=\"jysk04\" title=\"jysk04\"><img decoding=\"async\" width=\"1024\" height=\"768\" src=\"http:\/\/metmark.hu\/wp-content\/uploads\/2023\/01\/jysk04-1024x768.jpg\" class=\"img-responsive wp-image-10350\" srcset=\"https:\/\/metmark.hu\/wp-content\/uploads\/2023\/01\/jysk04-200x150.jpg 200w, https:\/\/metmark.hu\/wp-content\/uploads\/2023\/01\/jysk04-400x300.jpg 400w, https:\/\/metmark.hu\/wp-content\/uploads\/2023\/01\/jysk04-600x450.jpg 600w, https:\/\/metmark.hu\/wp-content\/uploads\/2023\/01\/jysk04-800x600.jpg 800w, https:\/\/metmark.hu\/wp-content\/uploads\/2023\/01\/jysk04-1200x900.jpg 1200w, https:\/\/metmark.hu\/wp-content\/uploads\/2023\/01\/jysk04-scaled.jpg 2048w\" sizes=\"(max-width: 1024px) 100vw, (max-width: 640px) 100vw, 600px\" \/><\/a><\/span><\/div><div class=\"fusion-separator fusion-full-width-sep\" style=\"align-self: center;margin-left: auto;margin-right: auto;width:100%;\"><div class=\"fusion-separator-border sep-single\" style=\"border-color:#eae8e8;border-top-width:2px;\"><\/div><\/div><\/div><style type=\"text\/css\">.fusion-body .fusion-builder-column-6{width:40% !important;margin-top : 0px;margin-bottom : 0px;}.fusion-builder-column-6 > .fusion-column-wrapper {padding-top : 0px !important;padding-right : 0px !important;margin-right : 4.8%;padding-bottom : 0px !important;padding-left : 0px !important;margin-left : 4.8%;}@media only screen and (max-width:1024px) {.fusion-body .fusion-builder-column-6{width:100% !important;order : 0;}.fusion-builder-column-6 > .fusion-column-wrapper {margin-right : 1.92%;margin-left : 1.92%;}}@media only screen and (max-width:640px) {.fusion-body .fusion-builder-column-6{width:100% !important;order : 0;}.fusion-builder-column-6 > .fusion-column-wrapper {margin-right : 1.92%;margin-left : 1.92%;}}<\/style><\/div><div class=\"fusion-layout-column fusion_builder_column fusion-builder-column-7 fusion_builder_column_3_5 3_5 fusion-flex-column\"><div class=\"fusion-column-wrapper fusion-flex-justify-content-flex-start fusion-content-layout-column\" style=\"background-position:left top;background-repeat:no-repeat;-webkit-background-size:cover;-moz-background-size:cover;-o-background-size:cover;background-size:cover;padding: 0px 0px 0px 0px;\"><div class=\"fusion-text fusion-text-9\" style=\"text-align:justify;\"><p><b><strong>Kukat\u00e1rol\u00f3k<br \/><\/strong><\/b>Minden t\u00e1rsash\u00e1z sz\u00e1m\u00e1ra fontos, hogy a hullad\u00e9kgy\u0171jt\u0151k elhelyez\u00e9s\u00e9t eszt\u00e9tikusan tudj\u00e1k megoldani a k\u00f6zter\u00fcleteken \u00e9s az udvarokon. A kukat\u00e1rol\u00f3kat jellemz\u0151en mind a n\u00e9gy oldalon fedett, kulcsra z\u00e1rhat\u00f3 kivitelben k\u00e9sz\u00fclnek, \u00edgy csak a lak\u00f3k f\u00e9rhetnek hozz\u00e1 a kuk\u00e1khoz.<\/p>\n<p>Az oldalfalakat expand\u00e1lt lemezb\u0151l \u00e9rdemes kialak\u00edtani. Ez a speci\u00e1lis strukt\u00far\u00e1j\u00e1nak k\u00f6sz\u00f6nhet\u0151en kit\u0171n\u0151en takar a bel\u00e1t\u00e1s ellen, ugyanakkor m\u00e9gis lehet\u0151v\u00e9 teszi a hullad\u00e9kgy\u0171jt\u0151k szell\u0151z\u00e9s\u00e9t.<\/p>\n<p><b>Ker\u00e9kp\u00e1rt\u00e1rol\u00f3k<br \/><\/b>A ker\u00e9kp\u00e1rt\u00e1rol\u00f3k jellemz\u0151en egy- vagy h\u00e1rom oldalukon nyitottak, \u00e9s nagyobb alapter\u00fclettel rendelkeznek. A burkolat kialak\u00edt\u00e1s\u00e1hoz els\u0151sorban a nagyobb nyitott fel\u00fclettel rendelkez\u0151 \u00e1tt\u00f6rt lemezeinket aj\u00e1nljuk.<\/p><\/p>\n<\/div><div class=\"fusion-text fusion-text-10\"><\/div><div class=\"fusion-text fusion-text-11\"><\/div><div class=\"fusion-text fusion-text-12\"><\/div><div class=\"fusion-text fusion-text-13\"><\/div><div class=\"fusion-text fusion-text-14\"><\/div><\/div><style type=\"text\/css\">.fusion-body .fusion-builder-column-7{width:60% !important;margin-top : 0px;margin-bottom : 0px;}.fusion-builder-column-7 > .fusion-column-wrapper {padding-top : 0px !important;padding-right : 0px !important;margin-right : 3.2%;padding-bottom : 0px !important;padding-left : 0px !important;margin-left : 3.2%;}@media only screen and (max-width:1024px) {.fusion-body .fusion-builder-column-7{width:100% !important;order : 0;}.fusion-builder-column-7 > .fusion-column-wrapper {margin-right : 1.92%;margin-left : 1.92%;}}@media only screen and (max-width:640px) {.fusion-body .fusion-builder-column-7{width:100% !important;order : 0;}.fusion-builder-column-7 > .fusion-column-wrapper {margin-right : 1.92%;margin-left : 1.92%;}}<\/style><\/div><\/div><style type=\"text\/css\">.fusion-body .fusion-flex-container.fusion-builder-row-4{ padding-top : 0px;margin-top : 0px;padding-right : 0px;padding-bottom : 0px;margin-bottom : 0px;padding-left : 0px;}<\/style><\/div><\/p>","protected":false},"excerpt":{"rendered":"","protected":false},"author":2,"featured_media":0,"parent":0,"menu_order":0,"comment_status":"closed","ping_status":"closed","template":"","meta":{"footnotes":""},"class_list":["post-11671","page","type-page","status-publish","hentry"],"_links":{"self":[{"href":"https:\/\/metmark.hu\/en\/wp-json\/wp\/v2\/pages\/11671","targetHints":{"allow":["GET"]}}],"collection":[{"href":"https:\/\/metmark.hu\/en\/wp-json\/wp\/v2\/pages"}],"about":[{"href":"https:\/\/metmark.hu\/en\/wp-json\/wp\/v2\/types\/page"}],"author":[{"embeddable":true,"href":"https:\/\/metmark.hu\/en\/wp-json\/wp\/v2\/users\/2"}],"replies":[{"embeddable":true,"href":"https:\/\/metmark.hu\/en\/wp-json\/wp\/v2\/comments?post=11671"}],"version-history":[{"count":0,"href":"https:\/\/metmark.hu\/en\/wp-json\/wp\/v2\/pages\/11671\/revisions"}],"wp:attachment":[{"href":"https:\/\/metmark.hu\/en\/wp-json\/wp\/v2\/media?parent=11671"}],"curies":[{"name":"wp","href":"https:\/\/api.w.org\/{rel}","templated":true}]}}