{"id":9726,"date":"2022-04-07T10:10:28","date_gmt":"2022-04-07T08:10:28","guid":{"rendered":"http:\/\/metmark.hu\/?page_id=9726"},"modified":"2024-07-11T15:38:52","modified_gmt":"2024-07-11T13:38:52","slug":"ginop-palyazatok","status":"publish","type":"page","link":"http:\/\/metmark.hu\/en\/ginop-palyazatok\/","title":{"rendered":"GINOP"},"content":{"rendered":"<p><div class=\"fusion-fullwidth fullwidth-box fusion-builder-row-1 fusion-flex-container nonhundred-percent-fullwidth non-hundred-percent-height-scrolling\" style=\"background-color: rgba(255,255,255,0);background-position: center center;background-repeat: no-repeat;border-width: 0px 0px 0px 0px;border-color:#eae9e9;border-style:solid;\" ><div class=\"fusion-builder-row fusion-row fusion-flex-align-items-flex-start\" style=\"max-width:1216.8px;margin-left: calc(-4% \/ 2 );margin-right: calc(-4% \/ 2 );\"><div class=\"fusion-layout-column fusion_builder_column fusion-builder-column-0 fusion_builder_column_1_1 1_1 fusion-flex-column\"><div class=\"fusion-column-wrapper fusion-flex-justify-content-flex-start fusion-content-layout-column\" style=\"background-position:left top;background-repeat:no-repeat;-webkit-background-size:cover;-moz-background-size:cover;-o-background-size:cover;background-size:cover;padding: 0px 0px 0px 0px;\"><style type=\"text\/css\">@media only screen and (max-width:1024px) {.fusion-title.fusion-title-1{margin-top:0px!important; margin-right:0px!important;margin-bottom:10px!important;margin-left:0px!important;}}@media only screen and (max-width:640px) {.fusion-title.fusion-title-1{margin-top:0px!important; margin-right:0px!important;margin-bottom:20px!important; margin-left:0px!important;}}<\/style><div class=\"fusion-title title fusion-title-1 fusion-sep-none fusion-title-text fusion-title-size-one\" style=\"margin-top:0px;margin-right:0px;margin-bottom:10px;margin-left:0px;\"><h1 class=\"title-heading-left\" style=\"margin:0;\"><p style=\"text-align: center;\">KKV KAPACIT\u00c1SB\u0150V\u00cdT\u0150 T\u00c1MOGAT\u00c1S<\/p><\/h1><\/div><div ><span class=\"fusion-imageframe imageframe-none imageframe-1 hover-type-none\"><a class=\"fusion-no-lightbox\" href=\"http:\/\/metmark.hu\/wp-content\/uploads\/2024\/05\/GINOP-2024.pdf\" target=\"_blank\" aria-label=\"tabla-2024\" rel=\"noopener noreferrer\"><img decoding=\"async\" width=\"1024\" height=\"724\" src=\"http:\/\/metmark.hu\/wp-content\/uploads\/2024\/05\/tabla-2024-1024x724.jpg\" class=\"img-responsive wp-image-11405\" srcset=\"http:\/\/metmark.hu\/wp-content\/uploads\/2024\/05\/tabla-2024-200x141.jpg 200w, http:\/\/metmark.hu\/wp-content\/uploads\/2024\/05\/tabla-2024-400x283.jpg 400w, http:\/\/metmark.hu\/wp-content\/uploads\/2024\/05\/tabla-2024-600x424.jpg 600w, http:\/\/metmark.hu\/wp-content\/uploads\/2024\/05\/tabla-2024-800x566.jpg 800w, http:\/\/metmark.hu\/wp-content\/uploads\/2024\/05\/tabla-2024-1200x849.jpg 1200w\" sizes=\"(max-width: 1024px) 100vw, (max-width: 640px) 100vw, 1200px\" \/><\/a><\/span><\/div><style type=\"text\/css\">@media only screen and (max-width:1024px) {.fusion-title.fusion-title-2{margin-top:0px!important; margin-right:0px!important;margin-bottom:10px!important;margin-left:0px!important;}}@media only screen and (max-width:640px) {.fusion-title.fusion-title-2{margin-top:0px!important; margin-right:0px!important;margin-bottom:20px!important; margin-left:0px!important;}}<\/style><div class=\"fusion-title title fusion-title-2 fusion-sep-none fusion-title-text fusion-title-size-one\" style=\"margin-top:0px;margin-right:0px;margin-bottom:10px;margin-left:0px;\"><h1 class=\"title-heading-left\" style=\"margin:0;\"><p style=\"text-align: center;\">A METMARK KFT \u00dcZLETI \u00c9S TERMEL\u00c9SI KIH\u00cdV\u00c1SOKHOZ VAL\u00d3 ALKALMAZKOD\u00c1SA<\/p><\/h1><\/div><div ><span class=\"fusion-imageframe imageframe-none imageframe-2 hover-type-none\"><a class=\"fusion-no-lightbox\" href=\"http:\/\/metmark.hu\/wp-content\/uploads\/2024\/07\/GINOP_2023.pdf\" target=\"_blank\" aria-label=\"tabla-2021\" rel=\"noopener noreferrer\"><img decoding=\"async\" width=\"1024\" height=\"724\" src=\"http:\/\/metmark.hu\/wp-content\/uploads\/2024\/05\/tabla-2021-1024x724.jpg\" class=\"img-responsive wp-image-11406\" srcset=\"http:\/\/metmark.hu\/wp-content\/uploads\/2024\/05\/tabla-2021-200x141.jpg 200w, http:\/\/metmark.hu\/wp-content\/uploads\/2024\/05\/tabla-2021-400x283.jpg 400w, http:\/\/metmark.hu\/wp-content\/uploads\/2024\/05\/tabla-2021-600x424.jpg 600w, http:\/\/metmark.hu\/wp-content\/uploads\/2024\/05\/tabla-2021-800x566.jpg 800w, http:\/\/metmark.hu\/wp-content\/uploads\/2024\/05\/tabla-2021-1200x849.jpg 1200w\" sizes=\"(max-width: 1024px) 100vw, (max-width: 640px) 100vw, 1200px\" \/><\/a><\/span><\/div><style type=\"text\/css\">@media only screen and (max-width:1024px) {.fusion-title.fusion-title-3{margin-top:0px!important; margin-right:0px!important;margin-bottom:10px!important;margin-left:0px!important;}}@media only screen and (max-width:640px) {.fusion-title.fusion-title-3{margin-top:0px!important; margin-right:0px!important;margin-bottom:20px!important; margin-left:0px!important;}}<\/style><div class=\"fusion-title title fusion-title-3 fusion-sep-none fusion-title-text fusion-title-size-one\" style=\"margin-top:0px;margin-right:0px;margin-bottom:10px;margin-left:0px;\"><h1 class=\"title-heading-left\" style=\"margin:0;\">MIKRO-, KIS- \u00c9S K\u00d6Z\u00c9PV\u00c1LLALKOZ\u00c1SOK TECHNOL\u00d3GIAI KORSZER\u0170S\u00cdT\u00c9SE C\u00c9L\u00da HITELPROGRAM<\/h1><\/div><div ><span class=\"fusion-imageframe imageframe-none imageframe-3 hover-type-none\"><img decoding=\"async\" width=\"1210\" height=\"856\" title=\"ginop-hitel-honlapra\" src=\"http:\/\/metmark.hu\/wp-content\/uploads\/2022\/09\/ginop-hitel-honlapra.png\" class=\"img-responsive wp-image-9977\" srcset=\"http:\/\/metmark.hu\/wp-content\/uploads\/2022\/09\/ginop-hitel-honlapra-200x141.png 200w, http:\/\/metmark.hu\/wp-content\/uploads\/2022\/09\/ginop-hitel-honlapra-400x283.png 400w, http:\/\/metmark.hu\/wp-content\/uploads\/2022\/09\/ginop-hitel-honlapra-600x424.png 600w, http:\/\/metmark.hu\/wp-content\/uploads\/2022\/09\/ginop-hitel-honlapra-800x566.png 800w, http:\/\/metmark.hu\/wp-content\/uploads\/2022\/09\/ginop-hitel-honlapra-1200x849.png 1200w, http:\/\/metmark.hu\/wp-content\/uploads\/2022\/09\/ginop-hitel-honlapra.png 1210w\" sizes=\"(max-width: 1024px) 100vw, (max-width: 640px) 100vw, 1200px\" \/><\/span><\/div><\/div><style type=\"text\/css\">.fusion-body .fusion-builder-column-0{width:100% !important;margin-top : 0px;margin-bottom : 0px;}.fusion-builder-column-0 > .fusion-column-wrapper {padding-top : 0px !important;padding-right : 0px !important;margin-right : 1.92%;padding-bottom : 0px !important;padding-left : 0px !important;margin-left : 1.92%;}@media only screen and (max-width:1024px) {.fusion-body .fusion-builder-column-0{width:100% !important;order : 0;}.fusion-builder-column-0 > .fusion-column-wrapper {margin-right : 1.92%;margin-left : 1.92%;}}@media only screen and (max-width:640px) {.fusion-body .fusion-builder-column-0{width:100% !important;order : 0;}.fusion-builder-column-0 > .fusion-column-wrapper {margin-right : 1.92%;margin-left : 1.92%;}}<\/style><\/div><\/div><style type=\"text\/css\">.fusion-body .fusion-flex-container.fusion-builder-row-1{ padding-top : 0px;margin-top : 0px;padding-right : 0px;padding-bottom : 0px;margin-bottom : 0px;padding-left : 0px;}<\/style><\/div><div class=\"fusion-fullwidth fullwidth-box fusion-builder-row-2 fusion-flex-container nonhundred-percent-fullwidth non-hundred-percent-height-scrolling\" style=\"background-color: rgba(255,255,255,0);background-position: center center;background-repeat: no-repeat;border-width: 0px 0px 0px 0px;border-color:#eae9e9;border-style:solid;\" ><div class=\"fusion-builder-row fusion-row fusion-flex-align-items-flex-start\" style=\"max-width:1216.8px;margin-left: calc(-4% \/ 2 );margin-right: calc(-4% \/ 2 );\"><div class=\"fusion-layout-column fusion_builder_column fusion-builder-column-1 fusion_builder_column_1_1 1_1 fusion-flex-column\"><div class=\"fusion-column-wrapper fusion-flex-justify-content-flex-start fusion-content-layout-column\" style=\"background-position:left top;background-repeat:no-repeat;-webkit-background-size:cover;-moz-background-size:cover;-o-background-size:cover;background-size:cover;padding: 0px 0px 0px 0px;\"><style type=\"text\/css\">@media only screen and (max-width:1024px) {.fusion-title.fusion-title-4{margin-top:0px!important; margin-right:0px!important;margin-bottom:10px!important;margin-left:0px!important;}}@media only screen and (max-width:640px) {.fusion-title.fusion-title-4{margin-top:0px!important; margin-right:0px!important;margin-bottom:20px!important; margin-left:0px!important;}}<\/style><div class=\"fusion-title title fusion-title-4 fusion-sep-none fusion-title-text fusion-title-size-one\" style=\"margin-top:0px;margin-right:0px;margin-bottom:10px;margin-left:0px;\"><h1 class=\"title-heading-left\" style=\"margin:0;\"><p style=\"text-align: center;\">A METMARK KFT \u00dcZLETI \u00c9S <span style=\"color: var(--h1_typography-color); font-family: var(--h1_typography-font-family); font-size: var(--h1_typography-font-size); font-style: var(--h1_typography-font-style,normal); font-weight: var(--h1_typography-font-weight); letter-spacing: var(--h1_typography-letter-spacing); background-color: rgba(255, 255, 255, 0);\">TERMEL\u00c9SI KIH\u00cdV\u00c1SOKHOZ VAL\u00d3 <\/span><span style=\"color: var(--h1_typography-color); font-family: var(--h1_typography-font-family); font-size: var(--h1_typography-font-size); font-style: var(--h1_typography-font-style,normal); font-weight: var(--h1_typography-font-weight); letter-spacing: var(--h1_typography-letter-spacing); background-color: rgba(255, 255, 255, 0);\">ALKALMAZKOD\u00c1S\u00c1T SEG\u00cdT\u0150 <\/span><span style=\"color: var(--h1_typography-color); font-family: var(--h1_typography-font-family); font-size: var(--h1_typography-font-size); font-style: var(--h1_typography-font-style,normal); font-weight: var(--h1_typography-font-weight); letter-spacing: var(--h1_typography-letter-spacing); background-color: rgba(255, 255, 255, 0);\">FEJLESZT\u00c9SE<\/span><\/p><\/h1><\/div><\/div><style type=\"text\/css\">.fusion-body .fusion-builder-column-1{width:100% !important;margin-top : 0px;margin-bottom : 0px;}.fusion-builder-column-1 > .fusion-column-wrapper {padding-top : 0px !important;padding-right : 0px !important;margin-right : 1.92%;padding-bottom : 0px !important;padding-left : 0px !important;margin-left : 1.92%;}@media only screen and (max-width:1024px) {.fusion-body .fusion-builder-column-1{width:100% !important;order : 0;}.fusion-builder-column-1 > .fusion-column-wrapper {margin-right : 1.92%;margin-left : 1.92%;}}@media only screen and (max-width:640px) {.fusion-body .fusion-builder-column-1{width:100% !important;order : 0;}.fusion-builder-column-1 > .fusion-column-wrapper {margin-right : 1.92%;margin-left : 1.92%;}}<\/style><\/div><\/div><style type=\"text\/css\">.fusion-body .fusion-flex-container.fusion-builder-row-2{ padding-top : 0px;margin-top : 0px;padding-right : 0px;padding-bottom : 0px;margin-bottom : 0px;padding-left : 0px;}<\/style><\/div><div class=\"fusion-fullwidth fullwidth-box fusion-builder-row-3 fusion-flex-container nonhundred-percent-fullwidth non-hundred-percent-height-scrolling\" style=\"background-color: rgba(255,255,255,0);background-position: center center;background-repeat: no-repeat;border-width: 0px 0px 0px 0px;border-color:#eae9e9;border-style:solid;\" ><div class=\"fusion-builder-row fusion-row fusion-flex-align-items-flex-start\" style=\"max-width:1216.8px;margin-left: calc(-4% \/ 2 );margin-right: calc(-4% \/ 2 );\"><div class=\"fusion-layout-column fusion_builder_column fusion-builder-column-2 fusion_builder_column_1_1 1_1 fusion-flex-column\"><div class=\"fusion-column-wrapper fusion-flex-justify-content-flex-start fusion-content-layout-column\" style=\"background-position:left top;background-repeat:no-repeat;-webkit-background-size:cover;-moz-background-size:cover;-o-background-size:cover;background-size:cover;padding: 0px 0px 0px 0px;\"><div ><span class=\"fusion-imageframe imageframe-none imageframe-4 hover-type-none\"><img decoding=\"async\" width=\"1024\" height=\"724\" title=\"palyazat2\" src=\"http:\/\/metmark.hu\/wp-content\/uploads\/2022\/04\/palyazat2-1024x724.png\" class=\"img-responsive wp-image-9731\" srcset=\"http:\/\/metmark.hu\/wp-content\/uploads\/2022\/04\/palyazat2-200x141.png 200w, http:\/\/metmark.hu\/wp-content\/uploads\/2022\/04\/palyazat2-400x283.png 400w, http:\/\/metmark.hu\/wp-content\/uploads\/2022\/04\/palyazat2-600x424.png 600w, http:\/\/metmark.hu\/wp-content\/uploads\/2022\/04\/palyazat2-800x565.png 800w, http:\/\/metmark.hu\/wp-content\/uploads\/2022\/04\/palyazat2-1200x848.png 1200w, http:\/\/metmark.hu\/wp-content\/uploads\/2022\/04\/palyazat2.png 1231w\" sizes=\"(max-width: 1024px) 100vw, (max-width: 640px) 100vw, 1200px\" \/><\/span><\/div><\/div><style type=\"text\/css\">.fusion-body .fusion-builder-column-2{width:100% !important;margin-top : 0px;margin-bottom : 0px;}.fusion-builder-column-2 > .fusion-column-wrapper {padding-top : 0px !important;padding-right : 0px !important;margin-right : 1.92%;padding-bottom : 0px !important;padding-left : 0px !important;margin-left : 1.92%;}@media only screen and (max-width:1024px) {.fusion-body .fusion-builder-column-2{width:100% !important;order : 0;}.fusion-builder-column-2 > .fusion-column-wrapper {margin-right : 1.92%;margin-left : 1.92%;}}@media only screen and (max-width:640px) {.fusion-body .fusion-builder-column-2{width:100% !important;order : 0;}.fusion-builder-column-2 > .fusion-column-wrapper {margin-right : 1.92%;margin-left : 1.92%;}}<\/style><\/div><\/div><style type=\"text\/css\">.fusion-body .fusion-flex-container.fusion-builder-row-3{ padding-top : 0px;margin-top : 0px;padding-right : 0px;padding-bottom : 0px;margin-bottom : 0px;padding-left : 0px;}<\/style><\/div><\/p>","protected":false},"excerpt":{"rendered":"","protected":false},"author":2,"featured_media":0,"parent":0,"menu_order":0,"comment_status":"closed","ping_status":"closed","template":"","meta":{"footnotes":""},"class_list":["post-9726","page","type-page","status-publish","hentry"],"_links":{"self":[{"href":"http:\/\/metmark.hu\/en\/wp-json\/wp\/v2\/pages\/9726","targetHints":{"allow":["GET"]}}],"collection":[{"href":"http:\/\/metmark.hu\/en\/wp-json\/wp\/v2\/pages"}],"about":[{"href":"http:\/\/metmark.hu\/en\/wp-json\/wp\/v2\/types\/page"}],"author":[{"embeddable":true,"href":"http:\/\/metmark.hu\/en\/wp-json\/wp\/v2\/users\/2"}],"replies":[{"embeddable":true,"href":"http:\/\/metmark.hu\/en\/wp-json\/wp\/v2\/comments?post=9726"}],"version-history":[{"count":0,"href":"http:\/\/metmark.hu\/en\/wp-json\/wp\/v2\/pages\/9726\/revisions"}],"wp:attachment":[{"href":"http:\/\/metmark.hu\/en\/wp-json\/wp\/v2\/media?parent=9726"}],"curies":[{"name":"wp","href":"https:\/\/api.w.org\/{rel}","templated":true}]}}