{"id":6337,"date":"2018-05-10T16:01:56","date_gmt":"2018-05-10T14:01:56","guid":{"rendered":"http:\/\/metmark.hu\/?page_id=6337"},"modified":"2018-05-10T16:01:56","modified_gmt":"2018-05-10T14:01:56","slug":"borvidek-felmaraton-2018-kepei","status":"publish","type":"page","link":"http:\/\/metmark.hu\/en\/borvidek-felmaraton-2018-kepei\/","title":{"rendered":"Borvid\u00e9k F\u00e9lmaraton 2018 k\u00e9pei"},"content":{"rendered":"<div class=\"fusion-fullwidth fullwidth-box fusion-builder-row-1 nonhundred-percent-fullwidth non-hundred-percent-height-scrolling\" style=\"background-color: rgba(255,255,255,0);background-position: left top;background-repeat: no-repeat;padding-top:0px;padding-right:0px;padding-bottom:0px;padding-left:0px;margin-bottom: 60px;margin-top: 60px;border-width: 0px 0px 0px 0px;border-color:#eae9e9;border-style:solid;\" ><div class=\"fusion-builder-row fusion-row\"><div class=\"fusion-layout-column fusion_builder_column fusion-builder-column-0 fusion_builder_column_1_1 1_1 fusion-one-full fusion-column-first fusion-column-last\" style=\"margin-top:0px;margin-bottom:0px;\"><div class=\"fusion-column-wrapper fusion-flex-column-wrapper-legacy\" style=\"background-position:left top;background-repeat:no-repeat;-webkit-background-size:cover;-moz-background-size:cover;-o-background-size:cover;background-size:cover;padding: 0px 0px 0px 0px;\"><style type=\"text\/css\"><\/style><div class=\"fusion-title title fusion-title-1 fusion-sep-none fusion-title-text fusion-title-size-one\" style=\"margin-top:0px;margin-right:0px;margin-bottom:10px;margin-left:0px;\"><h1 class=\"title-heading-left\" style=\"margin:0;\"><h2>9. Borvid\u00e9k F\u00e9lmaraton<\/h2>\n<h3>Szeksz\u00e1rd<\/h3>\n<h3>2018. m\u00e1jus 5.<\/h3><\/h1><\/div><style type=\"text\/css\">.fusion-gallery-1 .fusion-gallery-image {border:0px solid #f6f6f6;}<\/style><div class=\"fusion-gallery fusion-gallery-container fusion-grid-3 fusion-columns-total-15 fusion-gallery-layout-masonry fusion-gallery-1\" style=\"margin:-5px;\"><div class=\"fusion-grid-column fusion-gallery-column fusion-gallery-column-3 hover-type-zoomin fusion-grid-sizer\"><\/div><div style=\"padding:5px;\" class=\"fusion-grid-column fusion-gallery-column fusion-gallery-column-3 hover-type-zoomin fusion-element-grid\"><div class=\"fusion-gallery-image\"><a href=\"http:\/\/metmark.hu\/wp-content\/uploads\/2018\/05\/borvidek-felmaraton-metmark-2018-16.jpg\" rel=\"noreferrer\" data-rel=\"iLightbox[gallery_image_1]\" class=\"fusion-lightbox\"><div style=\"background-image:url(http:\/\/metmark.hu\/wp-content\/uploads\/2018\/05\/borvidek-felmaraton-metmark-2018-16.jpg);padding-top:calc((100% + 10px) * 0.8 - 5px);\" class=\"fusion-masonry-element-container\"><img decoding=\"async\" src=\"http:\/\/metmark.hu\/wp-content\/uploads\/2018\/05\/borvidek-felmaraton-metmark-2018-16.jpg\" width=\"720\" height=\"480\" alt=\"Metmark Kft. szponzor\u00e1ci\u00f3 9. Borvid\u00e9k F\u00e9lmaraton 1\" title=\"Metmark Kft. szponzor\u00e1ci\u00f3 9. Borvid\u00e9k F\u00e9lmaraton 1\" aria-label=\"Metmark Kft. szponzor\u00e1ci\u00f3 9. Borvid\u00e9k F\u00e9lmaraton 1\" class=\"img-responsive wp-image-6336\" srcset=\"http:\/\/metmark.hu\/wp-content\/uploads\/2018\/05\/borvidek-felmaraton-metmark-2018-16-200x133.jpg 200w, http:\/\/metmark.hu\/wp-content\/uploads\/2018\/05\/borvidek-felmaraton-metmark-2018-16-400x267.jpg 400w, http:\/\/metmark.hu\/wp-content\/uploads\/2018\/05\/borvidek-felmaraton-metmark-2018-16-600x400.jpg 600w, http:\/\/metmark.hu\/wp-content\/uploads\/2018\/05\/borvidek-felmaraton-metmark-2018-16.jpg 720w\" sizes=\"(min-width: 2200px) 100vw, (min-width: 824px) 387px, (min-width: 732px) 580px, (min-width: 640px) 732px, \" \/><\/div><\/a><\/div><\/div><div style=\"padding:5px;\" class=\"fusion-grid-column fusion-gallery-column fusion-gallery-column-3 hover-type-zoomin fusion-element-grid\"><div class=\"fusion-gallery-image\"><a href=\"http:\/\/metmark.hu\/wp-content\/uploads\/2018\/05\/borvidek-felmaraton-metmark-2018-15.jpg\" rel=\"noreferrer\" data-rel=\"iLightbox[gallery_image_1]\" class=\"fusion-lightbox\"><div style=\"background-image:url(http:\/\/metmark.hu\/wp-content\/uploads\/2018\/05\/borvidek-felmaraton-metmark-2018-15.jpg);padding-top:calc((100% + 10px) * 0.8 - 5px);\" class=\"fusion-masonry-element-container\"><img decoding=\"async\" src=\"http:\/\/metmark.hu\/wp-content\/uploads\/2018\/05\/borvidek-felmaraton-metmark-2018-15.jpg\" width=\"640\" height=\"480\" alt=\"Metmark Kft. szponzor\u00e1ci\u00f3 9. Borvid\u00e9k F\u00e9lmaraton 2\" title=\"Metmark Kft. szponzor\u00e1ci\u00f3 9. Borvid\u00e9k F\u00e9lmaraton 2\" aria-label=\"Metmark Kft. szponzor\u00e1ci\u00f3 9. Borvid\u00e9k F\u00e9lmaraton 2\" class=\"img-responsive wp-image-6335\" srcset=\"http:\/\/metmark.hu\/wp-content\/uploads\/2018\/05\/borvidek-felmaraton-metmark-2018-15-200x150.jpg 200w, http:\/\/metmark.hu\/wp-content\/uploads\/2018\/05\/borvidek-felmaraton-metmark-2018-15-400x300.jpg 400w, http:\/\/metmark.hu\/wp-content\/uploads\/2018\/05\/borvidek-felmaraton-metmark-2018-15-600x450.jpg 600w, http:\/\/metmark.hu\/wp-content\/uploads\/2018\/05\/borvidek-felmaraton-metmark-2018-15.jpg 640w\" sizes=\"(min-width: 2200px) 100vw, (min-width: 824px) 387px, (min-width: 732px) 580px, (min-width: 640px) 732px, \" \/><\/div><\/a><\/div><\/div><div style=\"padding:5px;\" class=\"fusion-grid-column fusion-gallery-column fusion-gallery-column-3 hover-type-zoomin fusion-element-grid\"><div class=\"fusion-gallery-image\"><a href=\"http:\/\/metmark.hu\/wp-content\/uploads\/2018\/05\/borvidek-felmaraton-metmark-2018-14.jpg\" rel=\"noreferrer\" data-rel=\"iLightbox[gallery_image_1]\" class=\"fusion-lightbox\"><div style=\"background-image:url(http:\/\/metmark.hu\/wp-content\/uploads\/2018\/05\/borvidek-felmaraton-metmark-2018-14.jpg);padding-top:calc((100% + 10px) * 0.8 - 5px);\" class=\"fusion-masonry-element-container\"><img decoding=\"async\" src=\"http:\/\/metmark.hu\/wp-content\/uploads\/2018\/05\/borvidek-felmaraton-metmark-2018-14.jpg\" width=\"721\" height=\"480\" alt=\"Metmark Kft. szponzor\u00e1ci\u00f3 9. Borvid\u00e9k F\u00e9lmaraton 3\" title=\"Metmark Kft. szponzor\u00e1ci\u00f3 9. Borvid\u00e9k F\u00e9lmaraton 3\" aria-label=\"Metmark Kft. szponzor\u00e1ci\u00f3 9. Borvid\u00e9k F\u00e9lmaraton 3\" class=\"img-responsive wp-image-6334\" srcset=\"http:\/\/metmark.hu\/wp-content\/uploads\/2018\/05\/borvidek-felmaraton-metmark-2018-14-200x133.jpg 200w, http:\/\/metmark.hu\/wp-content\/uploads\/2018\/05\/borvidek-felmaraton-metmark-2018-14-400x266.jpg 400w, http:\/\/metmark.hu\/wp-content\/uploads\/2018\/05\/borvidek-felmaraton-metmark-2018-14-600x399.jpg 600w, http:\/\/metmark.hu\/wp-content\/uploads\/2018\/05\/borvidek-felmaraton-metmark-2018-14.jpg 721w\" sizes=\"(min-width: 2200px) 100vw, (min-width: 824px) 387px, (min-width: 732px) 580px, (min-width: 640px) 732px, \" \/><\/div><\/a><\/div><\/div><div style=\"padding:5px;\" class=\"fusion-grid-column fusion-gallery-column fusion-gallery-column-3 hover-type-zoomin fusion-element-grid\"><div class=\"fusion-gallery-image\"><a href=\"http:\/\/metmark.hu\/wp-content\/uploads\/2018\/05\/borvidek-felmaraton-metmark-2018-13.jpg\" rel=\"noreferrer\" data-rel=\"iLightbox[gallery_image_1]\" class=\"fusion-lightbox\"><div style=\"background-image:url(http:\/\/metmark.hu\/wp-content\/uploads\/2018\/05\/borvidek-felmaraton-metmark-2018-13.jpg);padding-top:calc((100% + 10px) * 0.8 - 5px);\" class=\"fusion-masonry-element-container\"><img decoding=\"async\" src=\"http:\/\/metmark.hu\/wp-content\/uploads\/2018\/05\/borvidek-felmaraton-metmark-2018-13.jpg\" width=\"720\" height=\"480\" alt=\"Metmark Kft. szponzor\u00e1ci\u00f3 9. Borvid\u00e9k F\u00e9lmaraton 4\" title=\"Metmark Kft. szponzor\u00e1ci\u00f3 9. Borvid\u00e9k F\u00e9lmaraton 4\" aria-label=\"Metmark Kft. szponzor\u00e1ci\u00f3 9. Borvid\u00e9k F\u00e9lmaraton 4\" class=\"img-responsive wp-image-6333\" srcset=\"http:\/\/metmark.hu\/wp-content\/uploads\/2018\/05\/borvidek-felmaraton-metmark-2018-13-200x133.jpg 200w, http:\/\/metmark.hu\/wp-content\/uploads\/2018\/05\/borvidek-felmaraton-metmark-2018-13-400x267.jpg 400w, http:\/\/metmark.hu\/wp-content\/uploads\/2018\/05\/borvidek-felmaraton-metmark-2018-13-600x400.jpg 600w, http:\/\/metmark.hu\/wp-content\/uploads\/2018\/05\/borvidek-felmaraton-metmark-2018-13.jpg 720w\" sizes=\"(min-width: 2200px) 100vw, (min-width: 824px) 387px, (min-width: 732px) 580px, (min-width: 640px) 732px, \" \/><\/div><\/a><\/div><\/div><div style=\"padding:5px;\" class=\"fusion-grid-column fusion-gallery-column fusion-gallery-column-3 hover-type-zoomin fusion-element-grid\"><div class=\"fusion-gallery-image\"><a href=\"http:\/\/metmark.hu\/wp-content\/uploads\/2018\/05\/borvidek-felmaraton-metmark-2018-12.jpg\" rel=\"noreferrer\" data-rel=\"iLightbox[gallery_image_1]\" class=\"fusion-lightbox\"><div style=\"background-image:url(http:\/\/metmark.hu\/wp-content\/uploads\/2018\/05\/borvidek-felmaraton-metmark-2018-12.jpg);padding-top:calc((100% + 10px) * 0.8 - 5px);\" class=\"fusion-masonry-element-container\"><img decoding=\"async\" src=\"http:\/\/metmark.hu\/wp-content\/uploads\/2018\/05\/borvidek-felmaraton-metmark-2018-12.jpg\" width=\"720\" height=\"480\" alt=\"Metmark Kft. szponzor\u00e1ci\u00f3 9. Borvid\u00e9k F\u00e9lmaraton 5\" title=\"Metmark Kft. szponzor\u00e1ci\u00f3 9. Borvid\u00e9k F\u00e9lmaraton 5\" aria-label=\"Metmark Kft. szponzor\u00e1ci\u00f3 9. Borvid\u00e9k F\u00e9lmaraton 5\" class=\"img-responsive wp-image-6332\" srcset=\"http:\/\/metmark.hu\/wp-content\/uploads\/2018\/05\/borvidek-felmaraton-metmark-2018-12-200x133.jpg 200w, http:\/\/metmark.hu\/wp-content\/uploads\/2018\/05\/borvidek-felmaraton-metmark-2018-12-400x267.jpg 400w, http:\/\/metmark.hu\/wp-content\/uploads\/2018\/05\/borvidek-felmaraton-metmark-2018-12-600x400.jpg 600w, http:\/\/metmark.hu\/wp-content\/uploads\/2018\/05\/borvidek-felmaraton-metmark-2018-12.jpg 720w\" sizes=\"(min-width: 2200px) 100vw, (min-width: 824px) 387px, (min-width: 732px) 580px, (min-width: 640px) 732px, \" \/><\/div><\/a><\/div><\/div><div style=\"padding:5px;\" class=\"fusion-grid-column fusion-gallery-column fusion-gallery-column-3 hover-type-zoomin fusion-element-grid\"><div class=\"fusion-gallery-image\"><a href=\"http:\/\/metmark.hu\/wp-content\/uploads\/2018\/05\/borvidek-felmaraton-metmark-2018-11.jpg\" rel=\"noreferrer\" data-rel=\"iLightbox[gallery_image_1]\" class=\"fusion-lightbox\"><div style=\"background-image:url(http:\/\/metmark.hu\/wp-content\/uploads\/2018\/05\/borvidek-felmaraton-metmark-2018-11.jpg);padding-top:calc((100% + 10px) * 0.8 - 5px);\" class=\"fusion-masonry-element-container\"><img decoding=\"async\" src=\"http:\/\/metmark.hu\/wp-content\/uploads\/2018\/05\/borvidek-felmaraton-metmark-2018-11.jpg\" width=\"720\" height=\"480\" alt=\"Metmark Kft. szponzor\u00e1ci\u00f3 9. Borvid\u00e9k F\u00e9lmaraton 6\" title=\"Metmark Kft. szponzor\u00e1ci\u00f3 9. Borvid\u00e9k F\u00e9lmaraton 6\" aria-label=\"Metmark Kft. szponzor\u00e1ci\u00f3 9. Borvid\u00e9k F\u00e9lmaraton 6\" class=\"img-responsive wp-image-6331\" srcset=\"http:\/\/metmark.hu\/wp-content\/uploads\/2018\/05\/borvidek-felmaraton-metmark-2018-11-200x133.jpg 200w, http:\/\/metmark.hu\/wp-content\/uploads\/2018\/05\/borvidek-felmaraton-metmark-2018-11-400x267.jpg 400w, http:\/\/metmark.hu\/wp-content\/uploads\/2018\/05\/borvidek-felmaraton-metmark-2018-11-600x400.jpg 600w, http:\/\/metmark.hu\/wp-content\/uploads\/2018\/05\/borvidek-felmaraton-metmark-2018-11.jpg 720w\" sizes=\"(min-width: 2200px) 100vw, (min-width: 824px) 387px, (min-width: 732px) 580px, (min-width: 640px) 732px, \" \/><\/div><\/a><\/div><\/div><div style=\"padding:5px;\" class=\"fusion-grid-column fusion-gallery-column fusion-gallery-column-3 hover-type-zoomin fusion-element-grid\"><div class=\"fusion-gallery-image\"><a href=\"http:\/\/metmark.hu\/wp-content\/uploads\/2018\/05\/borvidek-felmaraton-metmark-2018-10.jpg\" rel=\"noreferrer\" data-rel=\"iLightbox[gallery_image_1]\" class=\"fusion-lightbox\"><div style=\"background-image:url(http:\/\/metmark.hu\/wp-content\/uploads\/2018\/05\/borvidek-felmaraton-metmark-2018-10.jpg);padding-top:calc((100% + 10px) * 0.8 - 5px);\" class=\"fusion-masonry-element-container\"><img decoding=\"async\" src=\"http:\/\/metmark.hu\/wp-content\/uploads\/2018\/05\/borvidek-felmaraton-metmark-2018-10.jpg\" width=\"640\" height=\"480\" alt=\"Metmark Kft. szponzor\u00e1ci\u00f3 9. Borvid\u00e9k F\u00e9lmaraton 7\" title=\"Metmark Kft. szponzor\u00e1ci\u00f3 9. Borvid\u00e9k F\u00e9lmaraton 7\" aria-label=\"Metmark Kft. szponzor\u00e1ci\u00f3 9. Borvid\u00e9k F\u00e9lmaraton 7\" class=\"img-responsive wp-image-6330\" srcset=\"http:\/\/metmark.hu\/wp-content\/uploads\/2018\/05\/borvidek-felmaraton-metmark-2018-10-200x150.jpg 200w, http:\/\/metmark.hu\/wp-content\/uploads\/2018\/05\/borvidek-felmaraton-metmark-2018-10-400x300.jpg 400w, http:\/\/metmark.hu\/wp-content\/uploads\/2018\/05\/borvidek-felmaraton-metmark-2018-10-600x450.jpg 600w, http:\/\/metmark.hu\/wp-content\/uploads\/2018\/05\/borvidek-felmaraton-metmark-2018-10.jpg 640w\" sizes=\"(min-width: 2200px) 100vw, (min-width: 824px) 387px, (min-width: 732px) 580px, (min-width: 640px) 732px, \" \/><\/div><\/a><\/div><\/div><div style=\"padding:5px;\" class=\"fusion-grid-column fusion-gallery-column fusion-gallery-column-3 hover-type-zoomin fusion-element-grid\"><div class=\"fusion-gallery-image\"><a href=\"http:\/\/metmark.hu\/wp-content\/uploads\/2018\/05\/borvidek-felmaraton-metmark-2018-9.jpg\" rel=\"noreferrer\" data-rel=\"iLightbox[gallery_image_1]\" class=\"fusion-lightbox\"><div style=\"background-image:url(http:\/\/metmark.hu\/wp-content\/uploads\/2018\/05\/borvidek-felmaraton-metmark-2018-9.jpg);padding-top:calc((100% + 10px) * 0.8 - 5px);\" class=\"fusion-masonry-element-container\"><img decoding=\"async\" src=\"http:\/\/metmark.hu\/wp-content\/uploads\/2018\/05\/borvidek-felmaraton-metmark-2018-9.jpg\" width=\"640\" height=\"480\" alt=\"Metmark Kft. szponzor\u00e1ci\u00f3 9. Borvid\u00e9k F\u00e9lmaraton 8\" title=\"Metmark Kft. szponzor\u00e1ci\u00f3 9. Borvid\u00e9k F\u00e9lmaraton 8\" aria-label=\"Metmark Kft. szponzor\u00e1ci\u00f3 9. Borvid\u00e9k F\u00e9lmaraton 8\" class=\"img-responsive wp-image-6329\" srcset=\"http:\/\/metmark.hu\/wp-content\/uploads\/2018\/05\/borvidek-felmaraton-metmark-2018-9-200x150.jpg 200w, http:\/\/metmark.hu\/wp-content\/uploads\/2018\/05\/borvidek-felmaraton-metmark-2018-9-400x300.jpg 400w, http:\/\/metmark.hu\/wp-content\/uploads\/2018\/05\/borvidek-felmaraton-metmark-2018-9-600x450.jpg 600w, http:\/\/metmark.hu\/wp-content\/uploads\/2018\/05\/borvidek-felmaraton-metmark-2018-9.jpg 640w\" sizes=\"(min-width: 2200px) 100vw, (min-width: 824px) 387px, (min-width: 732px) 580px, (min-width: 640px) 732px, \" \/><\/div><\/a><\/div><\/div><div style=\"padding:5px;\" class=\"fusion-grid-column fusion-gallery-column fusion-gallery-column-3 hover-type-zoomin fusion-element-grid\"><div class=\"fusion-gallery-image\"><a href=\"http:\/\/metmark.hu\/wp-content\/uploads\/2018\/05\/borvidek-felmaraton-metmark-2018-8.jpg\" rel=\"noreferrer\" data-rel=\"iLightbox[gallery_image_1]\" class=\"fusion-lightbox\"><div style=\"background-image:url(http:\/\/metmark.hu\/wp-content\/uploads\/2018\/05\/borvidek-felmaraton-metmark-2018-8.jpg);padding-top:calc((100% + 10px) * 0.8 - 5px);\" class=\"fusion-masonry-element-container\"><img decoding=\"async\" src=\"http:\/\/metmark.hu\/wp-content\/uploads\/2018\/05\/borvidek-felmaraton-metmark-2018-8.jpg\" width=\"1543\" height=\"1023\" alt=\"Metmark Kft. szponzor\u00e1ci\u00f3 9. Borvid\u00e9k F\u00e9lmaraton 9\" title=\"Metmark Kft. szponzor\u00e1ci\u00f3 9. Borvid\u00e9k F\u00e9lmaraton 9\" aria-label=\"Metmark Kft. szponzor\u00e1ci\u00f3 9. Borvid\u00e9k F\u00e9lmaraton 9\" class=\"img-responsive wp-image-6328\" srcset=\"http:\/\/metmark.hu\/wp-content\/uploads\/2018\/05\/borvidek-felmaraton-metmark-2018-8-200x133.jpg 200w, http:\/\/metmark.hu\/wp-content\/uploads\/2018\/05\/borvidek-felmaraton-metmark-2018-8-400x265.jpg 400w, http:\/\/metmark.hu\/wp-content\/uploads\/2018\/05\/borvidek-felmaraton-metmark-2018-8-600x398.jpg 600w, http:\/\/metmark.hu\/wp-content\/uploads\/2018\/05\/borvidek-felmaraton-metmark-2018-8-800x530.jpg 800w, http:\/\/metmark.hu\/wp-content\/uploads\/2018\/05\/borvidek-felmaraton-metmark-2018-8-1200x796.jpg 1200w, http:\/\/metmark.hu\/wp-content\/uploads\/2018\/05\/borvidek-felmaraton-metmark-2018-8.jpg 1543w\" sizes=\"(min-width: 2200px) 100vw, (min-width: 824px) 387px, (min-width: 732px) 580px, (min-width: 640px) 732px, \" \/><\/div><\/a><\/div><\/div><div style=\"padding:5px;\" class=\"fusion-grid-column fusion-gallery-column fusion-gallery-column-3 hover-type-zoomin fusion-element-grid\"><div class=\"fusion-gallery-image\"><a href=\"http:\/\/metmark.hu\/wp-content\/uploads\/2018\/05\/borvidek-felmaraton-metmark-2018-7.jpg\" rel=\"noreferrer\" data-rel=\"iLightbox[gallery_image_1]\" class=\"fusion-lightbox\"><div style=\"background-image:url(http:\/\/metmark.hu\/wp-content\/uploads\/2018\/05\/borvidek-felmaraton-metmark-2018-7.jpg);padding-top:calc((100% + 10px) * 0.8 - 5px);\" class=\"fusion-masonry-element-container\"><img decoding=\"async\" src=\"http:\/\/metmark.hu\/wp-content\/uploads\/2018\/05\/borvidek-felmaraton-metmark-2018-7.jpg\" width=\"640\" height=\"480\" alt=\"Metmark Kft. szponzor\u00e1ci\u00f3 9. Borvid\u00e9k F\u00e9lmaraton 10\" title=\"Metmark Kft. szponzor\u00e1ci\u00f3 9. Borvid\u00e9k F\u00e9lmaraton 10\" aria-label=\"Metmark Kft. szponzor\u00e1ci\u00f3 9. Borvid\u00e9k F\u00e9lmaraton 10\" class=\"img-responsive wp-image-6327\" srcset=\"http:\/\/metmark.hu\/wp-content\/uploads\/2018\/05\/borvidek-felmaraton-metmark-2018-7-200x150.jpg 200w, http:\/\/metmark.hu\/wp-content\/uploads\/2018\/05\/borvidek-felmaraton-metmark-2018-7-400x300.jpg 400w, http:\/\/metmark.hu\/wp-content\/uploads\/2018\/05\/borvidek-felmaraton-metmark-2018-7-600x450.jpg 600w, http:\/\/metmark.hu\/wp-content\/uploads\/2018\/05\/borvidek-felmaraton-metmark-2018-7.jpg 640w\" sizes=\"(min-width: 2200px) 100vw, (min-width: 824px) 387px, (min-width: 732px) 580px, (min-width: 640px) 732px, \" \/><\/div><\/a><\/div><\/div><div style=\"padding:5px;\" class=\"fusion-grid-column fusion-gallery-column fusion-gallery-column-3 hover-type-zoomin fusion-element-grid\"><div class=\"fusion-gallery-image\"><a href=\"http:\/\/metmark.hu\/wp-content\/uploads\/2018\/05\/borvidek-felmaraton-metmark-2018-6.jpg\" rel=\"noreferrer\" data-rel=\"iLightbox[gallery_image_1]\" class=\"fusion-lightbox\"><div style=\"background-image:url(http:\/\/metmark.hu\/wp-content\/uploads\/2018\/05\/borvidek-felmaraton-metmark-2018-6.jpg);padding-top:calc((100% + 10px) * 0.8 - 5px);\" class=\"fusion-masonry-element-container\"><img decoding=\"async\" src=\"http:\/\/metmark.hu\/wp-content\/uploads\/2018\/05\/borvidek-felmaraton-metmark-2018-6.jpg\" width=\"640\" height=\"480\" alt=\"Metmark Kft. szponzor\u00e1ci\u00f3 9. Borvid\u00e9k F\u00e9lmaraton 11\" title=\"Metmark Kft. szponzor\u00e1ci\u00f3 9. Borvid\u00e9k F\u00e9lmaraton 11\" aria-label=\"Metmark Kft. szponzor\u00e1ci\u00f3 9. Borvid\u00e9k F\u00e9lmaraton 11\" class=\"img-responsive wp-image-6326\" srcset=\"http:\/\/metmark.hu\/wp-content\/uploads\/2018\/05\/borvidek-felmaraton-metmark-2018-6-200x150.jpg 200w, http:\/\/metmark.hu\/wp-content\/uploads\/2018\/05\/borvidek-felmaraton-metmark-2018-6-400x300.jpg 400w, http:\/\/metmark.hu\/wp-content\/uploads\/2018\/05\/borvidek-felmaraton-metmark-2018-6-600x450.jpg 600w, http:\/\/metmark.hu\/wp-content\/uploads\/2018\/05\/borvidek-felmaraton-metmark-2018-6.jpg 640w\" sizes=\"(min-width: 2200px) 100vw, (min-width: 824px) 387px, (min-width: 732px) 580px, (min-width: 640px) 732px, \" \/><\/div><\/a><\/div><\/div><div style=\"padding:5px;\" class=\"fusion-grid-column fusion-gallery-column fusion-gallery-column-3 hover-type-zoomin fusion-element-grid\"><div class=\"fusion-gallery-image\"><a href=\"http:\/\/metmark.hu\/wp-content\/uploads\/2018\/05\/borvidek-felmaraton-metmark-2018-4.jpg\" rel=\"noreferrer\" data-rel=\"iLightbox[gallery_image_1]\" class=\"fusion-lightbox\"><div style=\"background-image:url(http:\/\/metmark.hu\/wp-content\/uploads\/2018\/05\/borvidek-felmaraton-metmark-2018-4.jpg);padding-top:calc((100% + 10px) * 0.8 - 5px);\" class=\"fusion-masonry-element-container\"><img decoding=\"async\" src=\"http:\/\/metmark.hu\/wp-content\/uploads\/2018\/05\/borvidek-felmaraton-metmark-2018-4.jpg\" width=\"640\" height=\"480\" alt=\"Metmark Kft. szponzor\u00e1ci\u00f3 9. Borvid\u00e9k F\u00e9lmaraton 12\" title=\"Metmark Kft. szponzor\u00e1ci\u00f3 9. Borvid\u00e9k F\u00e9lmaraton 12\" aria-label=\"Metmark Kft. szponzor\u00e1ci\u00f3 9. Borvid\u00e9k F\u00e9lmaraton 12\" class=\"img-responsive wp-image-6324\" srcset=\"http:\/\/metmark.hu\/wp-content\/uploads\/2018\/05\/borvidek-felmaraton-metmark-2018-4-200x150.jpg 200w, http:\/\/metmark.hu\/wp-content\/uploads\/2018\/05\/borvidek-felmaraton-metmark-2018-4-400x300.jpg 400w, http:\/\/metmark.hu\/wp-content\/uploads\/2018\/05\/borvidek-felmaraton-metmark-2018-4-600x450.jpg 600w, http:\/\/metmark.hu\/wp-content\/uploads\/2018\/05\/borvidek-felmaraton-metmark-2018-4.jpg 640w\" sizes=\"(min-width: 2200px) 100vw, (min-width: 824px) 387px, (min-width: 732px) 580px, (min-width: 640px) 732px, \" \/><\/div><\/a><\/div><\/div><div style=\"padding:5px;\" class=\"fusion-grid-column fusion-gallery-column fusion-gallery-column-3 hover-type-zoomin fusion-element-grid\"><div class=\"fusion-gallery-image\"><a href=\"http:\/\/metmark.hu\/wp-content\/uploads\/2018\/05\/borvidek-felmaraton-metmark-2018-3.jpg\" rel=\"noreferrer\" data-rel=\"iLightbox[gallery_image_1]\" class=\"fusion-lightbox\"><div style=\"background-image:url(http:\/\/metmark.hu\/wp-content\/uploads\/2018\/05\/borvidek-felmaraton-metmark-2018-3.jpg);padding-top:calc((100% + 10px) * 0.8 - 5px);\" class=\"fusion-masonry-element-container\"><img decoding=\"async\" src=\"http:\/\/metmark.hu\/wp-content\/uploads\/2018\/05\/borvidek-felmaraton-metmark-2018-3.jpg\" width=\"640\" height=\"480\" alt=\"Metmark Kft. szponzor\u00e1ci\u00f3 9. Borvid\u00e9k F\u00e9lmaraton 13\" title=\"Metmark Kft. szponzor\u00e1ci\u00f3 9. Borvid\u00e9k F\u00e9lmaraton 13\" aria-label=\"Metmark Kft. szponzor\u00e1ci\u00f3 9. Borvid\u00e9k F\u00e9lmaraton 13\" class=\"img-responsive wp-image-6323\" srcset=\"http:\/\/metmark.hu\/wp-content\/uploads\/2018\/05\/borvidek-felmaraton-metmark-2018-3-200x150.jpg 200w, http:\/\/metmark.hu\/wp-content\/uploads\/2018\/05\/borvidek-felmaraton-metmark-2018-3-400x300.jpg 400w, http:\/\/metmark.hu\/wp-content\/uploads\/2018\/05\/borvidek-felmaraton-metmark-2018-3-600x450.jpg 600w, http:\/\/metmark.hu\/wp-content\/uploads\/2018\/05\/borvidek-felmaraton-metmark-2018-3.jpg 640w\" sizes=\"(min-width: 2200px) 100vw, (min-width: 824px) 387px, (min-width: 732px) 580px, (min-width: 640px) 732px, \" \/><\/div><\/a><\/div><\/div><div style=\"padding:5px;\" class=\"fusion-grid-column fusion-gallery-column fusion-gallery-column-3 hover-type-zoomin fusion-element-grid\"><div class=\"fusion-gallery-image\"><a href=\"http:\/\/metmark.hu\/wp-content\/uploads\/2018\/05\/borvidek-felmaraton-metmark-2018-2.jpg\" rel=\"noreferrer\" data-rel=\"iLightbox[gallery_image_1]\" class=\"fusion-lightbox\"><div style=\"background-image:url(http:\/\/metmark.hu\/wp-content\/uploads\/2018\/05\/borvidek-felmaraton-metmark-2018-2.jpg);padding-top:calc((100% + 10px) * 0.8 - 5px);\" class=\"fusion-masonry-element-container\"><img decoding=\"async\" src=\"http:\/\/metmark.hu\/wp-content\/uploads\/2018\/05\/borvidek-felmaraton-metmark-2018-2.jpg\" width=\"640\" height=\"480\" alt=\"Metmark Kft. szponzor\u00e1ci\u00f3 9. Borvid\u00e9k F\u00e9lmaraton 14\" title=\"Metmark Kft. szponzor\u00e1ci\u00f3 9. Borvid\u00e9k F\u00e9lmaraton 14\" aria-label=\"Metmark Kft. szponzor\u00e1ci\u00f3 9. Borvid\u00e9k F\u00e9lmaraton 14\" class=\"img-responsive wp-image-6322\" srcset=\"http:\/\/metmark.hu\/wp-content\/uploads\/2018\/05\/borvidek-felmaraton-metmark-2018-2-200x150.jpg 200w, http:\/\/metmark.hu\/wp-content\/uploads\/2018\/05\/borvidek-felmaraton-metmark-2018-2-400x300.jpg 400w, http:\/\/metmark.hu\/wp-content\/uploads\/2018\/05\/borvidek-felmaraton-metmark-2018-2-600x450.jpg 600w, http:\/\/metmark.hu\/wp-content\/uploads\/2018\/05\/borvidek-felmaraton-metmark-2018-2.jpg 640w\" sizes=\"(min-width: 2200px) 100vw, (min-width: 824px) 387px, (min-width: 732px) 580px, (min-width: 640px) 732px, \" \/><\/div><\/a><\/div><\/div><div style=\"padding:5px;\" class=\"fusion-grid-column fusion-gallery-column fusion-gallery-column-3 hover-type-zoomin fusion-element-grid\"><div class=\"fusion-gallery-image\"><a href=\"http:\/\/metmark.hu\/wp-content\/uploads\/2018\/05\/borvidek-felmaraton-metmark-2018-1.jpg\" rel=\"noreferrer\" data-rel=\"iLightbox[gallery_image_1]\" class=\"fusion-lightbox\"><div style=\"background-image:url(http:\/\/metmark.hu\/wp-content\/uploads\/2018\/05\/borvidek-felmaraton-metmark-2018-1.jpg);padding-top:calc((100% + 10px) * 0.8 - 5px);\" class=\"fusion-masonry-element-container\"><img decoding=\"async\" src=\"http:\/\/metmark.hu\/wp-content\/uploads\/2018\/05\/borvidek-felmaraton-metmark-2018-1.jpg\" width=\"640\" height=\"480\" alt=\"Metmark Kft. szponzor\u00e1ci\u00f3 9. Borvid\u00e9k F\u00e9lmaraton 15\" title=\"Metmark Kft. szponzor\u00e1ci\u00f3 9. Borvid\u00e9k F\u00e9lmaraton 15\" aria-label=\"Metmark Kft. szponzor\u00e1ci\u00f3 9. Borvid\u00e9k F\u00e9lmaraton 15\" class=\"img-responsive wp-image-6321\" srcset=\"http:\/\/metmark.hu\/wp-content\/uploads\/2018\/05\/borvidek-felmaraton-metmark-2018-1-200x150.jpg 200w, http:\/\/metmark.hu\/wp-content\/uploads\/2018\/05\/borvidek-felmaraton-metmark-2018-1-400x300.jpg 400w, http:\/\/metmark.hu\/wp-content\/uploads\/2018\/05\/borvidek-felmaraton-metmark-2018-1-600x450.jpg 600w, http:\/\/metmark.hu\/wp-content\/uploads\/2018\/05\/borvidek-felmaraton-metmark-2018-1.jpg 640w\" sizes=\"(min-width: 2200px) 100vw, (min-width: 824px) 387px, (min-width: 732px) 580px, (min-width: 640px) 732px, \" \/><\/div><\/a><\/div><\/div><\/div><div class=\"fusion-clearfix\"><\/div><\/div><\/div><\/div><\/div>","protected":false},"excerpt":{"rendered":"","protected":false},"author":2,"featured_media":0,"parent":0,"menu_order":0,"comment_status":"closed","ping_status":"closed","template":"100-width.php","meta":{"footnotes":""},"class_list":["post-6337","page","type-page","status-publish","hentry"],"_links":{"self":[{"href":"http:\/\/metmark.hu\/en\/wp-json\/wp\/v2\/pages\/6337","targetHints":{"allow":["GET"]}}],"collection":[{"href":"http:\/\/metmark.hu\/en\/wp-json\/wp\/v2\/pages"}],"about":[{"href":"http:\/\/metmark.hu\/en\/wp-json\/wp\/v2\/types\/page"}],"author":[{"embeddable":true,"href":"http:\/\/metmark.hu\/en\/wp-json\/wp\/v2\/users\/2"}],"replies":[{"embeddable":true,"href":"http:\/\/metmark.hu\/en\/wp-json\/wp\/v2\/comments?post=6337"}],"version-history":[{"count":0,"href":"http:\/\/metmark.hu\/en\/wp-json\/wp\/v2\/pages\/6337\/revisions"}],"wp:attachment":[{"href":"http:\/\/metmark.hu\/en\/wp-json\/wp\/v2\/media?parent=6337"}],"curies":[{"name":"wp","href":"https:\/\/api.w.org\/{rel}","templated":true}]}}