{"id":6309,"date":"2018-05-10T15:25:17","date_gmt":"2018-05-10T13:25:17","guid":{"rendered":"http:\/\/metmark.hu\/?page_id=6309"},"modified":"2018-05-10T15:32:47","modified_gmt":"2018-05-10T13:32:47","slug":"metmark-majalis-2018-kepei","status":"publish","type":"page","link":"http:\/\/metmark.hu\/en\/metmark-majalis-2018-kepei\/","title":{"rendered":"Metmark Maj\u00e1lis 2018 k\u00e9pei"},"content":{"rendered":"<div class=\"fusion-fullwidth fullwidth-box fusion-builder-row-1 nonhundred-percent-fullwidth non-hundred-percent-height-scrolling\" style=\"background-color: rgba(255,255,255,0);background-position: left top;background-repeat: no-repeat;padding-top:0px;padding-right:0px;padding-bottom:0px;padding-left:0px;margin-bottom: 60px;margin-top: 60px;border-width: 0px 0px 0px 0px;border-color:#eae9e9;border-style:solid;\" ><div class=\"fusion-builder-row fusion-row\"><div class=\"fusion-layout-column fusion_builder_column fusion-builder-column-0 fusion_builder_column_1_1 1_1 fusion-one-full fusion-column-first fusion-column-last\" style=\"margin-top:0px;margin-bottom:0px;\"><div class=\"fusion-column-wrapper fusion-flex-column-wrapper-legacy\" style=\"background-position:left top;background-repeat:no-repeat;-webkit-background-size:cover;-moz-background-size:cover;-o-background-size:cover;background-size:cover;padding: 0px 0px 0px 0px;\"><style type=\"text\/css\"><\/style><div class=\"fusion-title title fusion-title-1 fusion-sep-none fusion-title-text fusion-title-size-one\" style=\"margin-top:0px;margin-right:0px;margin-bottom:10px;margin-left:0px;\"><h1 class=\"title-heading-left\" style=\"margin:0;\"><h2>Metmark Maj\u00e1lis<\/h2>\n<h3>Szeksz\u00e1rd &#8211; S\u00f6t\u00e9tv\u00f6lgy<\/h3>\n<h3>2018. \u00e1prilis 30.<\/h3><\/h1><\/div><style type=\"text\/css\">.fusion-gallery-1 .fusion-gallery-image {border:0px solid #f6f6f6;}<\/style><div class=\"fusion-gallery fusion-gallery-container fusion-grid-3 fusion-columns-total-12 fusion-gallery-layout-masonry fusion-gallery-1\" style=\"margin:-5px;\"><div class=\"fusion-grid-column fusion-gallery-column fusion-gallery-column-3 hover-type-zoomin fusion-grid-sizer\"><\/div><div style=\"padding:5px;\" class=\"fusion-grid-column fusion-gallery-column fusion-gallery-column-3 hover-type-zoomin fusion-element-grid\"><div class=\"fusion-gallery-image\"><a href=\"http:\/\/metmark.hu\/wp-content\/uploads\/2018\/05\/metmark-majalis-2018-12.jpg\" rel=\"noreferrer\" data-rel=\"iLightbox[gallery_image_1]\" class=\"fusion-lightbox\"><div style=\"background-image:url(http:\/\/metmark.hu\/wp-content\/uploads\/2018\/05\/metmark-majalis-2018-12.jpg);padding-top:calc((100% + 10px) * 0.8 - 5px);\" class=\"fusion-masonry-element-container\"><img decoding=\"async\" src=\"http:\/\/metmark.hu\/wp-content\/uploads\/2018\/05\/metmark-majalis-2018-12.jpg\" width=\"640\" height=\"480\" alt=\"Metmark Maj\u00e1lis 2018\" title=\"Metmark Maj\u00e1lis 2018\" aria-label=\"Metmark Maj\u00e1lis 2018\" class=\"img-responsive wp-image-6308\" srcset=\"http:\/\/metmark.hu\/wp-content\/uploads\/2018\/05\/metmark-majalis-2018-12-200x150.jpg 200w, http:\/\/metmark.hu\/wp-content\/uploads\/2018\/05\/metmark-majalis-2018-12-400x300.jpg 400w, http:\/\/metmark.hu\/wp-content\/uploads\/2018\/05\/metmark-majalis-2018-12-600x450.jpg 600w, http:\/\/metmark.hu\/wp-content\/uploads\/2018\/05\/metmark-majalis-2018-12.jpg 640w\" sizes=\"(min-width: 2200px) 100vw, (min-width: 824px) 387px, (min-width: 732px) 580px, (min-width: 640px) 732px, \" \/><\/div><\/a><\/div><\/div><div style=\"padding:5px;\" class=\"fusion-grid-column fusion-gallery-column fusion-gallery-column-3 hover-type-zoomin fusion-element-grid\"><div class=\"fusion-gallery-image\"><a href=\"http:\/\/metmark.hu\/wp-content\/uploads\/2018\/05\/metmark-majalis-2018-11.jpg\" rel=\"noreferrer\" data-rel=\"iLightbox[gallery_image_1]\" class=\"fusion-lightbox\"><div style=\"background-image:url(http:\/\/metmark.hu\/wp-content\/uploads\/2018\/05\/metmark-majalis-2018-11.jpg);padding-top:calc((100% + 10px) * 0.8 - 5px);\" class=\"fusion-masonry-element-container\"><img decoding=\"async\" src=\"http:\/\/metmark.hu\/wp-content\/uploads\/2018\/05\/metmark-majalis-2018-11.jpg\" width=\"640\" height=\"480\" alt=\"Metmark Maj\u00e1lis 2018 1\" title=\"Metmark Maj\u00e1lis 2018 1\" aria-label=\"Metmark Maj\u00e1lis 2018 1\" class=\"img-responsive wp-image-6307\" srcset=\"http:\/\/metmark.hu\/wp-content\/uploads\/2018\/05\/metmark-majalis-2018-11-200x150.jpg 200w, http:\/\/metmark.hu\/wp-content\/uploads\/2018\/05\/metmark-majalis-2018-11-400x300.jpg 400w, http:\/\/metmark.hu\/wp-content\/uploads\/2018\/05\/metmark-majalis-2018-11-600x450.jpg 600w, http:\/\/metmark.hu\/wp-content\/uploads\/2018\/05\/metmark-majalis-2018-11.jpg 640w\" sizes=\"(min-width: 2200px) 100vw, (min-width: 824px) 387px, (min-width: 732px) 580px, (min-width: 640px) 732px, \" \/><\/div><\/a><\/div><\/div><div style=\"padding:5px;\" class=\"fusion-grid-column fusion-gallery-column fusion-gallery-column-3 hover-type-zoomin fusion-element-landscape\"><div class=\"fusion-gallery-image\"><a href=\"http:\/\/metmark.hu\/wp-content\/uploads\/2018\/05\/metmark-majalis-2018-10.jpg\" rel=\"noreferrer\" data-rel=\"iLightbox[gallery_image_1]\" class=\"fusion-lightbox\"><div style=\"background-image:url(http:\/\/metmark.hu\/wp-content\/uploads\/2018\/05\/metmark-majalis-2018-10.jpg);padding-top:calc((100% + 10px) * 0.4 - 5px);\" class=\"fusion-masonry-element-container\"><img decoding=\"async\" src=\"http:\/\/metmark.hu\/wp-content\/uploads\/2018\/05\/metmark-majalis-2018-10.jpg\" width=\"987\" height=\"480\" alt=\"Metmark Maj\u00e1lis 2018 2\" title=\"Metmark Maj\u00e1lis 2018 2\" aria-label=\"Metmark Maj\u00e1lis 2018 2\" class=\"img-responsive wp-image-6306\" srcset=\"http:\/\/metmark.hu\/wp-content\/uploads\/2018\/05\/metmark-majalis-2018-10-200x97.jpg 200w, http:\/\/metmark.hu\/wp-content\/uploads\/2018\/05\/metmark-majalis-2018-10-400x195.jpg 400w, http:\/\/metmark.hu\/wp-content\/uploads\/2018\/05\/metmark-majalis-2018-10-600x292.jpg 600w, http:\/\/metmark.hu\/wp-content\/uploads\/2018\/05\/metmark-majalis-2018-10-800x389.jpg 800w, http:\/\/metmark.hu\/wp-content\/uploads\/2018\/05\/metmark-majalis-2018-10.jpg 987w\" sizes=\"(min-width: 2200px) 100vw, (min-width: 640px) 1170px, \" \/><\/div><\/a><\/div><\/div><div style=\"padding:5px;\" class=\"fusion-grid-column fusion-gallery-column fusion-gallery-column-3 hover-type-zoomin fusion-element-landscape\"><div class=\"fusion-gallery-image\"><a href=\"http:\/\/metmark.hu\/wp-content\/uploads\/2018\/05\/metmark-majalis-2018-9.jpg\" rel=\"noreferrer\" data-rel=\"iLightbox[gallery_image_1]\" class=\"fusion-lightbox\"><div style=\"background-image:url(http:\/\/metmark.hu\/wp-content\/uploads\/2018\/05\/metmark-majalis-2018-9.jpg);padding-top:calc((100% + 10px) * 0.4 - 5px);\" class=\"fusion-masonry-element-container\"><img decoding=\"async\" src=\"http:\/\/metmark.hu\/wp-content\/uploads\/2018\/05\/metmark-majalis-2018-9.jpg\" width=\"987\" height=\"480\" alt=\"Metmark Maj\u00e1lis 2018 3\" title=\"Metmark Maj\u00e1lis 2018 3\" aria-label=\"Metmark Maj\u00e1lis 2018 3\" class=\"img-responsive wp-image-6305\" srcset=\"http:\/\/metmark.hu\/wp-content\/uploads\/2018\/05\/metmark-majalis-2018-9-200x97.jpg 200w, http:\/\/metmark.hu\/wp-content\/uploads\/2018\/05\/metmark-majalis-2018-9-400x195.jpg 400w, http:\/\/metmark.hu\/wp-content\/uploads\/2018\/05\/metmark-majalis-2018-9-600x292.jpg 600w, http:\/\/metmark.hu\/wp-content\/uploads\/2018\/05\/metmark-majalis-2018-9-800x389.jpg 800w, http:\/\/metmark.hu\/wp-content\/uploads\/2018\/05\/metmark-majalis-2018-9.jpg 987w\" sizes=\"(min-width: 2200px) 100vw, (min-width: 640px) 1170px, \" \/><\/div><\/a><\/div><\/div><div style=\"padding:5px;\" class=\"fusion-grid-column fusion-gallery-column fusion-gallery-column-3 hover-type-zoomin fusion-element-landscape\"><div class=\"fusion-gallery-image\"><a href=\"http:\/\/metmark.hu\/wp-content\/uploads\/2018\/05\/metmark-majalis-2018-8.jpg\" rel=\"noreferrer\" data-rel=\"iLightbox[gallery_image_1]\" class=\"fusion-lightbox\"><div style=\"background-image:url(http:\/\/metmark.hu\/wp-content\/uploads\/2018\/05\/metmark-majalis-2018-8.jpg);padding-top:calc((100% + 10px) * 0.4 - 5px);\" class=\"fusion-masonry-element-container\"><img decoding=\"async\" src=\"http:\/\/metmark.hu\/wp-content\/uploads\/2018\/05\/metmark-majalis-2018-8.jpg\" width=\"987\" height=\"480\" alt=\"Metmark Maj\u00e1lis 2018 4\" title=\"Metmark Maj\u00e1lis 2018 4\" aria-label=\"Metmark Maj\u00e1lis 2018 4\" class=\"img-responsive wp-image-6304\" srcset=\"http:\/\/metmark.hu\/wp-content\/uploads\/2018\/05\/metmark-majalis-2018-8-200x97.jpg 200w, http:\/\/metmark.hu\/wp-content\/uploads\/2018\/05\/metmark-majalis-2018-8-400x195.jpg 400w, http:\/\/metmark.hu\/wp-content\/uploads\/2018\/05\/metmark-majalis-2018-8-600x292.jpg 600w, http:\/\/metmark.hu\/wp-content\/uploads\/2018\/05\/metmark-majalis-2018-8-800x389.jpg 800w, http:\/\/metmark.hu\/wp-content\/uploads\/2018\/05\/metmark-majalis-2018-8.jpg 987w\" sizes=\"(min-width: 2200px) 100vw, (min-width: 640px) 1170px, \" \/><\/div><\/a><\/div><\/div><div style=\"padding:5px;\" class=\"fusion-grid-column fusion-gallery-column fusion-gallery-column-3 hover-type-zoomin fusion-element-grid\"><div class=\"fusion-gallery-image\"><a href=\"http:\/\/metmark.hu\/wp-content\/uploads\/2018\/05\/metmark-majalis-2018-7.jpg\" rel=\"noreferrer\" data-rel=\"iLightbox[gallery_image_1]\" class=\"fusion-lightbox\"><div style=\"background-image:url(http:\/\/metmark.hu\/wp-content\/uploads\/2018\/05\/metmark-majalis-2018-7.jpg);padding-top:calc((100% + 10px) * 0.8 - 5px);\" class=\"fusion-masonry-element-container\"><img decoding=\"async\" src=\"http:\/\/metmark.hu\/wp-content\/uploads\/2018\/05\/metmark-majalis-2018-7.jpg\" width=\"640\" height=\"480\" alt=\"Metmark Maj\u00e1lis 2018 5\" title=\"Metmark Maj\u00e1lis 2018 5\" aria-label=\"Metmark Maj\u00e1lis 2018 5\" class=\"img-responsive wp-image-6303\" srcset=\"http:\/\/metmark.hu\/wp-content\/uploads\/2018\/05\/metmark-majalis-2018-7-200x150.jpg 200w, http:\/\/metmark.hu\/wp-content\/uploads\/2018\/05\/metmark-majalis-2018-7-400x300.jpg 400w, http:\/\/metmark.hu\/wp-content\/uploads\/2018\/05\/metmark-majalis-2018-7-600x450.jpg 600w, http:\/\/metmark.hu\/wp-content\/uploads\/2018\/05\/metmark-majalis-2018-7.jpg 640w\" sizes=\"(min-width: 2200px) 100vw, (min-width: 824px) 387px, (min-width: 732px) 580px, (min-width: 640px) 732px, \" \/><\/div><\/a><\/div><\/div><div style=\"padding:5px;\" class=\"fusion-grid-column fusion-gallery-column fusion-gallery-column-3 hover-type-zoomin fusion-element-grid\"><div class=\"fusion-gallery-image\"><a href=\"http:\/\/metmark.hu\/wp-content\/uploads\/2018\/05\/metmark-majalis-2018-5.jpg\" rel=\"noreferrer\" data-rel=\"iLightbox[gallery_image_1]\" class=\"fusion-lightbox\"><div style=\"background-image:url(http:\/\/metmark.hu\/wp-content\/uploads\/2018\/05\/metmark-majalis-2018-5.jpg);padding-top:calc((100% + 10px) * 0.8 - 5px);\" class=\"fusion-masonry-element-container\"><img decoding=\"async\" src=\"http:\/\/metmark.hu\/wp-content\/uploads\/2018\/05\/metmark-majalis-2018-5.jpg\" width=\"640\" height=\"480\" alt=\"Metmark Maj\u00e1lis 2018 6\" title=\"Metmark Maj\u00e1lis 2018 6\" aria-label=\"Metmark Maj\u00e1lis 2018 6\" class=\"img-responsive wp-image-6301\" srcset=\"http:\/\/metmark.hu\/wp-content\/uploads\/2018\/05\/metmark-majalis-2018-5-200x150.jpg 200w, http:\/\/metmark.hu\/wp-content\/uploads\/2018\/05\/metmark-majalis-2018-5-400x300.jpg 400w, http:\/\/metmark.hu\/wp-content\/uploads\/2018\/05\/metmark-majalis-2018-5-600x450.jpg 600w, http:\/\/metmark.hu\/wp-content\/uploads\/2018\/05\/metmark-majalis-2018-5.jpg 640w\" sizes=\"(min-width: 2200px) 100vw, (min-width: 824px) 387px, (min-width: 732px) 580px, (min-width: 640px) 732px, \" \/><\/div><\/a><\/div><\/div><div style=\"padding:5px;\" class=\"fusion-grid-column fusion-gallery-column fusion-gallery-column-3 hover-type-zoomin fusion-element-grid\"><div class=\"fusion-gallery-image\"><a href=\"http:\/\/metmark.hu\/wp-content\/uploads\/2018\/05\/metmark-majalis-2018-6.jpg\" rel=\"noreferrer\" data-rel=\"iLightbox[gallery_image_1]\" class=\"fusion-lightbox\"><div style=\"background-image:url(http:\/\/metmark.hu\/wp-content\/uploads\/2018\/05\/metmark-majalis-2018-6.jpg);padding-top:calc((100% + 10px) * 0.8 - 5px);\" class=\"fusion-masonry-element-container\"><img decoding=\"async\" src=\"http:\/\/metmark.hu\/wp-content\/uploads\/2018\/05\/metmark-majalis-2018-6.jpg\" width=\"640\" height=\"480\" alt=\"Metmark Maj\u00e1lis 2018 7\" title=\"Metmark Maj\u00e1lis 2018 7\" aria-label=\"Metmark Maj\u00e1lis 2018 7\" class=\"img-responsive wp-image-6302\" srcset=\"http:\/\/metmark.hu\/wp-content\/uploads\/2018\/05\/metmark-majalis-2018-6-200x150.jpg 200w, http:\/\/metmark.hu\/wp-content\/uploads\/2018\/05\/metmark-majalis-2018-6-400x300.jpg 400w, http:\/\/metmark.hu\/wp-content\/uploads\/2018\/05\/metmark-majalis-2018-6-600x450.jpg 600w, http:\/\/metmark.hu\/wp-content\/uploads\/2018\/05\/metmark-majalis-2018-6.jpg 640w\" sizes=\"(min-width: 2200px) 100vw, (min-width: 824px) 387px, (min-width: 732px) 580px, (min-width: 640px) 732px, \" \/><\/div><\/a><\/div><\/div><div style=\"padding:5px;\" class=\"fusion-grid-column fusion-gallery-column fusion-gallery-column-3 hover-type-zoomin fusion-element-grid\"><div class=\"fusion-gallery-image\"><a href=\"http:\/\/metmark.hu\/wp-content\/uploads\/2018\/05\/metmark-majalis-2018-4.jpg\" rel=\"noreferrer\" data-rel=\"iLightbox[gallery_image_1]\" class=\"fusion-lightbox\"><div style=\"background-image:url(http:\/\/metmark.hu\/wp-content\/uploads\/2018\/05\/metmark-majalis-2018-4.jpg);padding-top:calc((100% + 10px) * 0.8 - 5px);\" class=\"fusion-masonry-element-container\"><img decoding=\"async\" src=\"http:\/\/metmark.hu\/wp-content\/uploads\/2018\/05\/metmark-majalis-2018-4.jpg\" width=\"640\" height=\"480\" alt=\"Metmark Maj\u00e1lis 2018 9\" title=\"Metmark Maj\u00e1lis 2018 9\" aria-label=\"Metmark Maj\u00e1lis 2018 9\" class=\"img-responsive wp-image-6300\" srcset=\"http:\/\/metmark.hu\/wp-content\/uploads\/2018\/05\/metmark-majalis-2018-4-200x150.jpg 200w, http:\/\/metmark.hu\/wp-content\/uploads\/2018\/05\/metmark-majalis-2018-4-400x300.jpg 400w, http:\/\/metmark.hu\/wp-content\/uploads\/2018\/05\/metmark-majalis-2018-4-600x450.jpg 600w, http:\/\/metmark.hu\/wp-content\/uploads\/2018\/05\/metmark-majalis-2018-4.jpg 640w\" sizes=\"(min-width: 2200px) 100vw, (min-width: 824px) 387px, (min-width: 732px) 580px, (min-width: 640px) 732px, \" \/><\/div><\/a><\/div><\/div><div style=\"padding:5px;\" class=\"fusion-grid-column fusion-gallery-column fusion-gallery-column-3 hover-type-zoomin fusion-element-grid\"><div class=\"fusion-gallery-image\"><a href=\"http:\/\/metmark.hu\/wp-content\/uploads\/2018\/05\/metmark-majalis-2018-3.jpg\" rel=\"noreferrer\" data-rel=\"iLightbox[gallery_image_1]\" class=\"fusion-lightbox\"><div style=\"background-image:url(http:\/\/metmark.hu\/wp-content\/uploads\/2018\/05\/metmark-majalis-2018-3.jpg);padding-top:calc((100% + 10px) * 0.8 - 5px);\" class=\"fusion-masonry-element-container\"><img decoding=\"async\" src=\"http:\/\/metmark.hu\/wp-content\/uploads\/2018\/05\/metmark-majalis-2018-3.jpg\" width=\"640\" height=\"480\" alt=\"Metmark Maj\u00e1lis 2018 8\" title=\"Metmark Maj\u00e1lis 2018 8\" aria-label=\"Metmark Maj\u00e1lis 2018 8\" class=\"img-responsive wp-image-6299\" srcset=\"http:\/\/metmark.hu\/wp-content\/uploads\/2018\/05\/metmark-majalis-2018-3-200x150.jpg 200w, http:\/\/metmark.hu\/wp-content\/uploads\/2018\/05\/metmark-majalis-2018-3-400x300.jpg 400w, http:\/\/metmark.hu\/wp-content\/uploads\/2018\/05\/metmark-majalis-2018-3-600x450.jpg 600w, http:\/\/metmark.hu\/wp-content\/uploads\/2018\/05\/metmark-majalis-2018-3.jpg 640w\" sizes=\"(min-width: 2200px) 100vw, (min-width: 824px) 387px, (min-width: 732px) 580px, (min-width: 640px) 732px, \" \/><\/div><\/a><\/div><\/div><div style=\"padding:5px;\" class=\"fusion-grid-column fusion-gallery-column fusion-gallery-column-3 hover-type-zoomin fusion-element-grid\"><div class=\"fusion-gallery-image\"><a href=\"http:\/\/metmark.hu\/wp-content\/uploads\/2018\/05\/metmark-majalis-2018-2.jpg\" rel=\"noreferrer\" data-rel=\"iLightbox[gallery_image_1]\" class=\"fusion-lightbox\"><div style=\"background-image:url(http:\/\/metmark.hu\/wp-content\/uploads\/2018\/05\/metmark-majalis-2018-2.jpg);padding-top:calc((100% + 10px) * 0.8 - 5px);\" class=\"fusion-masonry-element-container\"><img decoding=\"async\" src=\"http:\/\/metmark.hu\/wp-content\/uploads\/2018\/05\/metmark-majalis-2018-2.jpg\" width=\"640\" height=\"480\" alt=\"Metmark Maj\u00e1lis 2018 10\" title=\"Metmark Maj\u00e1lis 2018 10\" aria-label=\"Metmark Maj\u00e1lis 2018 10\" class=\"img-responsive wp-image-6298\" srcset=\"http:\/\/metmark.hu\/wp-content\/uploads\/2018\/05\/metmark-majalis-2018-2-200x150.jpg 200w, http:\/\/metmark.hu\/wp-content\/uploads\/2018\/05\/metmark-majalis-2018-2-400x300.jpg 400w, http:\/\/metmark.hu\/wp-content\/uploads\/2018\/05\/metmark-majalis-2018-2-600x450.jpg 600w, http:\/\/metmark.hu\/wp-content\/uploads\/2018\/05\/metmark-majalis-2018-2.jpg 640w\" sizes=\"(min-width: 2200px) 100vw, (min-width: 824px) 387px, (min-width: 732px) 580px, (min-width: 640px) 732px, \" \/><\/div><\/a><\/div><\/div><div style=\"padding:5px;\" class=\"fusion-grid-column fusion-gallery-column fusion-gallery-column-3 hover-type-zoomin fusion-element-landscape\"><div class=\"fusion-gallery-image\"><a href=\"http:\/\/metmark.hu\/wp-content\/uploads\/2018\/05\/metmark-majalis-2018-1.jpg\" rel=\"noreferrer\" data-rel=\"iLightbox[gallery_image_1]\" class=\"fusion-lightbox\"><div style=\"background-image:url(http:\/\/metmark.hu\/wp-content\/uploads\/2018\/05\/metmark-majalis-2018-1.jpg);padding-top:calc((100% + 10px) * 0.4 - 5px);\" class=\"fusion-masonry-element-container\"><img decoding=\"async\" src=\"http:\/\/metmark.hu\/wp-content\/uploads\/2018\/05\/metmark-majalis-2018-1.jpg\" width=\"987\" height=\"480\" alt=\"Metmark Maj\u00e1lis 2018 11\" title=\"Metmark Maj\u00e1lis 2018 11\" aria-label=\"Metmark Maj\u00e1lis 2018 11\" class=\"img-responsive wp-image-6297\" srcset=\"http:\/\/metmark.hu\/wp-content\/uploads\/2018\/05\/metmark-majalis-2018-1-200x97.jpg 200w, http:\/\/metmark.hu\/wp-content\/uploads\/2018\/05\/metmark-majalis-2018-1-400x195.jpg 400w, http:\/\/metmark.hu\/wp-content\/uploads\/2018\/05\/metmark-majalis-2018-1-600x292.jpg 600w, http:\/\/metmark.hu\/wp-content\/uploads\/2018\/05\/metmark-majalis-2018-1-800x389.jpg 800w, http:\/\/metmark.hu\/wp-content\/uploads\/2018\/05\/metmark-majalis-2018-1.jpg 987w\" sizes=\"(min-width: 2200px) 100vw, (min-width: 640px) 1170px, \" \/><\/div><\/a><\/div><\/div><\/div><div class=\"fusion-clearfix\"><\/div><\/div><\/div><\/div><\/div>","protected":false},"excerpt":{"rendered":"","protected":false},"author":2,"featured_media":0,"parent":0,"menu_order":0,"comment_status":"closed","ping_status":"closed","template":"100-width.php","meta":{"footnotes":""},"class_list":["post-6309","page","type-page","status-publish","hentry"],"_links":{"self":[{"href":"http:\/\/metmark.hu\/en\/wp-json\/wp\/v2\/pages\/6309","targetHints":{"allow":["GET"]}}],"collection":[{"href":"http:\/\/metmark.hu\/en\/wp-json\/wp\/v2\/pages"}],"about":[{"href":"http:\/\/metmark.hu\/en\/wp-json\/wp\/v2\/types\/page"}],"author":[{"embeddable":true,"href":"http:\/\/metmark.hu\/en\/wp-json\/wp\/v2\/users\/2"}],"replies":[{"embeddable":true,"href":"http:\/\/metmark.hu\/en\/wp-json\/wp\/v2\/comments?post=6309"}],"version-history":[{"count":0,"href":"http:\/\/metmark.hu\/en\/wp-json\/wp\/v2\/pages\/6309\/revisions"}],"wp:attachment":[{"href":"http:\/\/metmark.hu\/en\/wp-json\/wp\/v2\/media?parent=6309"}],"curies":[{"name":"wp","href":"https:\/\/api.w.org\/{rel}","templated":true}]}}