{"id":6057,"date":"2018-04-18T10:15:20","date_gmt":"2018-04-18T08:15:20","guid":{"rendered":"http:\/\/metmark.hu\/?page_id=6057"},"modified":"2018-07-05T11:05:11","modified_gmt":"2018-07-05T09:05:11","slug":"sajto-megjeleneseink","status":"publish","type":"page","link":"http:\/\/metmark.hu\/en\/sajto-megjeleneseink\/","title":{"rendered":"Press release"},"content":{"rendered":"<p><div class=\"fusion-fullwidth fullwidth-box fusion-builder-row-1 nonhundred-percent-fullwidth non-hundred-percent-height-scrolling\" style=\"background-color: rgba(255,255,255,0);background-position: center center;background-repeat: no-repeat;padding-top:0px;padding-right:0px;padding-bottom:0px;padding-left:0px;margin-bottom: 50px;margin-top: 50px;border-width: 0px 0px 0px 0px;border-color:#eae9e9;border-style:solid;\" ><div class=\"fusion-builder-row fusion-row\"><div class=\"fusion-layout-column fusion_builder_column fusion-builder-column-0 fusion_builder_column_1_1 1_1 fusion-one-full fusion-column-first fusion-column-last\" style=\"margin-top:0px;margin-bottom:0px;\"><div class=\"fusion-column-wrapper fusion-flex-column-wrapper-legacy\" style=\"background-position:left top;background-repeat:no-repeat;-webkit-background-size:cover;-moz-background-size:cover;-o-background-size:cover;background-size:cover;padding: 0px 0px 0px 0px;\"><style type=\"text\/css\"><\/style><div class=\"fusion-title title fusion-title-1 fusion-sep-none fusion-title-text fusion-title-size-one\" style=\"margin-top:0px;margin-right:0px;margin-bottom:10px;margin-left:0px;\"><h1 class=\"title-heading-left\" style=\"margin:0;\"><h1 style=\"text-align: center;\">Press release<\/h1><\/h1><\/div><div class=\"fusion-clearfix\"><\/div><\/div><\/div><\/div><\/div><div class=\"fusion-fullwidth fullwidth-box fusion-builder-row-2 nonhundred-percent-fullwidth non-hundred-percent-height-scrolling fusion-equal-height-columns\" style=\"background-color: rgba(255,255,255,0);background-position: left top;background-repeat: no-repeat;padding-top:0px;padding-right:0px;padding-bottom:0px;padding-left:0px;margin-bottom: 50px;border-width: 0px 0px 0px 0px;border-color:#eae9e9;border-style:solid;\" ><div class=\"fusion-builder-row fusion-row\"><div class=\"fusion-layout-column fusion_builder_column fusion-builder-column-1 fusion_builder_column_1_1 1_1 fusion-one-full fusion-column-first fusion-column-last\" style=\"margin-top:0px;margin-bottom:0px;\"><div class=\"fusion-column-wrapper fusion-flex-column-wrapper-legacy\" style=\"background-position:left top;background-repeat:no-repeat;-webkit-background-size:cover;-moz-background-size:cover;-o-background-size:cover;background-size:cover;\"><div class=\"imageframe-align-center\"><span class=\"fusion-imageframe imageframe-dropshadow imageframe-1 hover-type-zoomin fusion-animated\" style=\"-webkit-box-shadow: 3px 3px 7px rgba(51,51,51,0.3);box-shadow: 3px 3px 7px rgba(51,51,51,0.3);\" data-animationtype=\"slideInLeft\" data-animationduration=\"0.3\" data-animationoffset=\"100%\"><a href=\"http:\/\/metmark.hu\/wp-content\/uploads\/2018\/07\/METMARK-DVTK-Octogon-cikk-2018-3-web.jpg\" class=\"fusion-lightbox\" data-rel=\"iLightbox[d5d3660459f8c8e305e]\" data-title=\"METMARK-DVTK-Octogon-cikk-2018-3-web\" title=\"METMARK-DVTK-Octogon-cikk-2018-3-web\"><img decoding=\"async\" width=\"773\" height=\"1024\" alt=\"Octogon Architecture &amp; Design magazin 2018\/4. sz\u00e1m\" src=\"http:\/\/metmark.hu\/wp-content\/uploads\/2018\/07\/METMARK-DVTK-Octogon-cikk-2018-3-web-773x1024.jpg\" class=\"img-responsive wp-image-7526\" srcset=\"http:\/\/metmark.hu\/wp-content\/uploads\/2018\/07\/METMARK-DVTK-Octogon-cikk-2018-3-web-200x265.jpg 200w, http:\/\/metmark.hu\/wp-content\/uploads\/2018\/07\/METMARK-DVTK-Octogon-cikk-2018-3-web-400x530.jpg 400w, http:\/\/metmark.hu\/wp-content\/uploads\/2018\/07\/METMARK-DVTK-Octogon-cikk-2018-3-web-600x795.jpg 600w, http:\/\/metmark.hu\/wp-content\/uploads\/2018\/07\/METMARK-DVTK-Octogon-cikk-2018-3-web-800x1060.jpg 800w, http:\/\/metmark.hu\/wp-content\/uploads\/2018\/07\/METMARK-DVTK-Octogon-cikk-2018-3-web-1200x1590.jpg 1200w\" sizes=\"(max-width: 800px) 100vw, 1200px\" \/><\/a><\/span><\/div><div class=\"fusion-text fusion-text-1\"><p style=\"text-align: center;\">Octogon Architecture &amp; Design magazin 2018\/4. sz\u00e1m<\/p>\n<\/div><div class=\"fusion-clearfix\"><\/div><\/div><\/div><div class=\"fusion-layout-column fusion_builder_column fusion-builder-column-2 fusion_builder_column_1_2 1_2 fusion-one-half fusion-column-first\" style=\"width:50%;width:calc(50% - ( ( 4% ) * 0.5 ) );margin-right: 4%;margin-top:0px;margin-bottom:0px;\"><div class=\"fusion-column-wrapper fusion-flex-column-wrapper-legacy\" style=\"background-position:left top;background-repeat:no-repeat;-webkit-background-size:cover;-moz-background-size:cover;-o-background-size:cover;background-size:cover;padding: 0px 0px 0px 0px;\"><div class=\"fusion-column-content-centered\"><div class=\"fusion-column-content\"><div class=\"imageframe-align-center\"><span class=\"fusion-imageframe imageframe-dropshadow imageframe-2 hover-type-zoomin fusion-animated\" style=\"-webkit-box-shadow: 3px 3px 7px rgba(51,51,51,0.3);box-shadow: 3px 3px 7px rgba(51,51,51,0.3);\" data-animationtype=\"slideInLeft\" data-animationduration=\"0.3\" data-animationoffset=\"100%\"><a class=\"fusion-no-lightbox\" href=\"http:\/\/metmark.hu\/wp-content\/uploads\/2018\/04\/szekszardi-vasarnap-metmarkkft-2018-aprilis-1-1.pdf\" target=\"_blank\" aria-label=\"Metmark Szeksz\u00e1rdi Vas\u00e1rnap PR cikk 2018 \u00e1prilis 1\" rel=\"noopener noreferrer\"><img decoding=\"async\" width=\"724\" height=\"1024\" alt=\"Szeksz\u00e1rdi Vas\u00e1rnap 2018. \u00e1prilis 1.\" src=\"http:\/\/metmark.hu\/wp-content\/uploads\/2018\/04\/szekszardi-vasarnap-metmarkkft-2018-aprilis-1-724x1024.jpg\" class=\"img-responsive wp-image-6061\" srcset=\"http:\/\/metmark.hu\/wp-content\/uploads\/2018\/04\/szekszardi-vasarnap-metmarkkft-2018-aprilis-1-200x283.jpg 200w, http:\/\/metmark.hu\/wp-content\/uploads\/2018\/04\/szekszardi-vasarnap-metmarkkft-2018-aprilis-1-400x566.jpg 400w, http:\/\/metmark.hu\/wp-content\/uploads\/2018\/04\/szekszardi-vasarnap-metmarkkft-2018-aprilis-1-600x849.jpg 600w, http:\/\/metmark.hu\/wp-content\/uploads\/2018\/04\/szekszardi-vasarnap-metmarkkft-2018-aprilis-1-800x1132.jpg 800w, http:\/\/metmark.hu\/wp-content\/uploads\/2018\/04\/szekszardi-vasarnap-metmarkkft-2018-aprilis-1-1200x1698.jpg 1200w\" sizes=\"(max-width: 800px) 100vw, 600px\" \/><\/a><\/span><\/div><div class=\"fusion-text fusion-text-2\"><p style=\"text-align: center;\">Szeksz\u00e1rdi Vas\u00e1rnap 2018. \u00e1prilis 1.<\/p>\n<\/div><\/div><\/div><div class=\"fusion-clearfix\"><\/div><\/div><\/div><div class=\"fusion-layout-column fusion_builder_column fusion-builder-column-3 fusion_builder_column_1_2 1_2 fusion-one-half fusion-column-last\" style=\"width:50%;width:calc(50% - ( ( 4% ) * 0.5 ) );margin-top:0px;margin-bottom:0px;\"><div class=\"fusion-column-wrapper fusion-flex-column-wrapper-legacy\" style=\"background-position:left top;background-repeat:no-repeat;-webkit-background-size:cover;-moz-background-size:cover;-o-background-size:cover;background-size:cover;padding: 0px 0px 0px 0px;\"><div class=\"fusion-column-content-centered\"><div class=\"fusion-column-content\"><div class=\"imageframe-align-center\"><span class=\"fusion-imageframe imageframe-dropshadow imageframe-3 hover-type-zoomin fusion-animated\" style=\"-webkit-box-shadow: 3px 3px 7px rgba(51,51,51,0.3);box-shadow: 3px 3px 7px rgba(51,51,51,0.3);\" data-animationtype=\"slideInRight\" data-animationduration=\"0.3\" data-animationoffset=\"100%\"><a class=\"fusion-no-lightbox\" href=\"http:\/\/metmark.hu\/wp-content\/uploads\/2018\/04\/szekszard-vasarnap-metmarkkft-2017-julius-2.pdf\" target=\"_blank\" aria-label=\"Metmark Szeksz\u00e1rdi Vas\u00e1rnap PR cikk 2017 j\u00falius 2\" rel=\"noopener noreferrer\"><img decoding=\"async\" width=\"724\" height=\"1024\" alt=\"Szeksz\u00e1rdi Vas\u00e1rnap 2017. j\u00falius 2.\" src=\"http:\/\/metmark.hu\/wp-content\/uploads\/2018\/04\/szekszard-vasarnap-metmarkkft-2017-julius-2-724x1024.jpg\" class=\"img-responsive wp-image-6065\" srcset=\"http:\/\/metmark.hu\/wp-content\/uploads\/2018\/04\/szekszard-vasarnap-metmarkkft-2017-julius-2-200x283.jpg 200w, http:\/\/metmark.hu\/wp-content\/uploads\/2018\/04\/szekszard-vasarnap-metmarkkft-2017-julius-2-400x566.jpg 400w, http:\/\/metmark.hu\/wp-content\/uploads\/2018\/04\/szekszard-vasarnap-metmarkkft-2017-julius-2-600x849.jpg 600w, http:\/\/metmark.hu\/wp-content\/uploads\/2018\/04\/szekszard-vasarnap-metmarkkft-2017-julius-2-800x1132.jpg 800w, http:\/\/metmark.hu\/wp-content\/uploads\/2018\/04\/szekszard-vasarnap-metmarkkft-2017-julius-2-1200x1698.jpg 1200w\" sizes=\"(max-width: 800px) 100vw, 600px\" \/><\/a><\/span><\/div><div class=\"fusion-text fusion-text-3\"><p style=\"text-align: center;\">Szeksz\u00e1rdi Vas\u00e1rnap 2017. j\u00falius 2.<\/p>\n<\/div><\/div><\/div><div class=\"fusion-clearfix\"><\/div><\/div><\/div><\/div><\/div><\/p>","protected":false},"excerpt":{"rendered":"","protected":false},"author":2,"featured_media":0,"parent":0,"menu_order":0,"comment_status":"closed","ping_status":"closed","template":"100-width.php","meta":{"footnotes":""},"class_list":["post-6057","page","type-page","status-publish","hentry"],"_links":{"self":[{"href":"http:\/\/metmark.hu\/en\/wp-json\/wp\/v2\/pages\/6057","targetHints":{"allow":["GET"]}}],"collection":[{"href":"http:\/\/metmark.hu\/en\/wp-json\/wp\/v2\/pages"}],"about":[{"href":"http:\/\/metmark.hu\/en\/wp-json\/wp\/v2\/types\/page"}],"author":[{"embeddable":true,"href":"http:\/\/metmark.hu\/en\/wp-json\/wp\/v2\/users\/2"}],"replies":[{"embeddable":true,"href":"http:\/\/metmark.hu\/en\/wp-json\/wp\/v2\/comments?post=6057"}],"version-history":[{"count":0,"href":"http:\/\/metmark.hu\/en\/wp-json\/wp\/v2\/pages\/6057\/revisions"}],"wp:attachment":[{"href":"http:\/\/metmark.hu\/en\/wp-json\/wp\/v2\/media?parent=6057"}],"curies":[{"name":"wp","href":"https:\/\/api.w.org\/{rel}","templated":true}]}}