{"id":5493,"date":"2018-01-17T09:09:51","date_gmt":"2018-01-17T08:09:51","guid":{"rendered":"http:\/\/metmark.hu\/password-reset\/"},"modified":"2018-01-17T10:44:07","modified_gmt":"2018-01-17T09:44:07","slug":"jelszo-valtoztatas","status":"publish","type":"page","link":"http:\/\/metmark.hu\/en\/jelszo-valtoztatas\/","title":{"rendered":"Jelsz\u00f3 v\u00e1ltoztat\u00e1s"},"content":{"rendered":"<p>[ultimatemember_password]<\/p>","protected":false},"excerpt":{"rendered":"<p>[ultimatemember_password]<\/p>","protected":false},"author":2,"featured_media":0,"parent":0,"menu_order":0,"comment_status":"closed","ping_status":"closed","template":"","meta":{"footnotes":""},"class_list":["post-5493","page","type-page","status-publish","hentry"],"_links":{"self":[{"href":"http:\/\/metmark.hu\/en\/wp-json\/wp\/v2\/pages\/5493","targetHints":{"allow":["GET"]}}],"collection":[{"href":"http:\/\/metmark.hu\/en\/wp-json\/wp\/v2\/pages"}],"about":[{"href":"http:\/\/metmark.hu\/en\/wp-json\/wp\/v2\/types\/page"}],"author":[{"embeddable":true,"href":"http:\/\/metmark.hu\/en\/wp-json\/wp\/v2\/users\/2"}],"replies":[{"embeddable":true,"href":"http:\/\/metmark.hu\/en\/wp-json\/wp\/v2\/comments?post=5493"}],"version-history":[{"count":0,"href":"http:\/\/metmark.hu\/en\/wp-json\/wp\/v2\/pages\/5493\/revisions"}],"wp:attachment":[{"href":"http:\/\/metmark.hu\/en\/wp-json\/wp\/v2\/media?parent=5493"}],"curies":[{"name":"wp","href":"https:\/\/api.w.org\/{rel}","templated":true}]}}