{"id":4859,"date":"2017-10-30T13:58:36","date_gmt":"2017-10-30T12:58:36","guid":{"rendered":"http:\/\/metmark.hu\/?page_id=4859"},"modified":"2018-01-16T15:14:28","modified_gmt":"2018-01-16T14:14:28","slug":"ajanlat-keres-rv-acel-perforalt-lemezre","status":"publish","type":"page","link":"http:\/\/metmark.hu\/en\/ajanlat-keres-rv-acel-perforalt-lemezre\/","title":{"rendered":"Aj\u00e1nlat k\u00e9r\u00e9s RV ac\u00e9l perfor\u00e1lt lemezre"},"content":{"rendered":"<div class=\"fusion-fullwidth fullwidth-box fusion-builder-row-1 nonhundred-percent-fullwidth non-hundred-percent-height-scrolling\" style=\"background-color: rgba(255,255,255,0);background-position: center center;background-repeat: no-repeat;padding-top:0px;padding-right:0px;padding-bottom:60px;padding-left:0px;margin-bottom: 0px;margin-top: 0px;border-width: 0px 0px 0px 0px;border-color:#eae9e9;border-style:solid;\" ><div class=\"fusion-builder-row fusion-row\"><div class=\"fusion-layout-column fusion_builder_column fusion-builder-column-0 fusion_builder_column_1_1 1_1 fusion-one-full fusion-column-first fusion-column-last\" style=\"margin-top:0px;margin-bottom:0px;\"><div class=\"fusion-column-wrapper fusion-flex-column-wrapper-legacy\" style=\"background-position:left top;background-repeat:no-repeat;-webkit-background-size:cover;-moz-background-size:cover;-o-background-size:cover;background-size:cover;padding: 0px 0px 0px 0px;\"><div class=\"imageframe-align-center\"><span class=\"fusion-imageframe imageframe-none imageframe-1 hover-type-none\"><img decoding=\"async\" width=\"300\" height=\"300\" alt=\"RV lyukaszt\u00e1s, perfor\u00e1ci\u00f3\" title=\"RV lyukaszt\u00e1s, perfor\u00e1ci\u00f3\" src=\"http:\/\/metmark.hu\/wp-content\/uploads\/2018\/01\/RV_lyukasztas-300x300.jpg\" class=\"img-responsive wp-image-5013\" srcset=\"http:\/\/metmark.hu\/wp-content\/uploads\/2018\/01\/RV_lyukasztas-200x200.jpg 200w, http:\/\/metmark.hu\/wp-content\/uploads\/2018\/01\/RV_lyukasztas-400x400.jpg 400w, http:\/\/metmark.hu\/wp-content\/uploads\/2018\/01\/RV_lyukasztas-600x600.jpg 600w, http:\/\/metmark.hu\/wp-content\/uploads\/2018\/01\/RV_lyukasztas-800x800.jpg 800w, http:\/\/metmark.hu\/wp-content\/uploads\/2018\/01\/RV_lyukasztas-1200x1200.jpg 1200w, http:\/\/metmark.hu\/wp-content\/uploads\/2018\/01\/RV_lyukasztas.jpg 1250w\" sizes=\"(max-width: 800px) 100vw, 1200px\" \/><\/span><\/div><style type=\"text\/css\"><\/style><div class=\"fusion-title title fusion-title-1 fusion-sep-none fusion-title-text fusion-title-size-one\" style=\"margin-top:0px;margin-right:0px;margin-bottom:10px;margin-left:0px;\"><h1 class=\"title-heading-left\" style=\"margin:0;\"><h3 style=\"text-align: center;\">Aj\u00e1nlat k\u00e9r\u00e9s RV k\u00f6r lyukaszt\u00e1s\u00fa ac\u00e9l &#8211; DC01\/DD11 &#8211; perfor\u00e1lt lemezre<\/h3><\/h1><\/div><div class=\"fusion-clearfix\"><\/div><\/div><\/div><div class=\"fusion-layout-column fusion_builder_column fusion-builder-column-1 fusion_builder_column_1_2 1_2 fusion-one-half fusion-column-first\" style=\"width:50%;width:calc(50% - ( ( 4% ) * 0.5 ) );margin-right: 4%;margin-top:0px;margin-bottom:0px;\"><div class=\"fusion-column-wrapper fusion-flex-column-wrapper-legacy\" style=\"background-position:left top;background-repeat:no-repeat;-webkit-background-size:cover;-moz-background-size:cover;-o-background-size:cover;background-size:cover;padding: 0px 0px 0px 0px;\"><div class=\"fusion-text fusion-text-1\"><p style=\"text-align: left;\" data-dismiss=\"modal\" aria-hidden=\"true\" data-fontsize=\"20\" data-lineheight=\"29\"><strong>T\u00e1bla m\u00e9ret: <span style=\"color: #436eb3;\">1000&#215;2000 mm<\/span><\/strong><\/p>\n<\/div>\n<div class=\"wpcf7 no-js\" id=\"wpcf7-f4858-o1\" lang=\"hu-HU\" dir=\"ltr\" data-wpcf7-id=\"4858\">\n<div class=\"screen-reader-response\"><p role=\"status\" aria-live=\"polite\" aria-atomic=\"true\"><\/p> <ul><\/ul><\/div>\n<form action=\"\/en\/wp-json\/wp\/v2\/pages\/4859#wpcf7-f4858-o1\" method=\"post\" class=\"wpcf7-form init\" aria-label=\"Kapcsolatfelv\u00e9teli \u0171rlap\" novalidate=\"novalidate\" data-status=\"init\" data-trp-original-action=\"\/en\/wp-json\/wp\/v2\/pages\/4859#wpcf7-f4858-o1\">\n<fieldset class=\"hidden-fields-container\"><input type=\"hidden\" name=\"_wpcf7\" value=\"4858\" \/><input type=\"hidden\" name=\"_wpcf7_version\" value=\"6.1.4\" \/><input type=\"hidden\" name=\"_wpcf7_locale\" value=\"hu_HU\" \/><input type=\"hidden\" name=\"_wpcf7_unit_tag\" value=\"wpcf7-f4858-o1\" \/><input type=\"hidden\" name=\"_wpcf7_container_post\" value=\"0\" \/><input type=\"hidden\" name=\"_wpcf7_posted_data_hash\" value=\"\" \/>\n<\/fieldset>\n<p>Lyukaszt\u00e1s (v\u00e1lasszon):<br \/>\n<span class=\"wpcf7-form-control-wrap\" data-name=\"menu-759\"><select class=\"wpcf7-form-control wpcf7-select wpcf7-validates-as-required\" aria-required=\"true\" aria-invalid=\"false\" name=\"menu-759\"><option value=\"\">&#8212; K\u00e9rj\u00fck, v\u00e1lasszon egy opci\u00f3t &#8212;<\/option><option value=\"RV1-2 - 1 mm vastag lemez\">RV1-2 - 1 mm vastag lemez<\/option><option value=\"RV1,25-2,3 - 1 mm vastag lemez\">RV1,25-2,3 - 1 mm vastag lemez<\/option><option value=\"RV1,5-2,5 - 1 mm vastag lemez\">RV1,5-2,5 - 1 mm vastag lemez<\/option><option value=\"RV2-3,5 - 1 mm vastag lemez\">RV2-3,5 - 1 mm vastag lemez<\/option><option value=\"RV2-3,5 - 1,5 mm vastag lemez\">RV2-3,5 - 1,5 mm vastag lemez<\/option><option value=\"RV3-5 - 1 mm vastag lemez\">RV3-5 - 1 mm vastag lemez<\/option><option value=\"RV3-5 - 1,5 mm vastag lemez\">RV3-5 - 1,5 mm vastag lemez<\/option><option value=\"RV3-5 - 2 mm vastag lemez\">RV3-5 - 2 mm vastag lemez<\/option><option value=\"RV3-5 - 3 mm vastag lemez\">RV3-5 - 3 mm vastag lemez<\/option><option value=\"RV3,5-5,5 - 3 mm vastag lemez\">RV3,5-5,5 - 3 mm vastag lemez<\/option><option value=\"RV4-6 - 1 mm vastag lemez\">RV4-6 - 1 mm vastag lemez<\/option><option value=\"RV4-6 - 1,5 mm vastag lemez\">RV4-6 - 1,5 mm vastag lemez<\/option><option value=\"RV4-6 - 2 mm vastag lemez\">RV4-6 - 2 mm vastag lemez<\/option><option value=\"RV4-6 - 3 mm vastag lemez\">RV4-6 - 3 mm vastag lemez<\/option><option value=\"RV5-8 - 1 mm vastag lemez\">RV5-8 - 1 mm vastag lemez<\/option><option value=\"RV5-8 - 1,5 mm vastag lemez\">RV5-8 - 1,5 mm vastag lemez<\/option><option value=\"RV5-8 - 2 mm vastag lemez\">RV5-8 - 2 mm vastag lemez<\/option><option value=\"RV5-8 - 3 mm vastag lemez\">RV5-8 - 3 mm vastag lemez<\/option><option value=\"RV6-9 - 1 mm vastag lemez\">RV6-9 - 1 mm vastag lemez<\/option><option value=\"RV6-9 - 1,5 mm vastag lemez\">RV6-9 - 1,5 mm vastag lemez<\/option><option value=\"RV6-9 - 2 mm vastag lemez\">RV6-9 - 2 mm vastag lemez<\/option><option value=\"RV6-9 - 3 mm vastag lemez\">RV6-9 - 3 mm vastag lemez<\/option><option value=\"RV7-10 - 1 mm vastag lemez\">RV7-10 - 1 mm vastag lemez<\/option><option value=\"RV8-11 - 1 mm vastag lemez\">RV8-11 - 1 mm vastag lemez<\/option><option value=\"RV8-12 - 1 mm vastag lemez\">RV8-12 - 1 mm vastag lemez<\/option><option value=\"RV8-12 - 1,5 mm vastag lemez\">RV8-12 - 1,5 mm vastag lemez<\/option><option value=\"RV8-12 - 2 mm vastag lemez\">RV8-12 - 2 mm vastag lemez<\/option><option value=\"RV8-12 - 3 mm vastag lemez\">RV8-12 - 3 mm vastag lemez<\/option><option value=\"RV10-14 - 1 mm vastag lemez\">RV10-14 - 1 mm vastag lemez<\/option><option value=\"RV10-15 - 1 mm vastag lemez\">RV10-15 - 1 mm vastag lemez<\/option><option value=\"RV10-15 - 1,5 mm vastag lemez\">RV10-15 - 1,5 mm vastag lemez<\/option><option value=\"RV10-15 - 2 mm vastag lemez\">RV10-15 - 2 mm vastag lemez<\/option><option value=\"RV10-15 - 3 mm vastag lemez\">RV10-15 - 3 mm vastag lemez<\/option><option value=\"RV10-15 - 5 mm vastag lemez\">RV10-15 - 5 mm vastag lemez<\/option><option value=\"RV11-14 - 1 mm vastag lemez\">RV11-14 - 1 mm vastag lemez<\/option><option value=\"RV12-16 - 1 mm vastag lemez\">RV12-16 - 1 mm vastag lemez<\/option><option value=\"RV12-16 - 1,5 mm vastag lemez\">RV12-16 - 1,5 mm vastag lemez<\/option><option value=\"RV15-20 - 1 mm vastag lemez\">RV15-20 - 1 mm vastag lemez<\/option><option value=\"RV15-20 - 2 mm vastag lemez\">RV15-20 - 2 mm vastag lemez<\/option><option value=\"RV18-26 - 3 mm vastag lemez\">RV18-26 - 3 mm vastag lemez<\/option><\/select><\/span>\n<\/p>\n<p>Darabsz\u00e1m:<br \/>\n<span class=\"wpcf7-form-control-wrap\" data-name=\"textarea-926\"><textarea cols=\"40\" rows=\"10\" maxlength=\"2000\" class=\"wpcf7-form-control wpcf7-textarea wpcf7-validates-as-required\" aria-required=\"true\" aria-invalid=\"false\" name=\"textarea-926\"><\/textarea><\/span>\n<\/p>\n<p>Egy\u00e9b:<br \/>\n<span class=\"wpcf7-form-control-wrap\" data-name=\"textarea-69\"><textarea cols=\"40\" rows=\"10\" maxlength=\"2000\" class=\"wpcf7-form-control wpcf7-textarea\" aria-invalid=\"false\" name=\"textarea-69\"><\/textarea><\/span>\n<\/p>\n<p>Sz\u00e1ll\u00edt\u00e1si c\u00edm:<br \/>\n<span class=\"wpcf7-form-control-wrap\" data-name=\"textarea-652\"><textarea cols=\"40\" rows=\"10\" maxlength=\"2000\" class=\"wpcf7-form-control wpcf7-textarea wpcf7-validates-as-required\" aria-required=\"true\" aria-invalid=\"false\" name=\"textarea-652\"><\/textarea><\/span>\n<\/p>\n<p>Neve:<br \/>\n<span class=\"wpcf7-form-control-wrap\" data-name=\"your-name\"><input size=\"40\" maxlength=\"400\" class=\"wpcf7-form-control wpcf7-text wpcf7-validates-as-required\" aria-required=\"true\" aria-invalid=\"false\" value=\"\" type=\"text\" name=\"your-name\" \/><\/span>\n<\/p>\n<p>Email c\u00edme:<br \/>\n<span class=\"wpcf7-form-control-wrap\" data-name=\"your-email\"><input size=\"40\" maxlength=\"400\" class=\"wpcf7-form-control wpcf7-email wpcf7-validates-as-required wpcf7-text wpcf7-validates-as-email\" aria-required=\"true\" aria-invalid=\"false\" value=\"\" type=\"email\" name=\"your-email\" \/><\/span>\n<\/p>\n<p>Telefonsz\u00e1ma:<br \/>\n<span class=\"wpcf7-form-control-wrap\" data-name=\"your-tel\"><input size=\"40\" maxlength=\"400\" class=\"wpcf7-form-control wpcf7-tel wpcf7-validates-as-required wpcf7-text wpcf7-validates-as-tel\" aria-required=\"true\" aria-invalid=\"false\" value=\"\" type=\"tel\" name=\"your-tel\" \/><\/span>\n<\/p>\n<p>[recaptcha]\n<\/p>\n<p><input class=\"wpcf7-form-control wpcf7-submit has-spinner\" type=\"submit\" value=\"SEND\" \/>\n<\/p><noscript>\n\t\t\t<div class=\"wpcf7-response-output wpcf7-spam-blocked\">Your browser does not support JavaScript!. Please enable javascript in your browser in order to get form work properly.<\/div>\n\t<\/noscript><script type='text\/javascript'>\n\n\t\t\t\t\t\tif(contactform === undefined){\n\t\t\t\t\t\t\tvar contactform = [];\n\t\t\t\t\t\t}\n\t\t\t\t\t\tvar innerVal = [4858,'mail_sent_ok','K&ouml;sz&ouml;nj&uuml;k sz&eacute;pen az aj&aacute;nlat k&eacute;r&eacute;s&eacute;t, hamarosan a koll&eacute;g&aacute;nk felveszi &Ouml;nnel a kapcsolatot!'];\n\t\t\t\t\t\tcontactform.push(innerVal);\n\t\t\t\t\t\tvar innerVal = [4858,'mail_sent_ng','Egy hiba t&ouml;rt&eacute;nt az &uuml;zenet k&uuml;ld&eacute;se sor&aacute;n, a m\u0171veletet meg kell ism&eacute;telni.'];\n\t\t\t\t\t\tcontactform.push(innerVal);\n\t\t\t\t\t\tvar innerVal = [4858,'validation_error','egy vagy t&ouml;bb mez\u0151 hib&aacute;t tartalmaz, az ellen\u0151rz&eacute;st k&ouml;vet\u0151en a m\u0171veletet meg kell ism&eacute;telni.'];\n\t\t\t\t\t\tcontactform.push(innerVal);\n\t\t\t\t\t\tvar innerVal = [4858,'spam','Egy hiba t&ouml;rt&eacute;nt az &uuml;zenet k&uuml;ld&eacute;se sor&aacute;n, a m\u0171veletet meg kell ism&eacute;telni.'];\n\t\t\t\t\t\tcontactform.push(innerVal);\n\t\t\t\t\t\tvar innerVal = [4858,'accept_terms','Az &uuml;zenet elk&uuml;ld&eacute;se el\u0151tt a felt&eacute;teleket el kell fogadni.'];\n\t\t\t\t\t\tcontactform.push(innerVal);\n\t\t\t\t\t\tvar innerVal = [4858,'invalid_required','K&ouml;telez\u0151 mez\u0151'];\n\t\t\t\t\t\tcontactform.push(innerVal);\n\t\t\t\t\t\tvar innerVal = [4858,'invalid_too_long','A mez\u0151 t&uacute;l hossz&uacute;.'];\n\t\t\t\t\t\tcontactform.push(innerVal);\n\t\t\t\t\t\tvar innerVal = [4858,'invalid_too_short','A mez\u0151 t&uacute;l r&ouml;vid.'];\n\t\t\t\t\t\tcontactform.push(innerVal);\n\t\t\t\t\t\tvar innerVal = [4858,'invalid_date','Nem megfelel\u0151 a d&aacute;tum form&aacute;tuma.'];\n\t\t\t\t\t\tcontactform.push(innerVal);\n\t\t\t\t\t\tvar innerVal = [4858,'date_too_early','A d&aacute;tum kor&aacute;bbi, mint az enged&eacute;lyezett legkor&aacute;bbi id\u0151pont.'];\n\t\t\t\t\t\tcontactform.push(innerVal);\n\t\t\t\t\t\tvar innerVal = [4858,'date_too_late','A d&aacute;tum az enged&eacute;lyezett id\u0151pont ut&aacute;ni.'];\n\t\t\t\t\t\tcontactform.push(innerVal);\n\t\t\t\t\t\tvar innerVal = [4858,'upload_failed','Ismeretlen eredet\u0171 hiba t&ouml;rt&eacute;nt a f&aacute;jlfelt&ouml;lt&eacute;skor.'];\n\t\t\t\t\t\tcontactform.push(innerVal);\n\t\t\t\t\t\tvar innerVal = [4858,'upload_file_type_invalid','Nem enged&eacute;lyezett az ilyen t&iacute;pus&uacute; f&aacute;jl felt&ouml;lt&eacute;se.'];\n\t\t\t\t\t\tcontactform.push(innerVal);\n\t\t\t\t\t\tvar innerVal = [4858,'upload_file_too_large','T&uacute;l nagym&eacute;ret\u0171 a f&aacute;jl.'];\n\t\t\t\t\t\tcontactform.push(innerVal);\n\t\t\t\t\t\tvar innerVal = [4858,'upload_failed_php_error','Hiba t&ouml;rt&eacute;nt a f&aacute;jlfelt&ouml;lt&eacute;s k&ouml;zben.'];\n\t\t\t\t\t\tcontactform.push(innerVal);\n\t\t\t\t\t\tvar innerVal = [4858,'invalid_number','A sz&aacute;m form&aacute;tuma &eacute;rv&eacute;nytelen.'];\n\t\t\t\t\t\tcontactform.push(innerVal);\n\t\t\t\t\t\tvar innerVal = [4858,'number_too_small','A sz&aacute;m kisebb az enged&eacute;lyezett legkisebb sz&aacute;mn&aacute;l.'];\n\t\t\t\t\t\tcontactform.push(innerVal);\n\t\t\t\t\t\tvar innerVal = [4858,'number_too_large','A sz&aacute;m nagyobb az enged&eacute;lyezett legnagyobb sz&aacute;mn&aacute;l.'];\n\t\t\t\t\t\tcontactform.push(innerVal);\n\t\t\t\t\t\tvar innerVal = [4858,'quiz_answer_not_correct','A quiz-k&eacute;rd&eacute;sre adott v&aacute;lasz hib&aacute;s.'];\n\t\t\t\t\t\tcontactform.push(innerVal);\n\t\t\t\t\t\tvar innerVal = [4858,'captcha_not_match','A be&iacute;rt k&oacute;d t&eacute;ves'];\n\t\t\t\t\t\tcontactform.push(innerVal);\n\t\t\t\t\t\tvar innerVal = [4858,'invalid_email','A megadott e-mail c&iacute;m &eacute;rv&eacute;nytelen.'];\n\t\t\t\t\t\tcontactform.push(innerVal);\n\t\t\t\t\t\tvar innerVal = [4858,'invalid_url','Az URL C&iacute;m &eacute;rv&eacute;nytelen'];\n\t\t\t\t\t\tcontactform.push(innerVal);\n\t\t\t\t\t\tvar innerVal = [4858,'invalid_tel','A telefonsz&aacute;m &eacute;rv&eacute;nytelen.'];\n\t\t\t\t\t\tcontactform.push(innerVal);\n\t\t\t\t\t\tvar innerVal = [4858,'gdpr',''];\n\t\t\t\t\t\tcontactform.push(innerVal);\n\t\t\t\t\t\t<\/script><input type='hidden' class='wpcf7-pum' value='{\"closepopup\":false,\"closedelay\":0,\"openpopup\":false,\"openpopup_id\":0}' \/><div class=\"fusion-alert alert custom alert-custom fusion-alert-center wpcf7-response-output fusion-alert-capitalize alert-dismissable\" style=\"border-width:1px;\"><button type=\"button\" class=\"close toggle-alert\" data-dismiss=\"alert\" aria-hidden=\"true\">&times;<\/button><div class=\"fusion-alert-content-wrapper\"><span class=\"fusion-alert-content\"><\/span><\/div><\/div>\n<input type=\"hidden\" name=\"trp-form-language\" value=\"en\"\/><\/form>\n<\/div>\n<div class=\"fusion-clearfix\"><\/div><\/div><\/div><div class=\"fusion-layout-column fusion_builder_column fusion-builder-column-2 fusion_builder_column_1_2 1_2 fusion-one-half fusion-column-last\" style=\"width:50%;width:calc(50% - ( ( 4% ) * 0.5 ) );margin-top:0px;margin-bottom:0px;\"><div class=\"fusion-column-wrapper fusion-flex-column-wrapper-legacy\" style=\"background-position:left top;background-repeat:no-repeat;-webkit-background-size:cover;-moz-background-size:cover;-o-background-size:cover;background-size:cover;padding: 0px 0px 0px 0px;\"><div class=\"fusion-text fusion-text-2\"><p data-dismiss=\"modal\" aria-hidden=\"true\" data-fontsize=\"20\" data-lineheight=\"29\"><strong>T\u00e1bla m\u00e9ret: <span style=\"color: #436eb3;\">1250&#215;2500 mm<\/span><\/strong><\/p>\n<\/div>\n<div class=\"wpcf7 no-js\" id=\"wpcf7-f4882-o2\" lang=\"hu-HU\" dir=\"ltr\" data-wpcf7-id=\"4882\">\n<div class=\"screen-reader-response\"><p role=\"status\" aria-live=\"polite\" aria-atomic=\"true\"><\/p> <ul><\/ul><\/div>\n<form action=\"\/en\/wp-json\/wp\/v2\/pages\/4859#wpcf7-f4882-o2\" method=\"post\" class=\"wpcf7-form init\" aria-label=\"Kapcsolatfelv\u00e9teli \u0171rlap\" novalidate=\"novalidate\" data-status=\"init\" data-trp-original-action=\"\/en\/wp-json\/wp\/v2\/pages\/4859#wpcf7-f4882-o2\">\n<fieldset class=\"hidden-fields-container\"><input type=\"hidden\" name=\"_wpcf7\" value=\"4882\" \/><input type=\"hidden\" name=\"_wpcf7_version\" value=\"6.1.4\" \/><input type=\"hidden\" name=\"_wpcf7_locale\" value=\"hu_HU\" \/><input type=\"hidden\" name=\"_wpcf7_unit_tag\" value=\"wpcf7-f4882-o2\" \/><input type=\"hidden\" name=\"_wpcf7_container_post\" value=\"0\" \/><input type=\"hidden\" name=\"_wpcf7_posted_data_hash\" value=\"\" \/>\n<\/fieldset>\n<p>Lyukaszt\u00e1s (v\u00e1lasszon):<br \/>\n<span class=\"wpcf7-form-control-wrap\" data-name=\"menu-rv-1250-2500\"><select class=\"wpcf7-form-control wpcf7-select wpcf7-validates-as-required\" aria-required=\"true\" aria-invalid=\"false\" name=\"menu-rv-1250-2500\"><option value=\"\">&#8212; K\u00e9rj\u00fck, v\u00e1lasszon egy opci\u00f3t &#8212;<\/option><option value=\"RV5-8 - 1 mm vastag lemez\">RV5-8 - 1 mm vastag lemez<\/option><option value=\"RV5-8 - 1,5 mm vastag lemez\">RV5-8 - 1,5 mm vastag lemez<\/option><\/select><\/span>\n<\/p>\n<p>Darabsz\u00e1m:<br \/>\n<span class=\"wpcf7-form-control-wrap\" data-name=\"textarea-rv-1250-2500\"><textarea cols=\"40\" rows=\"10\" maxlength=\"2000\" class=\"wpcf7-form-control wpcf7-textarea wpcf7-validates-as-required\" aria-required=\"true\" aria-invalid=\"false\" name=\"textarea-rv-1250-2500\"><\/textarea><\/span>\n<\/p>\n<p>Egy\u00e9b:<br \/>\n<span class=\"wpcf7-form-control-wrap\" data-name=\"textarea-egyeb-rv-1250-2500\"><textarea cols=\"40\" rows=\"10\" maxlength=\"2000\" class=\"wpcf7-form-control wpcf7-textarea\" aria-invalid=\"false\" name=\"textarea-egyeb-rv-1250-2500\"><\/textarea><\/span>\n<\/p>\n<p>Sz\u00e1ll\u00edt\u00e1si c\u00edm:<br \/>\n<span class=\"wpcf7-form-control-wrap\" data-name=\"textarea-szall-rv-1250-2500\"><textarea cols=\"40\" rows=\"10\" maxlength=\"2000\" class=\"wpcf7-form-control wpcf7-textarea wpcf7-validates-as-required\" aria-required=\"true\" aria-invalid=\"false\" name=\"textarea-szall-rv-1250-2500\"><\/textarea><\/span>\n<\/p>\n<p>Neve:<br \/>\n<span class=\"wpcf7-form-control-wrap\" data-name=\"your-name\"><input size=\"40\" maxlength=\"400\" class=\"wpcf7-form-control wpcf7-text wpcf7-validates-as-required\" aria-required=\"true\" aria-invalid=\"false\" value=\"\" type=\"text\" name=\"your-name\" \/><\/span>\n<\/p>\n<p>Email c\u00edme:<br \/>\n<span class=\"wpcf7-form-control-wrap\" data-name=\"your-email\"><input size=\"40\" maxlength=\"400\" class=\"wpcf7-form-control wpcf7-email wpcf7-validates-as-required wpcf7-text wpcf7-validates-as-email\" aria-required=\"true\" aria-invalid=\"false\" value=\"\" type=\"email\" name=\"your-email\" \/><\/span>\n<\/p>\n<p>Telefonsz\u00e1ma:<br \/>\n<span class=\"wpcf7-form-control-wrap\" data-name=\"your-tel\"><input size=\"40\" maxlength=\"400\" class=\"wpcf7-form-control wpcf7-tel wpcf7-validates-as-required wpcf7-text wpcf7-validates-as-tel\" aria-required=\"true\" aria-invalid=\"false\" value=\"\" type=\"tel\" name=\"your-tel\" \/><\/span>\n<\/p>\n<p>[recaptcha]\n<\/p>\n<p><input class=\"wpcf7-form-control wpcf7-submit has-spinner\" type=\"submit\" value=\"SEND\" \/>\n<\/p><noscript>\n\t\t\t<div class=\"wpcf7-response-output wpcf7-spam-blocked\">Your browser does not support JavaScript!. Please enable javascript in your browser in order to get form work properly.<\/div>\n\t<\/noscript><script type='text\/javascript'>\n\n\t\t\t\t\t\tif(contactform === undefined){\n\t\t\t\t\t\t\tvar contactform = [];\n\t\t\t\t\t\t}\n\t\t\t\t\t\tvar innerVal = [4882,'mail_sent_ok','K&ouml;sz&ouml;nj&uuml;k sz&eacute;pen az aj&aacute;nlat k&eacute;r&eacute;s&eacute;t, hamarosan a koll&eacute;g&aacute;nk felveszi &Ouml;nnel a kapcsolatot!'];\n\t\t\t\t\t\tcontactform.push(innerVal);\n\t\t\t\t\t\tvar innerVal = [4882,'mail_sent_ng','Egy hiba t&ouml;rt&eacute;nt az &uuml;zenet k&uuml;ld&eacute;se sor&aacute;n, a m\u0171veletet meg kell ism&eacute;telni.'];\n\t\t\t\t\t\tcontactform.push(innerVal);\n\t\t\t\t\t\tvar innerVal = [4882,'validation_error','egy vagy t&ouml;bb mez\u0151 hib&aacute;t tartalmaz, az ellen\u0151rz&eacute;st k&ouml;vet\u0151en a m\u0171veletet meg kell ism&eacute;telni.'];\n\t\t\t\t\t\tcontactform.push(innerVal);\n\t\t\t\t\t\tvar innerVal = [4882,'spam','Egy hiba t&ouml;rt&eacute;nt az &uuml;zenet k&uuml;ld&eacute;se sor&aacute;n, a m\u0171veletet meg kell ism&eacute;telni.'];\n\t\t\t\t\t\tcontactform.push(innerVal);\n\t\t\t\t\t\tvar innerVal = [4882,'accept_terms','Az &uuml;zenet elk&uuml;ld&eacute;se el\u0151tt a felt&eacute;teleket el kell fogadni.'];\n\t\t\t\t\t\tcontactform.push(innerVal);\n\t\t\t\t\t\tvar innerVal = [4882,'invalid_required','K&ouml;telez\u0151 mez\u0151'];\n\t\t\t\t\t\tcontactform.push(innerVal);\n\t\t\t\t\t\tvar innerVal = [4882,'invalid_too_long','A mez\u0151 t&uacute;l hossz&uacute;.'];\n\t\t\t\t\t\tcontactform.push(innerVal);\n\t\t\t\t\t\tvar innerVal = [4882,'invalid_too_short','A mez\u0151 t&uacute;l r&ouml;vid.'];\n\t\t\t\t\t\tcontactform.push(innerVal);\n\t\t\t\t\t\tvar innerVal = [4882,'invalid_date','Nem megfelel\u0151 a d&aacute;tum form&aacute;tuma.'];\n\t\t\t\t\t\tcontactform.push(innerVal);\n\t\t\t\t\t\tvar innerVal = [4882,'date_too_early','A d&aacute;tum kor&aacute;bbi, mint az enged&eacute;lyezett legkor&aacute;bbi id\u0151pont.'];\n\t\t\t\t\t\tcontactform.push(innerVal);\n\t\t\t\t\t\tvar innerVal = [4882,'date_too_late','A d&aacute;tum az enged&eacute;lyezett id\u0151pont ut&aacute;ni.'];\n\t\t\t\t\t\tcontactform.push(innerVal);\n\t\t\t\t\t\tvar innerVal = [4882,'upload_failed','Ismeretlen eredet\u0171 hiba t&ouml;rt&eacute;nt a f&aacute;jlfelt&ouml;lt&eacute;skor.'];\n\t\t\t\t\t\tcontactform.push(innerVal);\n\t\t\t\t\t\tvar innerVal = [4882,'upload_file_type_invalid','Nem enged&eacute;lyezett az ilyen t&iacute;pus&uacute; f&aacute;jl felt&ouml;lt&eacute;se.'];\n\t\t\t\t\t\tcontactform.push(innerVal);\n\t\t\t\t\t\tvar innerVal = [4882,'upload_file_too_large','T&uacute;l nagym&eacute;ret\u0171 a f&aacute;jl.'];\n\t\t\t\t\t\tcontactform.push(innerVal);\n\t\t\t\t\t\tvar innerVal = [4882,'upload_failed_php_error','Hiba t&ouml;rt&eacute;nt a f&aacute;jlfelt&ouml;lt&eacute;s k&ouml;zben.'];\n\t\t\t\t\t\tcontactform.push(innerVal);\n\t\t\t\t\t\tvar innerVal = [4882,'invalid_number','A sz&aacute;m form&aacute;tuma &eacute;rv&eacute;nytelen.'];\n\t\t\t\t\t\tcontactform.push(innerVal);\n\t\t\t\t\t\tvar innerVal = [4882,'number_too_small','A sz&aacute;m kisebb az enged&eacute;lyezett legkisebb sz&aacute;mn&aacute;l.'];\n\t\t\t\t\t\tcontactform.push(innerVal);\n\t\t\t\t\t\tvar innerVal = [4882,'number_too_large','A sz&aacute;m nagyobb az enged&eacute;lyezett legnagyobb sz&aacute;mn&aacute;l.'];\n\t\t\t\t\t\tcontactform.push(innerVal);\n\t\t\t\t\t\tvar innerVal = [4882,'quiz_answer_not_correct','A quiz-k&eacute;rd&eacute;sre adott v&aacute;lasz hib&aacute;s.'];\n\t\t\t\t\t\tcontactform.push(innerVal);\n\t\t\t\t\t\tvar innerVal = [4882,'captcha_not_match','A be&iacute;rt k&oacute;d t&eacute;ves'];\n\t\t\t\t\t\tcontactform.push(innerVal);\n\t\t\t\t\t\tvar innerVal = [4882,'invalid_email','A megadott e-mail c&iacute;m &eacute;rv&eacute;nytelen.'];\n\t\t\t\t\t\tcontactform.push(innerVal);\n\t\t\t\t\t\tvar innerVal = [4882,'invalid_url','Az URL C&iacute;m &eacute;rv&eacute;nytelen'];\n\t\t\t\t\t\tcontactform.push(innerVal);\n\t\t\t\t\t\tvar innerVal = [4882,'invalid_tel','A telefonsz&aacute;m &eacute;rv&eacute;nytelen.'];\n\t\t\t\t\t\tcontactform.push(innerVal);\n\t\t\t\t\t\tvar innerVal = [4882,'gdpr',''];\n\t\t\t\t\t\tcontactform.push(innerVal);\n\t\t\t\t\t\t<\/script><input type='hidden' class='wpcf7-pum' value='{\"closepopup\":false,\"closedelay\":0,\"openpopup\":false,\"openpopup_id\":0}' \/><div class=\"fusion-alert alert custom alert-custom fusion-alert-center wpcf7-response-output fusion-alert-capitalize alert-dismissable\" style=\"border-width:1px;\"><button type=\"button\" class=\"close toggle-alert\" data-dismiss=\"alert\" aria-hidden=\"true\">&times;<\/button><div class=\"fusion-alert-content-wrapper\"><span class=\"fusion-alert-content\"><\/span><\/div><\/div>\n<input type=\"hidden\" name=\"trp-form-language\" value=\"en\"\/><\/form>\n<\/div>\n<div class=\"fusion-clearfix\"><\/div><\/div><\/div><\/div><\/div>","protected":false},"excerpt":{"rendered":"","protected":false},"author":2,"featured_media":0,"parent":0,"menu_order":0,"comment_status":"closed","ping_status":"closed","template":"","meta":{"footnotes":""},"class_list":["post-4859","page","type-page","status-publish","hentry"],"_links":{"self":[{"href":"http:\/\/metmark.hu\/en\/wp-json\/wp\/v2\/pages\/4859","targetHints":{"allow":["GET"]}}],"collection":[{"href":"http:\/\/metmark.hu\/en\/wp-json\/wp\/v2\/pages"}],"about":[{"href":"http:\/\/metmark.hu\/en\/wp-json\/wp\/v2\/types\/page"}],"author":[{"embeddable":true,"href":"http:\/\/metmark.hu\/en\/wp-json\/wp\/v2\/users\/2"}],"replies":[{"embeddable":true,"href":"http:\/\/metmark.hu\/en\/wp-json\/wp\/v2\/comments?post=4859"}],"version-history":[{"count":0,"href":"http:\/\/metmark.hu\/en\/wp-json\/wp\/v2\/pages\/4859\/revisions"}],"wp:attachment":[{"href":"http:\/\/metmark.hu\/en\/wp-json\/wp\/v2\/media?parent=4859"}],"curies":[{"name":"wp","href":"https:\/\/api.w.org\/{rel}","templated":true}]}}