{"id":3648,"date":"2017-08-31T08:06:23","date_gmt":"2017-08-31T08:06:23","guid":{"rendered":"http:\/\/metmark.hu\/?page_id=3648"},"modified":"2018-04-19T14:44:57","modified_gmt":"2018-04-19T12:44:57","slug":"kapcsolat","status":"publish","type":"page","link":"http:\/\/metmark.hu\/en\/kapcsolat\/","title":{"rendered":"Kapcsolat"},"content":{"rendered":"<div class=\"fusion-fullwidth fullwidth-box fusion-builder-row-1 nonhundred-percent-fullwidth non-hundred-percent-height-scrolling\" style=\"background-color: rgba(255,255,255,0);background-position: center center;background-repeat: no-repeat;padding-top:0px;padding-right:0px;padding-bottom:60px;padding-left:0px;margin-bottom: 0px;margin-top: 0px;border-width: 0px 0px 0px 0px;border-color:#eae9e9;border-style:solid;\" ><div class=\"fusion-builder-row fusion-row\"><div class=\"fusion-layout-column fusion_builder_column fusion-builder-column-0 fusion_builder_column_1_5 1_5 fusion-one-fifth fusion-column-first\" style=\"width:20%;width:calc(20% - ( ( 4% + 4% ) * 0.2 ) );margin-right: 4%;margin-top:0px;margin-bottom:0px;\"><div class=\"fusion-column-wrapper fusion-flex-column-wrapper-legacy\" style=\"background-position:left top;background-repeat:no-repeat;-webkit-background-size:cover;-moz-background-size:cover;-o-background-size:cover;background-size:cover;padding: 0px 0px 0px 0px;\"><div class=\"fusion-clearfix\"><\/div><\/div><\/div><div class=\"fusion-layout-column fusion_builder_column fusion-builder-column-1 fusion_builder_column_3_5 3_5 fusion-three-fifth\" style=\"width:60%;width:calc(60% - ( ( 4% + 4% ) * 0.6 ) );margin-right: 4%;margin-top:0px;margin-bottom:0px;\"><div class=\"fusion-column-wrapper fusion-flex-column-wrapper-legacy\" style=\"background-position:left top;background-repeat:no-repeat;-webkit-background-size:cover;-moz-background-size:cover;-o-background-size:cover;background-size:cover;padding: 0px 0px 0px 0px;\"><div class=\"fusion-sep-clear\"><\/div><div class=\"fusion-separator fusion-full-width-sep\" style=\"margin-left: auto;margin-right: auto;margin-top:30px;margin-bottom:30px;width:100%;\"><\/div><div class=\"fusion-sep-clear\"><\/div><div class=\"fusion-text fusion-text-1\"><h2 id=\"modal-heading-1\" class=\"modal-title\" style=\"text-align: center;\" data-dismiss=\"modal\" aria-hidden=\"true\" data-fontsize=\"20\" data-lineheight=\"29\">We will call you back.<\/h2>\n<p class=\"modal-title\" style=\"text-align: center;\" data-dismiss=\"modal\" aria-hidden=\"true\" data-fontsize=\"20\" data-lineheight=\"29\">Please fill out the callback form exactly. Thank you for your interest.<\/p>\n<\/div>\n<div class=\"wpcf7 no-js\" id=\"wpcf7-f1226-o1\" lang=\"hu-HU\" dir=\"ltr\" data-wpcf7-id=\"1226\">\n<div class=\"screen-reader-response\"><p role=\"status\" aria-live=\"polite\" aria-atomic=\"true\"><\/p> <ul><\/ul><\/div>\n<form action=\"\/en\/wp-json\/wp\/v2\/pages\/3648#wpcf7-f1226-o1\" method=\"post\" class=\"wpcf7-form init\" aria-label=\"Kapcsolatfelv\u00e9teli \u0171rlap\" novalidate=\"novalidate\" data-status=\"init\" data-trp-original-action=\"\/en\/wp-json\/wp\/v2\/pages\/3648#wpcf7-f1226-o1\">\n<fieldset class=\"hidden-fields-container\"><input type=\"hidden\" name=\"_wpcf7\" value=\"1226\" \/><input type=\"hidden\" name=\"_wpcf7_version\" value=\"6.1.4\" \/><input type=\"hidden\" name=\"_wpcf7_locale\" value=\"hu_HU\" \/><input type=\"hidden\" name=\"_wpcf7_unit_tag\" value=\"wpcf7-f1226-o1\" \/><input type=\"hidden\" name=\"_wpcf7_container_post\" value=\"0\" \/><input type=\"hidden\" name=\"_wpcf7_posted_data_hash\" value=\"\" \/>\n<\/fieldset>\n<p>Name:<br \/>\n<span class=\"wpcf7-form-control-wrap\" data-name=\"your-name\"><input size=\"40\" maxlength=\"400\" class=\"wpcf7-form-control wpcf7-text wpcf7-validates-as-required\" aria-required=\"true\" aria-invalid=\"false\" value=\"\" type=\"text\" name=\"your-name\" \/><\/span>\n<\/p>\n<p>Email address:<br \/>\n<span class=\"wpcf7-form-control-wrap\" data-name=\"your-email\"><input size=\"40\" maxlength=\"400\" class=\"wpcf7-form-control wpcf7-email wpcf7-validates-as-required wpcf7-text wpcf7-validates-as-email\" aria-required=\"true\" aria-invalid=\"false\" value=\"\" type=\"email\" name=\"your-email\" \/><\/span>\n<\/p>\n<p>Mobile phone number:<br \/>\n<span class=\"wpcf7-form-control-wrap\" data-name=\"your-tel\"><input size=\"40\" maxlength=\"400\" class=\"wpcf7-form-control wpcf7-tel wpcf7-validates-as-required wpcf7-text wpcf7-validates-as-tel\" aria-required=\"true\" aria-invalid=\"false\" value=\"\" type=\"tel\" name=\"your-tel\" \/><\/span>\n<\/p>\n<p>A k\u00f6nnyebb \u00fcgyint\u00e9z\u00e9shez k\u00e9rj\u00fck, adja meg a v\u00e1rmegy\u00e9j\u00e9t:<br \/>\n<span class=\"wpcf7-form-control-wrap\" data-name=\"menu-390\"><select class=\"wpcf7-form-control wpcf7-select wpcf7-validates-as-required\" aria-required=\"true\" aria-invalid=\"false\" name=\"menu-390\"><option value=\"\">&#8212; K\u00e9rj\u00fck, v\u00e1lasszon egy opci\u00f3t &#8212;<\/option><option value=\"Budapest\">Budapest<\/option><option value=\"B\u00e1cs-Kiskun\">B\u00e1cs-Kiskun<\/option><option value=\"Baranya\">Baranya<\/option><option value=\"B\u00e9k\u00e9s\">B\u00e9k\u00e9s<\/option><option value=\"Borsod-Aba\u00faj-Zempl\u00e9n\">Borsod-Aba\u00faj-Zempl\u00e9n<\/option><option value=\"Csongr\u00e1d-Csan\u00e1d\">Csongr\u00e1d-Csan\u00e1d<\/option><option value=\"Fej\u00e9r\">Fej\u00e9r<\/option><option value=\"Gy\u0151r-Moson-Sopron\">Gy\u0151r-Moson-Sopron<\/option><option value=\"Hajd\u00fa-Bihar\">Hajd\u00fa-Bihar<\/option><option value=\"Heves\">Heves<\/option><option value=\"J\u00e1sz-Nagykun-Szolnok\">J\u00e1sz-Nagykun-Szolnok<\/option><option value=\"Kom\u00e1rom-Esztergom\">Kom\u00e1rom-Esztergom<\/option><option value=\"N\u00f3gr\u00e1d\">N\u00f3gr\u00e1d<\/option><option value=\"Pest\">Pest<\/option><option value=\"Somogy\">Somogy<\/option><option value=\"Szabolcs-Szatm\u00e1r-Bereg\">Szabolcs-Szatm\u00e1r-Bereg<\/option><option value=\"Tolna\">Tolna<\/option><option value=\"Vas\">Vas<\/option><option value=\"Veszpr\u00e9m\">Veszpr\u00e9m<\/option><option value=\"Zala\">Zala<\/option><\/select><\/span>\n<\/p>\n<p>Quotation about:<br \/>\n<span class=\"wpcf7-form-control-wrap\" data-name=\"checkbox-732\"><span class=\"wpcf7-form-control wpcf7-checkbox wpcf7-validates-as-required\"><span class=\"wpcf7-list-item first\"><input type=\"checkbox\" name=\"checkbox-732[]\" value=\"l\u00e9zer- \u00e9s plazmav\u00e1g\u00e1s\" \/><span class=\"wpcf7-list-item-label\">l\u00e9zer- \u00e9s plazmav\u00e1g\u00e1s<\/span><\/span><span class=\"wpcf7-list-item\"><input type=\"checkbox\" name=\"checkbox-732[]\" value=\"lemezmegmunk\u00e1l\u00e1s\" \/><span class=\"wpcf7-list-item-label\">lemezmegmunk\u00e1l\u00e1s<\/span><\/span><span class=\"wpcf7-list-item\"><input type=\"checkbox\" name=\"checkbox-732[]\" value=\"perfor\u00e1lt lemez\" \/><span class=\"wpcf7-list-item-label\">perforated metal sheet<\/span><\/span><span class=\"wpcf7-list-item\"><input type=\"checkbox\" name=\"checkbox-732[]\" value=\"expand\u00e1lt lemez\" \/><span class=\"wpcf7-list-item-label\">expanded metal sheet<\/span><\/span><span class=\"wpcf7-list-item\"><input type=\"checkbox\" name=\"checkbox-732[]\" value=\"j\u00e1r\u00f3r\u00e1cs\" \/><span class=\"wpcf7-list-item-label\">j\u00e1r\u00f3r\u00e1cs<\/span><\/span><span class=\"wpcf7-list-item\"><input type=\"checkbox\" name=\"checkbox-732[]\" value=\"m\u0171gyanta r\u00e1cs\" \/><span class=\"wpcf7-list-item-label\">m\u0171gyanta r\u00e1cs<\/span><\/span><span class=\"wpcf7-list-item\"><input type=\"checkbox\" name=\"checkbox-732[]\" value=\"ker\u00edt\u00e9srendszer\" \/><span class=\"wpcf7-list-item-label\">fence system<\/span><\/span><span class=\"wpcf7-list-item\"><input type=\"checkbox\" name=\"checkbox-732[]\" value=\"galambriaszt\u00e1s\" \/><span class=\"wpcf7-list-item-label\">pigeon deterrent system<\/span><\/span><span class=\"wpcf7-list-item\"><input type=\"checkbox\" name=\"checkbox-732[]\" value=\"s\u00fct\u0151ipari f\u00e9m term\u00e9k\" \/><span class=\"wpcf7-list-item-label\">s\u00fct\u0151ipari f\u00e9m term\u00e9k<\/span><\/span><span class=\"wpcf7-list-item\"><input type=\"checkbox\" name=\"checkbox-732[]\" value=\"hull\u00e1mr\u00e1cs\" \/><span class=\"wpcf7-list-item-label\">hull\u00e1mr\u00e1cs<\/span><\/span><span class=\"wpcf7-list-item\"><input type=\"checkbox\" name=\"checkbox-732[]\" value=\"ponthegesztett h\u00e1l\u00f3\" \/><span class=\"wpcf7-list-item-label\">spot welded mesh<\/span><\/span><span class=\"wpcf7-list-item\"><input type=\"checkbox\" name=\"checkbox-732[]\" value=\"NATO dr\u00f3t\" \/><span class=\"wpcf7-list-item-label\">Razor wire<\/span><\/span><span class=\"wpcf7-list-item\"><input type=\"checkbox\" name=\"checkbox-732[]\" value=\"lemezprofil \u00e9s l\u00e9pcs\u0151fok\" \/><span class=\"wpcf7-list-item-label\">lemezprofil \u00e9s l\u00e9pcs\u0151fok<\/span><\/span><span class=\"wpcf7-list-item last\"><input type=\"checkbox\" name=\"checkbox-732[]\" value=\"egy\u00e9b\" \/><span class=\"wpcf7-list-item-label\">other<\/span><\/span><\/span><\/span><br \/>\n***<br \/>\nStatement:<span class=\"wpcf7-form-control-wrap\" data-name=\"accept-adatvedelem\"><span class=\"wpcf7-form-control wpcf7-acceptance\"><span class=\"wpcf7-list-item\"><label><input type=\"checkbox\" name=\"accept-adatvedelem\" value=\"1\" aria-invalid=\"false\" \/><span class=\"wpcf7-list-item-label\">I accept the <span style=\"color: #0000ff;\"><a style=\"color: #0000ff;\" href=\"http:\/\/metmark.hu\/en\/adatvedelem\/\" target=\"_blank\" rel=\"noopener\">Privacy policy<\/a><\/span>.<\/span><\/label><\/span><\/span><\/span>\n<\/p>\n<p><input class=\"wpcf7-form-control wpcf7-submit has-spinner\" type=\"submit\" value=\"SEND\" \/>\n<\/p><noscript>\n\t\t\t<div class=\"wpcf7-response-output wpcf7-spam-blocked\">Your browser does not support JavaScript!. Please enable javascript in your browser in order to get form work properly.<\/div>\n\t<\/noscript><script type='text\/javascript'>\n\n\t\t\t\t\t\tif(contactform === undefined){\n\t\t\t\t\t\t\tvar contactform = [];\n\t\t\t\t\t\t}\n\t\t\t\t\t\tvar innerVal = [1226,'mail_sent_ok','Elk&uuml;ldve!'];\n\t\t\t\t\t\tcontactform.push(innerVal);\n\t\t\t\t\t\tvar innerVal = [1226,'mail_sent_ng','Egy hiba t&ouml;rt&eacute;nt az &uuml;zenet k&uuml;ld&eacute;se sor&aacute;n, a m\u0171veletet meg kell ism&eacute;telni.'];\n\t\t\t\t\t\tcontactform.push(innerVal);\n\t\t\t\t\t\tvar innerVal = [1226,'validation_error','egy vagy t&ouml;bb mez\u0151 hib&aacute;t tartalmaz, az ellen\u0151rz&eacute;st k&ouml;vet\u0151en a m\u0171veletet meg kell ism&eacute;telni.'];\n\t\t\t\t\t\tcontactform.push(innerVal);\n\t\t\t\t\t\tvar innerVal = [1226,'spam','Egy hiba t&ouml;rt&eacute;nt az &uuml;zenet k&uuml;ld&eacute;se sor&aacute;n, a m\u0171veletet meg kell ism&eacute;telni.'];\n\t\t\t\t\t\tcontactform.push(innerVal);\n\t\t\t\t\t\tvar innerVal = [1226,'accept_terms','Az &uuml;zenet elk&uuml;ld&eacute;se el\u0151tt a felt&eacute;teleket el kell fogadni.'];\n\t\t\t\t\t\tcontactform.push(innerVal);\n\t\t\t\t\t\tvar innerVal = [1226,'invalid_required','K&ouml;telez\u0151 mez\u0151'];\n\t\t\t\t\t\tcontactform.push(innerVal);\n\t\t\t\t\t\tvar innerVal = [1226,'invalid_too_long','A mez\u0151 t&uacute;l hossz&uacute;.'];\n\t\t\t\t\t\tcontactform.push(innerVal);\n\t\t\t\t\t\tvar innerVal = [1226,'invalid_too_short','A mez\u0151 t&uacute;l r&ouml;vid.'];\n\t\t\t\t\t\tcontactform.push(innerVal);\n\t\t\t\t\t\tvar innerVal = [1226,'upload_failed','Ismeretlen eredet\u0171 hiba t&ouml;rt&eacute;nt a f&aacute;jlfelt&ouml;lt&eacute;skor.'];\n\t\t\t\t\t\tcontactform.push(innerVal);\n\t\t\t\t\t\tvar innerVal = [1226,'upload_file_type_invalid','Nem enged&eacute;lyezett az ilyen t&iacute;pus&uacute; f&aacute;jl felt&ouml;lt&eacute;se.'];\n\t\t\t\t\t\tcontactform.push(innerVal);\n\t\t\t\t\t\tvar innerVal = [1226,'upload_file_too_large','T&uacute;l nagym&eacute;ret\u0171 a f&aacute;jl.'];\n\t\t\t\t\t\tcontactform.push(innerVal);\n\t\t\t\t\t\tvar innerVal = [1226,'upload_failed_php_error','Hiba t&ouml;rt&eacute;nt a f&aacute;jlfelt&ouml;lt&eacute;s k&ouml;zben.'];\n\t\t\t\t\t\tcontactform.push(innerVal);\n\t\t\t\t\t\tvar innerVal = [1226,'invalid_date','Nem megfelel\u0151 a d&aacute;tum form&aacute;tuma.'];\n\t\t\t\t\t\tcontactform.push(innerVal);\n\t\t\t\t\t\tvar innerVal = [1226,'date_too_early','A d&aacute;tum kor&aacute;bbi, mint az enged&eacute;lyezett legkor&aacute;bbi id\u0151pont.'];\n\t\t\t\t\t\tcontactform.push(innerVal);\n\t\t\t\t\t\tvar innerVal = [1226,'date_too_late','A d&aacute;tum az enged&eacute;lyezett id\u0151pont ut&aacute;ni.'];\n\t\t\t\t\t\tcontactform.push(innerVal);\n\t\t\t\t\t\tvar innerVal = [1226,'invalid_number','A sz&aacute;m form&aacute;tuma &eacute;rv&eacute;nytelen.'];\n\t\t\t\t\t\tcontactform.push(innerVal);\n\t\t\t\t\t\tvar innerVal = [1226,'number_too_small','A sz&aacute;m kisebb az enged&eacute;lyezett legkisebb sz&aacute;mn&aacute;l.'];\n\t\t\t\t\t\tcontactform.push(innerVal);\n\t\t\t\t\t\tvar innerVal = [1226,'number_too_large','A sz&aacute;m nagyobb az enged&eacute;lyezett legnagyobb sz&aacute;mn&aacute;l.'];\n\t\t\t\t\t\tcontactform.push(innerVal);\n\t\t\t\t\t\tvar innerVal = [1226,'quiz_answer_not_correct','A quiz-k&eacute;rd&eacute;sre adott v&aacute;lasz hib&aacute;s.'];\n\t\t\t\t\t\tcontactform.push(innerVal);\n\t\t\t\t\t\tvar innerVal = [1226,'invalid_email','A megadott e-mail c&iacute;m &eacute;rv&eacute;nytelen.'];\n\t\t\t\t\t\tcontactform.push(innerVal);\n\t\t\t\t\t\tvar innerVal = [1226,'invalid_url','Az URL C&iacute;m &eacute;rv&eacute;nytelen'];\n\t\t\t\t\t\tcontactform.push(innerVal);\n\t\t\t\t\t\tvar innerVal = [1226,'invalid_tel','A telefonsz&aacute;m &eacute;rv&eacute;nytelen.'];\n\t\t\t\t\t\tcontactform.push(innerVal);\n\t\t\t\t\t\tvar innerVal = [1226,'gdpr',''];\n\t\t\t\t\t\tcontactform.push(innerVal);\n\t\t\t\t\t\t<\/script><input type='hidden' class='wpcf7-pum' value='{\"closepopup\":false,\"closedelay\":0,\"openpopup\":false,\"openpopup_id\":0}' \/><div class=\"fusion-alert alert custom alert-custom fusion-alert-center wpcf7-response-output fusion-alert-capitalize alert-dismissable\" style=\"border-width:1px;\"><button type=\"button\" class=\"close toggle-alert\" data-dismiss=\"alert\" aria-hidden=\"true\">&times;<\/button><div class=\"fusion-alert-content-wrapper\"><span class=\"fusion-alert-content\"><\/span><\/div><\/div>\n<input type=\"hidden\" name=\"trp-form-language\" value=\"en\"\/><\/form>\n<\/div>\n<div class=\"fusion-clearfix\"><\/div><\/div><\/div><div class=\"fusion-layout-column fusion_builder_column fusion-builder-column-2 fusion_builder_column_1_5 1_5 fusion-one-fifth fusion-column-last\" style=\"width:20%;width:calc(20% - ( ( 4% + 4% ) * 0.2 ) );margin-top:0px;margin-bottom:0px;\"><div class=\"fusion-column-wrapper fusion-flex-column-wrapper-legacy\" style=\"background-position:left top;background-repeat:no-repeat;-webkit-background-size:cover;-moz-background-size:cover;-o-background-size:cover;background-size:cover;padding: 0px 0px 0px 0px;\"><div class=\"fusion-clearfix\"><\/div><\/div><\/div><\/div><\/div>","protected":false},"excerpt":{"rendered":"","protected":false},"author":2,"featured_media":0,"parent":0,"menu_order":0,"comment_status":"closed","ping_status":"closed","template":"","meta":{"footnotes":""},"class_list":["post-3648","page","type-page","status-publish","hentry"],"_links":{"self":[{"href":"http:\/\/metmark.hu\/en\/wp-json\/wp\/v2\/pages\/3648","targetHints":{"allow":["GET"]}}],"collection":[{"href":"http:\/\/metmark.hu\/en\/wp-json\/wp\/v2\/pages"}],"about":[{"href":"http:\/\/metmark.hu\/en\/wp-json\/wp\/v2\/types\/page"}],"author":[{"embeddable":true,"href":"http:\/\/metmark.hu\/en\/wp-json\/wp\/v2\/users\/2"}],"replies":[{"embeddable":true,"href":"http:\/\/metmark.hu\/en\/wp-json\/wp\/v2\/comments?post=3648"}],"version-history":[{"count":0,"href":"http:\/\/metmark.hu\/en\/wp-json\/wp\/v2\/pages\/3648\/revisions"}],"wp:attachment":[{"href":"http:\/\/metmark.hu\/en\/wp-json\/wp\/v2\/media?parent=3648"}],"curies":[{"name":"wp","href":"https:\/\/api.w.org\/{rel}","templated":true}]}}