{"id":2149,"date":"2017-06-01T10:13:38","date_gmt":"2017-06-01T10:13:38","guid":{"rendered":"http:\/\/metmark.hu\/?page_id=2149"},"modified":"2020-12-04T13:58:45","modified_gmt":"2020-12-04T12:58:45","slug":"ginop","status":"publish","type":"page","link":"http:\/\/metmark.hu\/en\/ginop\/","title":{"rendered":"GINOP"},"content":{"rendered":"<div class=\"fusion-fullwidth fullwidth-box fusion-builder-row-1 nonhundred-percent-fullwidth non-hundred-percent-height-scrolling\" style=\"background-color: rgba(255,255,255,0);background-position: left top;background-repeat: no-repeat;padding-top:3%;padding-right:0px;padding-bottom:2%;padding-left:0px;margin-bottom: 0px;margin-top: 0px;border-width: 0px 0px 0px 0px;border-color:#eae9e9;border-style:solid;\" ><div class=\"fusion-builder-row fusion-row\"><div class=\"fusion-layout-column fusion_builder_column fusion-builder-column-0 fusion_builder_column_1_1 1_1 fusion-one-full fusion-column-first fusion-column-last\" style=\"margin-top:50px;margin-bottom:25px;\"><div class=\"fusion-column-wrapper fusion-flex-column-wrapper-legacy\" style=\"background-position:left top;background-repeat:no-repeat;-webkit-background-size:cover;-moz-background-size:cover;-o-background-size:cover;background-size:cover;padding: 0px 0px 0px 0px;\"><div class=\"fusion-text fusion-text-1\"><p>GINOP-1.2.8-20-2020-00854<\/p>\n<p>A Metmark Kft \u00fczleti \u00e9s termel\u00e9si kih\u00edv\u00e1sokhoz val\u00f3 alkalmazkod\u00e1s\u00e1t seg\u00edt\u0151 fejleszt\u00e9se<\/p>\n<p><strong>V\u00e1llalkoz\u00e1sunk, a METMARK Ipari, Kereskedelmi \u00e9s Szolg\u00e1ltat\u00f3 Korl\u00e1tolt Felel\u0151ss\u00e9g\u0171 T\u00e1rsas\u00e1g 2020.09.30-\u00e1n t\u00e1mogat\u00e1st nyert el a GINOP-1.2.8-20 &#8211; A mikro-, kis- \u00e9s k\u00f6z\u00e9pv\u00e1llalkoz\u00e1sok modern \u00fczleti \u00e9s termel\u00e9si kih\u00edv\u00e1sokhoz val\u00f3 alkalmazkod\u00e1s\u00e1t seg\u00edt\u0151 fejleszt\u00e9sek t\u00e1mogat\u00e1sa p\u00e1ly\u00e1zati konstrukci\u00f3 keret\u00e9n bel\u00fcl.<\/strong><\/p>\n<p>Projekt c\u00e9lja c\u00e9g\u00fcnk versenyk\u00e9pess\u00e9g\u00e9nek \u00e9s hat\u00e9konys\u00e1g\u00e1nak n\u00f6vel\u00e9se mind eszk\u00f6z\u00f6k, mind tud\u00e1s, ismeretek n\u00f6vel\u00e9se r\u00e9v\u00e9n. Az eszk\u00f6z\u00f6ket tekintve els\u0151k\u00e9nt az informatika, mint egyik leghat\u00e1sosabb eszk\u00f6z. Az \u00faj sz\u00e1m\u00edt\u00f3g\u00e9pek gyorsabb \u00e9s biztons\u00e1gosabb munkav\u00e9gz\u00e9st tenn\u00e9nek lehet\u0151v\u00e9, hiszen a mostani haszn\u00e1lt g\u00e9pek &#8211; j\u00f3 \u00e1llapotuk ellen\u00e9re \u2013 r\u00f6videsen elavulnak. Lassabbak, nem kompatibilisek a szoftverek, nem lehet az er\u0151forr\u00e1shi\u00e1ny miatt bizonyosokat telep\u00edteni, haszn\u00e1lni. Gondot okoz t\u00f6bb, \u00f6sszetettebb program egyidej\u0171 haszn\u00e1lata sor\u00e1n a programok lassul\u00e1sa, \u201e\u00f6sszeakad\u00e1sa\u201d. Lassul a koll\u00e9g\u00e1k \u00e9s a c\u00e9ges g\u00e9pek egym\u00e1st k\u00f6zti stabil kommunik\u00e1ci\u00f3ja. Jelenleg a biztons\u00e1gos m\u0171k\u00f6d\u00e9shez nagyon gyakori a k\u00fcls\u0151 rendszergazd\u00e1k k\u00f6lts\u00e9ges ig\u00e9nybev\u00e9tele \u00e9s a kies\u0151 id\u0151, nem besz\u00e9lve az idegesked\u00e9sr\u0151l. Ez okozhat gondot a partnereinkn\u00e9l is. K\u00fcl\u00f6n\u00f6sen a j\u00e1rv\u00e1ny idej\u00e9n t\u00f6bbet haszn\u00e1lt Windows Teams, Zoom, stb. h\u00edvta fel erre a probl\u00e9m\u00e1ra a figyelmet. A notebookok eset\u00e9ben a fenti probl\u00e9m\u00e1k ugyan\u00edgy fenn\u00e1llnak, csak rontja a helyzetet, ha k\u00fcls\u0151 terepen t\u00f6rt\u00e9nik mindez. Mivel a munk\u00e1nk jelent\u0151s r\u00e9sze \u00fagy hat\u00e9kony, hogy felkeress\u00fck a partnereinket, \u00edgy ezek az eszk\u00f6z\u00f6k elengedhetetlenek. A modernebb eszk\u00f6z\u00f6kkel a szerverhez val\u00f3 kapcsol\u00f3d\u00e1s is gyorsabb, biztons\u00e1gosabb, k\u00fcls\u0151 \u00e9s otthoni munka eset\u00e9n is. C\u00e9gmeg\u00edt\u00e9l\u00e9s, image szempontj\u00e1b\u00f3l is jelent\u0151s sokszor egy \u201ejobb\u201d eszk\u00f6z. Megl\u00e9v\u0151 nyomtat\u00f3ink m\u00e1r k\u00f6zel sem a cs\u00facskateg\u00f3ri\u00e1ba tartoznak, ami a tervrajzok, \u00e9s egy\u00e9b, nagy felbont\u00e1s\u00fa k\u00e9pek nyomtat\u00e1s\u00e1n\u00e1l h\u00e1tr\u00e1nyt jelent. Nem besz\u00e9lve arr\u00f3l, ha az \u00fczleti partnerek fel\u00e9 kell kinyomtatott anyagokat prezent\u00e1lnunk. Emellett azzal is sok id\u0151t veszt\u00fcnk, amikor az egyik helyis\u00e9gb\u0151l a m\u00e1sikba kell szaladg\u00e1lni. \u00c9s term\u00e9szetesen itt is a k\u00f6lts\u00e9gek j\u00f3val magasabbak. Emellett az energiafelhaszn\u00e1l\u00e1s cs\u00f6kkent\u00e9se is c\u00e9lunk, ami a tudatos k\u00f6rnyezetv\u00e9delemnek r\u00e9sze. A marketing k\u00f6lts\u00e9geket is jelent\u0151sen cs\u00f6kkenten\u00e9, ha a prospektusok, \u00e9s egy\u00e9b rekl\u00e1m anyagok nyomtat\u00e1s\u00e1t helyben meg tudn\u00e1nk oldani. Nem elhanyagolhat\u00f3, hogy sz\u00e1m\u00edt\u00f3g\u00e9pes munkak\u00f6rnyezet, zaj \u00f6nmag\u00e1ban is eg\u00e9szs\u00e9gk\u00e1ros\u00edt\u00f3 hat\u00e1s\u00fa, ez\u00e9rt k\u00fcl\u00f6n\u00f6s odafigyel\u00e9st ig\u00e9nyel a munkahelyek kialak\u00edt\u00e1s\u00e1n\u00e1l a legmegfelel\u0151bb \u00e9s legkorszer\u0171bb eszk\u00f6z\u00f6k beszerz\u00e9se. Bizonyoss\u00e1ggal kijelenthet\u0151, hogy az el\u0151z\u0151ek hozz\u00e1j\u00e1rulnak a koll\u00e9g\u00e1ink hat\u00e9konyabb \u00e9s eg\u00e9szs\u00e9gesebb munkav\u00e9gz\u00e9s\u00e9hez, pszich\u00e9s terhel\u00e9s cs\u00f6kken\u00e9s\u00e9hez \u00e9s kimutathat\u00f3 eredm\u00e9nyn\u00f6veked\u00e9shez, munkahelymegtart\u00e1shoz\/n\u00f6vel\u00e9shez. C\u00e9g\u00fcnk forgalma indokolja, hogy rakt\u00e1rainkat b\u0151v\u00edts\u00fck, a k\u00e9szleteinket n\u00f6velj\u00fck, \u00e9s ezzel egy\u00fctt a v\u00e1roson \u00e9s orsz\u00e1gon bel\u00fcli kisz\u00e1ll\u00edt\u00e1st is el\u0151t\u00e9rbe helyezz\u00fck, hiszen a n\u00f6vekv\u0151 kereslet az \u00e1ltalunk forgalmazott term\u00e9kek ir\u00e1nt ezt indokolja. Mivel egyre t\u00f6bben k\u00e9rik, hogy h\u00e1zt\u00f3l h\u00e1zig sz\u00e1ll\u00edtsuk ki a v\u00e1s\u00e1rolt term\u00e9keket, a targonc\u00e1k haszn\u00e1lata n\u00e9lk\u00fcl\u00f6zhetetlen sz\u00e1munkra a teherg\u00e9pkocsira t\u00f6rt\u00e9n\u0151 fel-\u00e9s lerak\u00e1s sor\u00e1n, illetve a rakt\u00e1ron bel\u00fcli \u00e1rumozgat\u00e1shoz. Jelenlegi targonc\u00e1ink nagyon elavultak, rengeteg \u00e9s k\u00f6lts\u00e9ges jav\u00edt\u00e1st, karbantart\u00e1st ig\u00e9nyelnek. Ha ezen nem tudunk v\u00e1ltoztatni, akkor az rontani fogja a versenyk\u00e9pess\u00e9g\u00fcnket \u00e9s eredm\u00e9nyeinket. Direkt olyanokat v\u00e1lasztottunk, ahol a terhelhet\u0151s\u00e9g \u00e9s a garancia megfelel\u0151. \u00c9s term\u00e9szetesen itt is kiemelked\u0151en fontos munkat\u00e1rsaink eg\u00e9szs\u00e9gv\u00e9delme \u00e9s a k\u00f6rnyezetszennyez\u00e9s cs\u00f6kkent\u00e9s, aminek pedig makro\u00f6kon\u00f3miai hat\u00e1sa van, ha sokan tudatosan. B\u0151v\u00fcl\u0151, komplex \u00e9s a piaci ig\u00e9nyeket kiel\u00e9g\u00edt\u0151 tev\u00e9kenys\u00e9g\u00fcnk sor\u00e1n gyakran nem tudtunk olyan munk\u00e1kat elv\u00e1llalni, melyekhez hegeszt\u0151g\u00e9pre\/asztalra lett volna sz\u00fcks\u00e9g\u00fcnk. Ha m\u00e9gis elv\u00e1llaltuk, akkor csak alv\u00e1llalkoz\u00f3k bevon\u00e1s\u00e1val tudtunk kivitelezni, ami \u201ef\u00fcgg\u0151v\u00e9\u201d tette c\u00e9g\u00fcnket m\u00e1s v\u00e1llalkoz\u00e1sokt\u00f3l. Az effajta kiszolg\u00e1ltatotts\u00e1got szeretn\u00e9nk elker\u00fclni az \u00faj hegeszt\u0151asztal beszerz\u00e9s\u00e9vel. Hiszen kereslet folyamatosan n\u00f6vekszik. Emellett ezzel is munkahelyet lehetne teremteni szakember sz\u00e1m\u00e1ra.<\/p>\n<p>Az Eur\u00f3pai Uni\u00f3 \u00e9s a Magyar \u00c1llam \u00e1ltal ny\u00fajtott t\u00e1mogat\u00e1s \u00f6sszege: <strong>24 488 268 <\/strong>Forint.<\/p>\n<\/div><div class=\"fusion-sep-clear\"><\/div><div class=\"fusion-separator fusion-full-width-sep\" style=\"margin-left: auto;margin-right: auto;width:100%;\"><div class=\"fusion-separator-border sep-double sep-solid\" style=\"border-color:#eae8e8;border-top-width:2px;border-bottom-width:2px;\"><\/div><\/div><div class=\"fusion-sep-clear\"><\/div><div class=\"fusion-sep-clear\"><\/div><div class=\"fusion-separator fusion-no-large-visibility fusion-full-width-sep\" style=\"margin-left: auto;margin-right: auto;width:100%;\"><div class=\"fusion-separator-border sep-single\" style=\"border-color:#eae8e8;border-top-width:2px;\"><\/div><\/div><div class=\"fusion-sep-clear\"><\/div><div class=\"fusion-text fusion-text-2\"><p>GINOP-1.3.1-15-2015-00020<\/p>\n<p>GINOP Nyertes P\u00e1ly\u00e1zat 2015 &#8211; Metmark Kft.<\/p>\n<p>A METMARK Kft. rom\u00e1n piaci megjelen\u00e9s\u00e9nek t\u00e1mogat\u00e1sa.<\/p>\n<p>A kedvezm\u00e9nyezett neve: METMARK Ipari, Kereskedelmi \u00e9s Szolg\u00e1ltat\u00f3 Korl\u00e1tolt Felel\u0151ss\u00e9g\u0171 T\u00e1rsas\u00e1g<\/p>\n<p>A projekt c\u00edme: A METMARK Kft. rom\u00e1n piaci megjelen\u00e9s\u00e9nek t\u00e1mogat\u00e1sa<\/p>\n<p>A \u00a0szerz\u0151d\u00f6tt t\u00e1mogat\u00e1s \u00f6sszege: 4 489 473 HUF<\/p>\n<p>A t\u00e1mogat\u00e1s m\u00e9rt\u00e9ke (%-ban): 50%<\/p>\n<p>A projekt tartalm\u00e1nak bemutat\u00e1sa:<\/p>\n<p>A projekt megval\u00f3sult, az \u00e1rubemutat\u00f3k sikeresen lezajlottak Rom\u00e1ni\u00e1ban. A rom\u00e1n \u00e1rubemutat\u00f3kkal ismertebb\u00e9 v\u00e1lt v\u00e1llalatunk neve, valamint a bemutatott term\u00e9keink n\u00e9pszer\u0171s\u00edt\u00e9se is megt\u00f6rt\u00e9nt. A Metmark Kft. jelen volt \u00e9s jelen van a rom\u00e1n piacon, viszont ezt a jelenl\u00e9t\u00e9t ennek a projektnek a megval\u00f3sul\u00e1sa tov\u00e1bb er\u0151s\u00edtette a megrendez\u00e9sre ker\u00fclt sikeres \u00e1rubemutat\u00f3kkal. Jelen p\u00e1ly\u00e1zat keret\u00e9ben 2 darab \u00e1rubemutat\u00f3 ker\u00fclt megrendez\u00e9sre, valamint a k\u00fclpiacra jut\u00e1s el\u0151seg\u00edt\u00e9s\u00e9t c\u00e9lz\u00f3 egy\u00e9b szolg\u00e1ltat\u00e1sok is megval\u00f3sultak. Piacelemz\u00e9s k\u00e9sz\u00fclt, a marketing tan\u00e1csad\u00e1s eredm\u00e9nyek\u00e9nt marketing terv k\u00e9sz\u00fclt, a marketing anyagok is elk\u00e9sz\u00fcltek az \u00e1rubemutat\u00f3khoz, valamint a megl\u00e9v\u0151 honlap tov\u00e1bbfejleszt\u00e9se is megt\u00f6rt\u00e9nt rom\u00e1n nyelvre.<\/p>\n<p>A b\u00e1k\u00f3i \u00e1rubemutat\u00f3 id\u0151pontja: 2016. j\u00fanius 1. volt. Az \u00e1rubemutat\u00f3 c\u00e9lk\u00f6z\u00f6ns\u00e9ge az \u00e9lelmiszeripari v\u00e1llalkoz\u00e1sok k\u00e9pvisel\u0151i, d\u00f6nt\u00e9shoz\u00f3i, \u00e9rt\u00e9kes\u00edt\u0151i. Az \u00e1rubemutat\u00f3n els\u0151sorban a Metmark Kft. f\u00e9mipari term\u00e9ke a s\u00fct\u0151lemez \u00e9s annak el\u0151nyei, haszn\u00e1lati form\u00e1i, m\u00f3djai ker\u00fcltek bemutat\u00e1sra, referenci\u00e1kkal n\u00e9pszer\u0171s\u00edtve.<\/p>\n<p>A bukaresti \u00e1rubemutat\u00f3 id\u0151pontja: 2016. m\u00e1jus 31. volt, a c\u00e9lk\u00f6z\u00f6ns\u00e9ge magas\u00e9p\u00edt\u0151 c\u00e9gek, tervez\u0151irod\u00e1k, bels\u0151\u00e9p\u00edt\u00e9szettel, kivitelez\u00e9ssel, v\u00e1rosrendez\u00e9ssel, parkrendez\u00e9ssel, ipari g\u00e9pekkel \u00e9s berendez\u00e9sekkel foglalkoz\u00f3 gy\u00e1rt\u00f3k, forgalmaz\u00f3k, tervez\u0151k k\u00e9pvisel\u0151i, d\u00f6nt\u00e9shoz\u00f3i, \u00e9rt\u00e9kes\u00edt\u0151i. Az \u00e1rubemutat\u00f3n a Metmark Kft. f\u00e9mipari term\u00e9k\u00e9t a perfor\u00e1lt lemezt mutattuk be, annak el\u0151nyeit, haszn\u00e1lati form\u00e1it, m\u00f3djait, referenci\u00e1kkal n\u00e9pszer\u0171s\u00edtett\u00fck.<\/p>\n<p>A projekt befejez\u00e9si d\u00e1tuma: 2016.06.01<\/p>\n<\/div><div class=\"fusion-clearfix\"><\/div><\/div><\/div><\/div><\/div>","protected":false},"excerpt":{"rendered":"","protected":false},"author":2,"featured_media":0,"parent":0,"menu_order":0,"comment_status":"closed","ping_status":"closed","template":"100-width.php","meta":{"footnotes":""},"class_list":["post-2149","page","type-page","status-publish","hentry"],"_links":{"self":[{"href":"http:\/\/metmark.hu\/en\/wp-json\/wp\/v2\/pages\/2149","targetHints":{"allow":["GET"]}}],"collection":[{"href":"http:\/\/metmark.hu\/en\/wp-json\/wp\/v2\/pages"}],"about":[{"href":"http:\/\/metmark.hu\/en\/wp-json\/wp\/v2\/types\/page"}],"author":[{"embeddable":true,"href":"http:\/\/metmark.hu\/en\/wp-json\/wp\/v2\/users\/2"}],"replies":[{"embeddable":true,"href":"http:\/\/metmark.hu\/en\/wp-json\/wp\/v2\/comments?post=2149"}],"version-history":[{"count":0,"href":"http:\/\/metmark.hu\/en\/wp-json\/wp\/v2\/pages\/2149\/revisions"}],"wp:attachment":[{"href":"http:\/\/metmark.hu\/en\/wp-json\/wp\/v2\/media?parent=2149"}],"curies":[{"name":"wp","href":"https:\/\/api.w.org\/{rel}","templated":true}]}}