{"id":1418,"date":"2017-05-24T09:34:57","date_gmt":"2017-05-24T09:34:57","guid":{"rendered":"http:\/\/localhost\/metmark\/?page_id=1418"},"modified":"2024-11-07T16:13:26","modified_gmt":"2024-11-07T15:13:26","slug":"impresszum","status":"publish","type":"page","link":"http:\/\/metmark.hu\/en\/impresszum\/","title":{"rendered":"Impress"},"content":{"rendered":"<div class=\"fusion-fullwidth fullwidth-box fusion-builder-row-1 nonhundred-percent-fullwidth non-hundred-percent-height-scrolling\" style=\"background-color: rgba(255,255,255,0);background-position: left top;background-repeat: no-repeat;padding-top:3%;padding-right:0px;padding-bottom:2%;padding-left:0px;margin-bottom: 0px;margin-top: 0px;border-width: 0px 0px 0px 0px;border-color:#eae9e9;border-style:solid;\" ><div class=\"fusion-builder-row fusion-row\"><div class=\"fusion-layout-column fusion_builder_column fusion-builder-column-0 fusion_builder_column_1_1 1_1 fusion-one-full fusion-column-first fusion-column-last\" style=\"margin-top:50px;margin-bottom:25px;\"><div class=\"fusion-column-wrapper fusion-flex-column-wrapper-legacy\" style=\"background-position:left top;background-repeat:no-repeat;-webkit-background-size:cover;-moz-background-size:cover;-o-background-size:cover;background-size:cover;padding: 0px 0px 0px 0px;\"><div class=\"fusion-text fusion-text-1\"><p><strong>Operator of the website: <\/strong>Metmark Ipari, Kereskedelmi \u00e9s Szolg\u00e1ltat\u00f3 Kft.<\/p>\n<p><strong>Headquarter: <\/strong>H-7100 Szeksz\u00e1rd, Pollack Mih\u00e1ly utca 71.<\/p>\n<p><strong>Registration no.: <\/strong>CG 17-09-004586<\/p>\n<p><strong>VAT: <\/strong>12924734-2-17<\/p>\n<p><strong>VAT\/MWST ID Nr.: <\/strong>HU12924734<\/p>\n<p><strong>VPID: <\/strong>HU 0002204138<\/p>\n<p><strong>Bank: <\/strong>OTP Bank Zrt. department of Szekszard<\/p>\n<p><strong>HUF account: <\/strong>11746005-20136679-00000000<\/p>\n<p><strong>EUR IBAN account:<\/strong> HU18 11763464-25956881-00000000<\/p>\n<p><strong>SWIFT:<\/strong> OTPVHUHB<\/p>\n<p><strong>Mailing address:<\/strong> H-7100 Szeksz\u00e1rd, Pollack Mih\u00e1ly utca 71.<\/p>\n<p><strong>Managing directors: <\/strong>Kerekes Csaba \u00e9s Hossz\u00fa L\u00e1szl\u00f3<\/p>\n<p><strong style=\"background-color: rgba(255, 255, 255, 0); color: var(--body_typography-color); font-family: var(--body_typography-font-family); font-size: var(--body_typography-font-size); font-style: var(--body_typography-font-style,normal); letter-spacing: var(--body_typography-letter-spacing);\">Server operation: <\/strong><span style=\"background-color: rgba(255, 255, 255, 0); color: var(--body_typography-color); font-family: var(--body_typography-font-family); font-size: var(--body_typography-font-size); font-style: var(--body_typography-font-style,normal); font-weight: var(--body_typography-font-weight); letter-spacing: var(--body_typography-letter-spacing);\">T\u00e1rhely.EU. Kft. (tarhely.eu) 1144 Budapest, Orm\u00e1ns\u00e1g u. 4.<\/span><\/p>\n<p>All informations, documents and any other written data is only published on this website for information purposes. Metmark Kft. informs you that by visiting our website you accept the following terms and conditions:<\/p>\n<ul>\n<li>The websites of Metmark Kft., and all the content on these websites are under legal protection. Only Metmark Kft. is entitled to exercise the rights over all content.<\/li>\n<li>It is forbidden to use or to store any parts of the website without the written agreement of Metmark Kft. However Metmark Kft. allows to download or print the content of this website only for personal usage.<\/li>\n<li>All the content of this website should be understood and interpreted as it was originally written, without any changes in it. If any change has happened in the content independently from Metmark Kft., we don't take any responsibility about the accuracy, reliability, actuality or content of the website, the documents or any written information published on the website.<\/li>\n<li>Metmark Kft. holds all rights to change the content of the website at any time, to limit the access of the website or to delete it. Metmark Kft. does not guarantee that the access to the website will be continuous or faultless. We do not take any resposibility or loss caused by the improper operation, failure or breakdown of the website.<\/li>\n<li>Metmark Kft. does not take any responsibility about any content created, stored, forwarded or published by third parties, which are linked to our website or which can be reached through links on our website.<\/li>\n<li>Some websites of Metmark Kft. may contain provisions which differ from the ones above and are in accordance with the law. Knowing and accepting the current provision is a condition to use our services.<\/li>\n<\/ul>\n<\/div><div class=\"fusion-clearfix\"><\/div><\/div><\/div><\/div><\/div>","protected":false},"excerpt":{"rendered":"","protected":false},"author":2,"featured_media":0,"parent":0,"menu_order":0,"comment_status":"closed","ping_status":"closed","template":"100-width.php","meta":{"footnotes":""},"class_list":["post-1418","page","type-page","status-publish","hentry"],"_links":{"self":[{"href":"http:\/\/metmark.hu\/en\/wp-json\/wp\/v2\/pages\/1418","targetHints":{"allow":["GET"]}}],"collection":[{"href":"http:\/\/metmark.hu\/en\/wp-json\/wp\/v2\/pages"}],"about":[{"href":"http:\/\/metmark.hu\/en\/wp-json\/wp\/v2\/types\/page"}],"author":[{"embeddable":true,"href":"http:\/\/metmark.hu\/en\/wp-json\/wp\/v2\/users\/2"}],"replies":[{"embeddable":true,"href":"http:\/\/metmark.hu\/en\/wp-json\/wp\/v2\/comments?post=1418"}],"version-history":[{"count":0,"href":"http:\/\/metmark.hu\/en\/wp-json\/wp\/v2\/pages\/1418\/revisions"}],"wp:attachment":[{"href":"http:\/\/metmark.hu\/en\/wp-json\/wp\/v2\/media?parent=1418"}],"curies":[{"name":"wp","href":"https:\/\/api.w.org\/{rel}","templated":true}]}}